{"id":1925,"date":"2015-06-23T09:23:39","date_gmt":"2015-06-23T09:23:39","guid":{"rendered":"https:\/\/sakumetall.rwd.ee\/allhanketehas\/ru\/ettevottest\/sertifikaadid\/"},"modified":"2018-06-19T15:22:35","modified_gmt":"2018-06-19T13:22:35","slug":"sertifikaadid","status":"publish","type":"page","link":"https:\/\/sakumetall.rwd.ee\/allhanketehas\/ru\/sertifikaadid\/","title":{"rendered":"Sertifikaadid"},"content":{"rendered":"<h1>Sertifikaadid<\/h1>\n<ul style=\"list-style-type: square;\">\n<li>Alates aastast 2004 on Saku Metall AS juurutatud kvaliteedijuhtimiss\u00fcsteem, mis vastab standardi ISO 9001 n\u00f5uetele.<\/li>\n<li>Alates aastast 2010 on Saku Metall AS kvaliteedijuhtimiss\u00fcsteem\u00a0 integreeritud keskkonnajuhtimiss\u00fcsteemiga,\u00a0mis vastab standardite ISO 9001:2015 ja ISO 14001:2015 n\u00f5uetele.<\/li>\n<li>K\u00f5ikidele oma toormaterjalidele oleme valmis pakkuma tootjapoolset standardile EN ISO 10204 tase 3.1 vastavat sertifikaati.<\/li>\n<\/ul>\n<div id='gallery-1' class='gallery galleryid-1925 gallery-columns-4 gallery-size-single-work-thumb'><figure class='gallery-item'>\n\t\t\t<div class='gallery-icon portrait'>\n\t\t\t\t<a href='https:\/\/sakumetall.rwd.ee\/allhanketehas\/wp-content\/uploads\/sites\/3\/2016\/07\/9001-2015-EST.png'><img loading=\"lazy\" decoding=\"async\" width=\"150\" height=\"100\" src=\"https:\/\/sakumetall.rwd.ee\/allhanketehas\/wp-content\/uploads\/sites\/3\/2016\/07\/9001-2015-EST-150x100.png\" class=\"attachment-single-work-thumb size-single-work-thumb\" alt=\"\" aria-describedby=\"gallery-1-2842\" srcset=\"https:\/\/sakumetall.rwd.ee\/allhanketehas\/wp-content\/uploads\/sites\/3\/2016\/07\/9001-2015-EST-150x100.png 150w, https:\/\/sakumetall.rwd.ee\/allhanketehas\/wp-content\/uploads\/sites\/3\/2016\/07\/9001-2015-EST-285x190.png 285w\" sizes=\"auto, (max-width: 150px) 100vw, 150px\" \/><\/a>\n\t\t\t<\/div>\n\t\t\t\t<figcaption class='wp-caption-text gallery-caption' id='gallery-1-2842'>\n\t\t\t\tISO 9001:2015\n\t\t\t\t<\/figcaption><\/figure><figure class='gallery-item'>\n\t\t\t<div class='gallery-icon portrait'>\n\t\t\t\t<a href='https:\/\/sakumetall.rwd.ee\/allhanketehas\/wp-content\/uploads\/sites\/3\/2016\/07\/14001-2015-EST.png'><img loading=\"lazy\" decoding=\"async\" width=\"150\" height=\"100\" src=\"https:\/\/sakumetall.rwd.ee\/allhanketehas\/wp-content\/uploads\/sites\/3\/2016\/07\/14001-2015-EST-150x100.png\" class=\"attachment-single-work-thumb size-single-work-thumb\" alt=\"\" aria-describedby=\"gallery-1-2844\" srcset=\"https:\/\/sakumetall.rwd.ee\/allhanketehas\/wp-content\/uploads\/sites\/3\/2016\/07\/14001-2015-EST-150x100.png 150w, https:\/\/sakumetall.rwd.ee\/allhanketehas\/wp-content\/uploads\/sites\/3\/2016\/07\/14001-2015-EST-285x190.png 285w\" sizes=\"auto, (max-width: 150px) 100vw, 150px\" \/><\/a>\n\t\t\t<\/div>\n\t\t\t\t<figcaption class='wp-caption-text gallery-caption' id='gallery-1-2844'>\n\t\t\t\tISO 14001:2015\n\t\t\t\t<\/figcaption><\/figure><figure class='gallery-item'>\n\t\t\t<div class='gallery-icon portrait'>\n\t\t\t\t<a href='https:\/\/sakumetall.rwd.ee\/allhanketehas\/wp-content\/uploads\/sites\/3\/2015\/06\/Page1.jpg'><img loading=\"lazy\" decoding=\"async\" width=\"150\" height=\"100\" src=\"https:\/\/sakumetall.rwd.ee\/allhanketehas\/wp-content\/uploads\/sites\/3\/2015\/06\/Page1-150x100.jpg\" class=\"attachment-single-work-thumb size-single-work-thumb\" alt=\"\" aria-describedby=\"gallery-1-1835\" srcset=\"https:\/\/sakumetall.rwd.ee\/allhanketehas\/wp-content\/uploads\/sites\/3\/2015\/06\/Page1-150x100.jpg 150w, https:\/\/sakumetall.rwd.ee\/allhanketehas\/wp-content\/uploads\/sites\/3\/2015\/06\/Page1-285x190.jpg 285w\" sizes=\"auto, (max-width: 150px) 100vw, 150px\" \/><\/a>\n\t\t\t<\/div>\n\t\t\t\t<figcaption class='wp-caption-text gallery-caption' id='gallery-1-1835'>\n\t\t\t\tEVS-EN ISO 3834-2:2005\n\t\t\t\t<\/figcaption><\/figure><figure class='gallery-item'>\n\t\t\t<div class='gallery-icon portrait'>\n\t\t\t\t<a href='https:\/\/sakumetall.rwd.ee\/allhanketehas\/wp-content\/uploads\/sites\/3\/2015\/06\/Certificate-EN-15085-2-CL1-AS-Saku-Metall-Allhanke-Tehas-page-001.jpg'><img loading=\"lazy\" decoding=\"async\" width=\"150\" height=\"100\" src=\"https:\/\/sakumetall.rwd.ee\/allhanketehas\/wp-content\/uploads\/sites\/3\/2015\/06\/Certificate-EN-15085-2-CL1-AS-Saku-Metall-Allhanke-Tehas-page-001-150x100.jpg\" class=\"attachment-single-work-thumb size-single-work-thumb\" alt=\"\" aria-describedby=\"gallery-1-1818\" srcset=\"https:\/\/sakumetall.rwd.ee\/allhanketehas\/wp-content\/uploads\/sites\/3\/2015\/06\/Certificate-EN-15085-2-CL1-AS-Saku-Metall-Allhanke-Tehas-page-001-150x100.jpg 150w, https:\/\/sakumetall.rwd.ee\/allhanketehas\/wp-content\/uploads\/sites\/3\/2015\/06\/Certificate-EN-15085-2-CL1-AS-Saku-Metall-Allhanke-Tehas-page-001-285x190.jpg 285w\" sizes=\"auto, (max-width: 150px) 100vw, 150px\" \/><\/a>\n\t\t\t<\/div>\n\t\t\t\t<figcaption class='wp-caption-text gallery-caption' id='gallery-1-1818'>\n\t\t\t\tEN 15085-2 CL1\n\t\t\t\t<\/figcaption><\/figure>\n\t\t<\/div>\n\n","protected":false},"excerpt":{"rendered":"<p>Sertifikaadid Alates aastast 2004 on Saku Metall AS juurutatud kvaliteedijuhtimiss\u00fcsteem, mis vastab standardi ISO 9001 n\u00f5uetele. Alates aastast 2010 on Saku Metall AS kvaliteedijuhtimiss\u00fcsteem\u00a0 integreeritud keskkonnajuhtimiss\u00fcsteemiga,\u00a0mis vastab standardite ISO 9001:2015 ja ISO 14001:2015 n\u00f5uetele. K\u00f5ikidele oma toormaterjalidele oleme valmis pakkuma tootjapoolset standardile EN ISO 10204 tase 3.1 vastavat sertifikaati.<\/p>\n","protected":false},"author":1,"featured_media":0,"parent":0,"menu_order":4,"comment_status":"closed","ping_status":"closed","template":"","meta":{"footnotes":""},"class_list":["post-1925","page","type-page","status-publish","hentry"],"yoast_head":"<!-- This site is optimized with the Yoast SEO plugin v27.3 - https:\/\/yoast.com\/product\/yoast-seo-wordpress\/ -->\n<title>Sertifikaadid - Saku Metall Allhanke Tehas<\/title>\n<meta name=\"robots\" content=\"index, follow, max-snippet:-1, max-image-preview:large, max-video-preview:-1\" \/>\n<link rel=\"canonical\" href=\"https:\/\/sakumetall.rwd.ee\/allhanketehas\/ru\/sertifikaadid\/\" \/>\n<meta property=\"og:locale\" content=\"ru_RU\" \/>\n<meta property=\"og:type\" content=\"article\" \/>\n<meta property=\"og:title\" content=\"Sertifikaadid - Saku Metall Allhanke Tehas\" \/>\n<meta property=\"og:description\" content=\"Sertifikaadid Alates aastast 2004 on Saku Metall AS juurutatud kvaliteedijuhtimiss\u00fcsteem, mis vastab standardi ISO 9001 n\u00f5uetele. Alates aastast 2010 on Saku Metall AS kvaliteedijuhtimiss\u00fcsteem\u00a0 integreeritud keskkonnajuhtimiss\u00fcsteemiga,\u00a0mis vastab standardite ISO 9001:2015 ja ISO 14001:2015 n\u00f5uetele. K\u00f5ikidele oma toormaterjalidele oleme valmis pakkuma tootjapoolset standardile EN ISO 10204 tase 3.1 vastavat sertifikaati.\" \/>\n<meta property=\"og:url\" content=\"https:\/\/sakumetall.rwd.ee\/allhanketehas\/ru\/sertifikaadid\/\" \/>\n<meta property=\"og:site_name\" content=\"Saku Metall Allhanke Tehas\" \/>\n<meta property=\"article:modified_time\" content=\"2018-06-19T13:22:35+00:00\" \/>\n<meta property=\"og:image\" content=\"https:\/\/sakumetall.rwd.ee\/allhanketehas\/wp-content\/uploads\/sites\/3\/2016\/07\/9001-2015-EST-150x100.png\" \/>\n<meta name=\"twitter:card\" content=\"summary_large_image\" \/>\n<script type=\"application\/ld+json\" class=\"yoast-schema-graph\">{\"@context\":\"https:\\\/\\\/schema.org\",\"@graph\":[{\"@type\":\"WebPage\",\"@id\":\"https:\\\/\\\/sakumetall.rwd.ee\\\/allhanketehas\\\/ru\\\/sertifikaadid\\\/\",\"url\":\"https:\\\/\\\/sakumetall.rwd.ee\\\/allhanketehas\\\/ru\\\/sertifikaadid\\\/\",\"name\":\"Sertifikaadid - Saku Metall Allhanke Tehas\",\"isPartOf\":{\"@id\":\"https:\\\/\\\/sakumetall.rwd.ee\\\/allhanketehas\\\/ru\\\/#website\"},\"datePublished\":\"2015-06-23T09:23:39+00:00\",\"dateModified\":\"2018-06-19T13:22:35+00:00\",\"breadcrumb\":{\"@id\":\"https:\\\/\\\/sakumetall.rwd.ee\\\/allhanketehas\\\/ru\\\/sertifikaadid\\\/#breadcrumb\"},\"inLanguage\":\"ru-RU\",\"potentialAction\":[{\"@type\":\"ReadAction\",\"target\":[\"https:\\\/\\\/sakumetall.rwd.ee\\\/allhanketehas\\\/ru\\\/sertifikaadid\\\/\"]}]},{\"@type\":\"BreadcrumbList\",\"@id\":\"https:\\\/\\\/sakumetall.rwd.ee\\\/allhanketehas\\\/ru\\\/sertifikaadid\\\/#breadcrumb\",\"itemListElement\":[{\"@type\":\"ListItem\",\"position\":1,\"name\":\"Home\",\"item\":\"https:\\\/\\\/sakumetall.rwd.ee\\\/allhanketehas\\\/ru\\\/\"},{\"@type\":\"ListItem\",\"position\":2,\"name\":\"Sertifikaadid\"}]},{\"@type\":\"WebSite\",\"@id\":\"https:\\\/\\\/sakumetall.rwd.ee\\\/allhanketehas\\\/ru\\\/#website\",\"url\":\"https:\\\/\\\/sakumetall.rwd.ee\\\/allhanketehas\\\/ru\\\/\",\"name\":\"Saku Metall Allhanke Tehas\",\"description\":\"Information about the company\",\"potentialAction\":[{\"@type\":\"SearchAction\",\"target\":{\"@type\":\"EntryPoint\",\"urlTemplate\":\"https:\\\/\\\/sakumetall.rwd.ee\\\/allhanketehas\\\/ru\\\/?s={search_term_string}\"},\"query-input\":{\"@type\":\"PropertyValueSpecification\",\"valueRequired\":true,\"valueName\":\"search_term_string\"}}],\"inLanguage\":\"ru-RU\"}]}<\/script>\n<!-- \/ Yoast SEO plugin. -->","yoast_head_json":{"title":"Sertifikaadid - Saku Metall Allhanke Tehas","robots":{"index":"index","follow":"follow","max-snippet":"max-snippet:-1","max-image-preview":"max-image-preview:large","max-video-preview":"max-video-preview:-1"},"canonical":"https:\/\/sakumetall.rwd.ee\/allhanketehas\/ru\/sertifikaadid\/","og_locale":"ru_RU","og_type":"article","og_title":"Sertifikaadid - Saku Metall Allhanke Tehas","og_description":"Sertifikaadid Alates aastast 2004 on Saku Metall AS juurutatud kvaliteedijuhtimiss\u00fcsteem, mis vastab standardi ISO 9001 n\u00f5uetele. Alates aastast 2010 on Saku Metall AS kvaliteedijuhtimiss\u00fcsteem\u00a0 integreeritud keskkonnajuhtimiss\u00fcsteemiga,\u00a0mis vastab standardite ISO 9001:2015 ja ISO 14001:2015 n\u00f5uetele. K\u00f5ikidele oma toormaterjalidele oleme valmis pakkuma tootjapoolset standardile EN ISO 10204 tase 3.1 vastavat sertifikaati.","og_url":"https:\/\/sakumetall.rwd.ee\/allhanketehas\/ru\/sertifikaadid\/","og_site_name":"Saku Metall Allhanke Tehas","article_modified_time":"2018-06-19T13:22:35+00:00","og_image":[{"url":"https:\/\/sakumetall.rwd.ee\/allhanketehas\/wp-content\/uploads\/sites\/3\/2016\/07\/9001-2015-EST-150x100.png","type":"","width":"","height":""}],"twitter_card":"summary_large_image","schema":{"@context":"https:\/\/schema.org","@graph":[{"@type":"WebPage","@id":"https:\/\/sakumetall.rwd.ee\/allhanketehas\/ru\/sertifikaadid\/","url":"https:\/\/sakumetall.rwd.ee\/allhanketehas\/ru\/sertifikaadid\/","name":"Sertifikaadid - Saku Metall Allhanke Tehas","isPartOf":{"@id":"https:\/\/sakumetall.rwd.ee\/allhanketehas\/ru\/#website"},"datePublished":"2015-06-23T09:23:39+00:00","dateModified":"2018-06-19T13:22:35+00:00","breadcrumb":{"@id":"https:\/\/sakumetall.rwd.ee\/allhanketehas\/ru\/sertifikaadid\/#breadcrumb"},"inLanguage":"ru-RU","potentialAction":[{"@type":"ReadAction","target":["https:\/\/sakumetall.rwd.ee\/allhanketehas\/ru\/sertifikaadid\/"]}]},{"@type":"BreadcrumbList","@id":"https:\/\/sakumetall.rwd.ee\/allhanketehas\/ru\/sertifikaadid\/#breadcrumb","itemListElement":[{"@type":"ListItem","position":1,"name":"Home","item":"https:\/\/sakumetall.rwd.ee\/allhanketehas\/ru\/"},{"@type":"ListItem","position":2,"name":"Sertifikaadid"}]},{"@type":"WebSite","@id":"https:\/\/sakumetall.rwd.ee\/allhanketehas\/ru\/#website","url":"https:\/\/sakumetall.rwd.ee\/allhanketehas\/ru\/","name":"Saku Metall Allhanke Tehas","description":"Information about the company","potentialAction":[{"@type":"SearchAction","target":{"@type":"EntryPoint","urlTemplate":"https:\/\/sakumetall.rwd.ee\/allhanketehas\/ru\/?s={search_term_string}"},"query-input":{"@type":"PropertyValueSpecification","valueRequired":true,"valueName":"search_term_string"}}],"inLanguage":"ru-RU"}]}},"_links":{"self":[{"href":"https:\/\/sakumetall.rwd.ee\/allhanketehas\/ru\/wp-json\/wp\/v2\/pages\/1925","targetHints":{"allow":["GET"]}}],"collection":[{"href":"https:\/\/sakumetall.rwd.ee\/allhanketehas\/ru\/wp-json\/wp\/v2\/pages"}],"about":[{"href":"https:\/\/sakumetall.rwd.ee\/allhanketehas\/ru\/wp-json\/wp\/v2\/types\/page"}],"author":[{"embeddable":true,"href":"https:\/\/sakumetall.rwd.ee\/allhanketehas\/ru\/wp-json\/wp\/v2\/users\/1"}],"replies":[{"embeddable":true,"href":"https:\/\/sakumetall.rwd.ee\/allhanketehas\/ru\/wp-json\/wp\/v2\/comments?post=1925"}],"version-history":[{"count":9,"href":"https:\/\/sakumetall.rwd.ee\/allhanketehas\/ru\/wp-json\/wp\/v2\/pages\/1925\/revisions"}],"predecessor-version":[{"id":3738,"href":"https:\/\/sakumetall.rwd.ee\/allhanketehas\/ru\/wp-json\/wp\/v2\/pages\/1925\/revisions\/3738"}],"wp:attachment":[{"href":"https:\/\/sakumetall.rwd.ee\/allhanketehas\/ru\/wp-json\/wp\/v2\/media?parent=1925"}],"curies":[{"name":"wp","href":"https:\/\/api.w.org\/{rel}","templated":true}]}}