{"id":93,"date":"2015-06-23T07:32:33","date_gmt":"2015-06-23T07:32:33","guid":{"rendered":"https:\/\/sakumetall.rwd.ee\/allhanketehas\/?page_id=93"},"modified":"2024-01-30T15:11:52","modified_gmt":"2024-01-30T13:11:52","slug":"kontaktinfo","status":"publish","type":"page","link":"https:\/\/sakumetall.rwd.ee\/allhanketehas\/et\/ettevottest\/kontaktinfo\/","title":{"rendered":"Kontaktinfo"},"content":{"rendered":"<h1><span style=\"font-family: verdana, geneva, sans-serif\">Kontakt<\/span><\/h1>\n<h2><img loading=\"lazy\" decoding=\"async\" class=\"alignnone  wp-image-4905\" src=\"https:\/\/sakumetall.rwd.ee\/allhanketehas\/wp-content\/uploads\/sites\/3\/2021\/12\/Ilus-asfalt-1.jpg\" alt=\"\" width=\"1609\" height=\"905\" srcset=\"https:\/\/sakumetall.rwd.ee\/allhanketehas\/wp-content\/uploads\/sites\/3\/2021\/12\/Ilus-asfalt-1.jpg 1280w, https:\/\/sakumetall.rwd.ee\/allhanketehas\/wp-content\/uploads\/sites\/3\/2021\/12\/Ilus-asfalt-1-300x169.jpg 300w, https:\/\/sakumetall.rwd.ee\/allhanketehas\/wp-content\/uploads\/sites\/3\/2021\/12\/Ilus-asfalt-1-1024x576.jpg 1024w, https:\/\/sakumetall.rwd.ee\/allhanketehas\/wp-content\/uploads\/sites\/3\/2021\/12\/Ilus-asfalt-1-180x101.jpg 180w\" sizes=\"auto, (max-width: 1609px) 100vw, 1609px\" \/><\/h2>\n<h2 style=\"text-align: center\"><span style=\"font-family: verdana, geneva, sans-serif\">AS Saku Metall Allhanke Tehas<\/span><\/h2>\n<p style=\"text-align: center\"><span style=\"font-size: 12pt;font-family: verdana, geneva, sans-serif\">Reg nr.\u00a012318531<\/span><br \/>\n<span style=\"font-size: 12pt;font-family: verdana, geneva, sans-serif\"> KMKR:\u00a0EE101556123<\/span><\/p>\n<p style=\"text-align: center\"><span style=\"font-size: 12pt;font-family: verdana, geneva, sans-serif\">P\u00f5rguv\u00e4lja tee 25,\u00a075306 Rae vald,<\/span><br \/>\n<span style=\"font-size: 12pt;font-family: verdana, geneva, sans-serif\"> Harjumaa, Eesti<\/span><\/p>\n<p style=\"text-align: center\"><span style=\"font-size: 12pt;font-family: verdana, geneva, sans-serif\">+372 650 6500<\/span><br \/>\n<span style=\"font-size: 12pt;font-family: verdana, geneva, sans-serif\"><script type=\"text\/javascript\">document.write('<n uers=\"znvygb:nyyunatr@fnxhzrgnyy.rr\">nyyunatr@fnxhzrgnyy.rr<\/n>'.replace(\/[a-zA-Z]\/g, function(c){return String.fromCharCode((c<=\"Z\"?90:122)>=(c=c.charCodeAt(0)+13)?c:c-26);}));<\/script><\/span><\/p>\n<p>&nbsp;<\/p>\n<p style=\"text-align: center\">\n                <div class='gf_browser_gecko gform_wrapper' id='gform_wrapper_1' ><form method='post' enctype='multipart\/form-data'  id='gform_1'  action='\/allhanketehas\/et\/wp-json\/wp\/v2\/pages\/93'>\n                        <div class='gform_heading'>\n                            <h3 class='gform_title'>V\u00f5ta \u00fchendust vormi kaudu<\/h3>\n                            <span class='gform_description'><\/span>\n                        <\/div>\n                        <div class='gform_body'><ul id='gform_fields_1' class='gform_fields top_label form_sublabel_below description_below'><li id='field_1_1'  class='gfield gfield_contains_required field_sublabel_below field_description_below gfield_visibility_visible' ><label class='gfield_label' for='input_1_1' >Ettev\u00f5tte nimi<span class='gfield_required'>*<\/span><\/label><div class='ginput_container ginput_container_text'><input name='input_1' id='input_1_1' type='text' value='' class='medium'     aria-required=\"true\" aria-invalid=\"false\" \/><\/div><\/li><li id='field_1_2'  class='gfield gfield_contains_required field_sublabel_below field_description_below gfield_visibility_visible' ><label class='gfield_label' for='input_1_2' >E-mail<span class='gfield_required'>*<\/span><\/label><div class='ginput_container ginput_container_text'><input name='input_2' id='input_1_2' type='text' value='' class='medium'     aria-required=\"true\" aria-invalid=\"false\" \/><\/div><\/li><li id='field_1_3'  class='gfield field_sublabel_below field_description_below gfield_visibility_visible' ><label class='gfield_label' for='input_1_3' >Telefon<\/label><div class='ginput_container ginput_container_text'><input name='input_3' id='input_1_3' type='text' value='' class='medium'      aria-invalid=\"false\" \/><\/div><\/li><li id='field_1_4'  class='gfield gfield_contains_required field_sublabel_below field_description_below gfield_visibility_visible' ><label class='gfield_label' for='input_1_4' >S\u00f5num<span class='gfield_required'>*<\/span><\/label><div class='ginput_container ginput_container_text'><input name='input_4' id='input_1_4' type='text' value='' class='medium'     aria-required=\"true\" aria-invalid=\"false\" \/><\/div><\/li><li id='field_1_5'  class='gfield field_sublabel_below field_description_below gfield_visibility_visible' ><label class='gfield_label' for='input_1_5' ><\/label><div id='input_1_5' class='ginput_container ginput_recaptcha' data-sitekey='6LclDGMUAAAAABSFrXt4K165WG-qssIgCO-1WohO'  data-theme='light' data-tabindex='0'  data-badge=''><\/div><\/li>\n                            <\/ul><\/div>\n        <div class='gform_footer top_label'> <input type='submit' id='gform_submit_button_1' class='gform_button button' value='SAADA'  onclick='if(window[\"gf_submitting_1\"]){return false;}  window[\"gf_submitting_1\"]=true;  ' onkeypress='if( event.keyCode == 13 ){ if(window[\"gf_submitting_1\"]){return false;} window[\"gf_submitting_1\"]=true;  jQuery(\"#gform_1\").trigger(\"submit\",[true]); }' \/> \n            <input type='hidden' class='gform_hidden' name='is_submit_1' value='1' \/>\n            <input type='hidden' class='gform_hidden' name='gform_submit' value='1' \/>\n            \n            <input type='hidden' class='gform_hidden' name='gform_unique_id' value='' \/>\n            <input type='hidden' class='gform_hidden' name='state_1' value='WyJbXSIsImZjY2VkYTYwNmNhYjZhMmFlZmZjYzRhYmU1ZWVkNzYxIl0=' \/>\n            <input type='hidden' class='gform_hidden' name='gform_target_page_number_1' id='gform_target_page_number_1' value='0' \/>\n            <input type='hidden' class='gform_hidden' name='gform_source_page_number_1' id='gform_source_page_number_1' value='1' \/>\n            <input type='hidden' name='gform_field_values' value='' \/>\n            \n        <\/div>\n                        <\/form>\n                        <\/div><\/p>\n<p>&nbsp;<\/p>\n","protected":false},"excerpt":{"rendered":"<p>Kontakt AS Saku Metall Allhanke Tehas Reg nr.\u00a012318531 KMKR:\u00a0EE101556123 P\u00f5rguv\u00e4lja tee 25,\u00a075306 Rae vald, Harjumaa, Eesti +372 650 6500 &nbsp; &nbsp;<\/p>\n","protected":false},"author":1,"featured_media":0,"parent":91,"menu_order":6,"comment_status":"closed","ping_status":"closed","template":"","meta":{"footnotes":""},"class_list":["post-93","page","type-page","status-publish","hentry"],"yoast_head":"<!-- This site is optimized with the Yoast SEO plugin v27.3 - https:\/\/yoast.com\/product\/yoast-seo-wordpress\/ -->\n<title>Kontaktinfo - Saku Metall Allhanke Tehas<\/title>\n<meta name=\"robots\" content=\"index, follow, max-snippet:-1, max-image-preview:large, max-video-preview:-1\" \/>\n<link rel=\"canonical\" href=\"https:\/\/sakumetall.rwd.ee\/allhanketehas\/et\/ettevottest\/kontaktinfo\/\" \/>\n<meta property=\"og:locale\" content=\"et_EE\" \/>\n<meta property=\"og:type\" content=\"article\" \/>\n<meta property=\"og:title\" content=\"Kontaktinfo - Saku Metall Allhanke Tehas\" \/>\n<meta property=\"og:description\" content=\"Kontakt AS Saku Metall Allhanke Tehas Reg nr.\u00a012318531 KMKR:\u00a0EE101556123 P\u00f5rguv\u00e4lja tee 25,\u00a075306 Rae vald, Harjumaa, Eesti +372 650 6500 &nbsp; &nbsp;\" \/>\n<meta property=\"og:url\" content=\"https:\/\/sakumetall.rwd.ee\/allhanketehas\/et\/ettevottest\/kontaktinfo\/\" \/>\n<meta property=\"og:site_name\" content=\"Saku Metall Allhanke Tehas\" \/>\n<meta property=\"article:modified_time\" content=\"2024-01-30T13:11:52+00:00\" \/>\n<meta property=\"og:image\" content=\"https:\/\/sakumetall.rwd.ee\/allhanketehas\/wp-content\/uploads\/sites\/3\/2021\/12\/Ilus-asfalt-1.jpg\" \/>\n<meta name=\"twitter:card\" content=\"summary_large_image\" \/>\n<meta name=\"twitter:label1\" content=\"Est. reading time\" \/>\n\t<meta name=\"twitter:data1\" content=\"1 minut\" \/>\n<script type=\"application\/ld+json\" class=\"yoast-schema-graph\">{\"@context\":\"https:\\\/\\\/schema.org\",\"@graph\":[{\"@type\":\"WebPage\",\"@id\":\"https:\\\/\\\/sakumetall.rwd.ee\\\/allhanketehas\\\/et\\\/ettevottest\\\/kontaktinfo\\\/\",\"url\":\"https:\\\/\\\/sakumetall.rwd.ee\\\/allhanketehas\\\/et\\\/ettevottest\\\/kontaktinfo\\\/\",\"name\":\"Kontaktinfo - Saku Metall Allhanke Tehas\",\"isPartOf\":{\"@id\":\"https:\\\/\\\/sakumetall.rwd.ee\\\/allhanketehas\\\/et\\\/#website\"},\"primaryImageOfPage\":{\"@id\":\"https:\\\/\\\/sakumetall.rwd.ee\\\/allhanketehas\\\/et\\\/ettevottest\\\/kontaktinfo\\\/#primaryimage\"},\"image\":{\"@id\":\"https:\\\/\\\/sakumetall.rwd.ee\\\/allhanketehas\\\/et\\\/ettevottest\\\/kontaktinfo\\\/#primaryimage\"},\"thumbnailUrl\":\"https:\\\/\\\/sakumetall.rwd.ee\\\/allhanketehas\\\/wp-content\\\/uploads\\\/sites\\\/3\\\/2021\\\/12\\\/Ilus-asfalt-1.jpg\",\"datePublished\":\"2015-06-23T07:32:33+00:00\",\"dateModified\":\"2024-01-30T13:11:52+00:00\",\"breadcrumb\":{\"@id\":\"https:\\\/\\\/sakumetall.rwd.ee\\\/allhanketehas\\\/et\\\/ettevottest\\\/kontaktinfo\\\/#breadcrumb\"},\"inLanguage\":\"et\",\"potentialAction\":[{\"@type\":\"ReadAction\",\"target\":[\"https:\\\/\\\/sakumetall.rwd.ee\\\/allhanketehas\\\/et\\\/ettevottest\\\/kontaktinfo\\\/\"]}]},{\"@type\":\"ImageObject\",\"inLanguage\":\"et\",\"@id\":\"https:\\\/\\\/sakumetall.rwd.ee\\\/allhanketehas\\\/et\\\/ettevottest\\\/kontaktinfo\\\/#primaryimage\",\"url\":\"https:\\\/\\\/sakumetall.rwd.ee\\\/allhanketehas\\\/wp-content\\\/uploads\\\/sites\\\/3\\\/2021\\\/12\\\/Ilus-asfalt-1.jpg\",\"contentUrl\":\"https:\\\/\\\/sakumetall.rwd.ee\\\/allhanketehas\\\/wp-content\\\/uploads\\\/sites\\\/3\\\/2021\\\/12\\\/Ilus-asfalt-1.jpg\"},{\"@type\":\"BreadcrumbList\",\"@id\":\"https:\\\/\\\/sakumetall.rwd.ee\\\/allhanketehas\\\/et\\\/ettevottest\\\/kontaktinfo\\\/#breadcrumb\",\"itemListElement\":[{\"@type\":\"ListItem\",\"position\":1,\"name\":\"Home\",\"item\":\"https:\\\/\\\/sakumetall.rwd.ee\\\/allhanketehas\\\/et\\\/\"},{\"@type\":\"ListItem\",\"position\":2,\"name\":\"Ettev\u00f5ttest\",\"item\":\"https:\\\/\\\/sakumetall.rwd.ee\\\/allhanketehas\\\/et\\\/ettevottest\\\/\"},{\"@type\":\"ListItem\",\"position\":3,\"name\":\"Kontaktinfo\"}]},{\"@type\":\"WebSite\",\"@id\":\"https:\\\/\\\/sakumetall.rwd.ee\\\/allhanketehas\\\/et\\\/#website\",\"url\":\"https:\\\/\\\/sakumetall.rwd.ee\\\/allhanketehas\\\/et\\\/\",\"name\":\"Saku Metall Allhanke Tehas\",\"description\":\"Saku Metall AS tegeleb uksetootmise ja allhankega. Pakume tulet\u00f5kkeuksi, metalluksi, profiil- ja l\u00fckanduksi ning garaa\u017ei- ja t\u00f6\u00f6stuslikke t\u00f5stuksi ning lehtmetallist allhanket\u00f6id. V\u00f5ta \u00fchendust!\",\"potentialAction\":[{\"@type\":\"SearchAction\",\"target\":{\"@type\":\"EntryPoint\",\"urlTemplate\":\"https:\\\/\\\/sakumetall.rwd.ee\\\/allhanketehas\\\/et\\\/?s={search_term_string}\"},\"query-input\":{\"@type\":\"PropertyValueSpecification\",\"valueRequired\":true,\"valueName\":\"search_term_string\"}}],\"inLanguage\":\"et\"}]}<\/script>\n<!-- \/ Yoast SEO plugin. -->","yoast_head_json":{"title":"Kontaktinfo - Saku Metall Allhanke Tehas","robots":{"index":"index","follow":"follow","max-snippet":"max-snippet:-1","max-image-preview":"max-image-preview:large","max-video-preview":"max-video-preview:-1"},"canonical":"https:\/\/sakumetall.rwd.ee\/allhanketehas\/et\/ettevottest\/kontaktinfo\/","og_locale":"et_EE","og_type":"article","og_title":"Kontaktinfo - Saku Metall Allhanke Tehas","og_description":"Kontakt AS Saku Metall Allhanke Tehas Reg nr.\u00a012318531 KMKR:\u00a0EE101556123 P\u00f5rguv\u00e4lja tee 25,\u00a075306 Rae vald, Harjumaa, Eesti +372 650 6500 &nbsp; &nbsp;","og_url":"https:\/\/sakumetall.rwd.ee\/allhanketehas\/et\/ettevottest\/kontaktinfo\/","og_site_name":"Saku Metall Allhanke Tehas","article_modified_time":"2024-01-30T13:11:52+00:00","og_image":[{"url":"https:\/\/sakumetall.rwd.ee\/allhanketehas\/wp-content\/uploads\/sites\/3\/2021\/12\/Ilus-asfalt-1.jpg","type":"","width":"","height":""}],"twitter_card":"summary_large_image","twitter_misc":{"Est. reading time":"1 minut"},"schema":{"@context":"https:\/\/schema.org","@graph":[{"@type":"WebPage","@id":"https:\/\/sakumetall.rwd.ee\/allhanketehas\/et\/ettevottest\/kontaktinfo\/","url":"https:\/\/sakumetall.rwd.ee\/allhanketehas\/et\/ettevottest\/kontaktinfo\/","name":"Kontaktinfo - Saku Metall Allhanke Tehas","isPartOf":{"@id":"https:\/\/sakumetall.rwd.ee\/allhanketehas\/et\/#website"},"primaryImageOfPage":{"@id":"https:\/\/sakumetall.rwd.ee\/allhanketehas\/et\/ettevottest\/kontaktinfo\/#primaryimage"},"image":{"@id":"https:\/\/sakumetall.rwd.ee\/allhanketehas\/et\/ettevottest\/kontaktinfo\/#primaryimage"},"thumbnailUrl":"https:\/\/sakumetall.rwd.ee\/allhanketehas\/wp-content\/uploads\/sites\/3\/2021\/12\/Ilus-asfalt-1.jpg","datePublished":"2015-06-23T07:32:33+00:00","dateModified":"2024-01-30T13:11:52+00:00","breadcrumb":{"@id":"https:\/\/sakumetall.rwd.ee\/allhanketehas\/et\/ettevottest\/kontaktinfo\/#breadcrumb"},"inLanguage":"et","potentialAction":[{"@type":"ReadAction","target":["https:\/\/sakumetall.rwd.ee\/allhanketehas\/et\/ettevottest\/kontaktinfo\/"]}]},{"@type":"ImageObject","inLanguage":"et","@id":"https:\/\/sakumetall.rwd.ee\/allhanketehas\/et\/ettevottest\/kontaktinfo\/#primaryimage","url":"https:\/\/sakumetall.rwd.ee\/allhanketehas\/wp-content\/uploads\/sites\/3\/2021\/12\/Ilus-asfalt-1.jpg","contentUrl":"https:\/\/sakumetall.rwd.ee\/allhanketehas\/wp-content\/uploads\/sites\/3\/2021\/12\/Ilus-asfalt-1.jpg"},{"@type":"BreadcrumbList","@id":"https:\/\/sakumetall.rwd.ee\/allhanketehas\/et\/ettevottest\/kontaktinfo\/#breadcrumb","itemListElement":[{"@type":"ListItem","position":1,"name":"Home","item":"https:\/\/sakumetall.rwd.ee\/allhanketehas\/et\/"},{"@type":"ListItem","position":2,"name":"Ettev\u00f5ttest","item":"https:\/\/sakumetall.rwd.ee\/allhanketehas\/et\/ettevottest\/"},{"@type":"ListItem","position":3,"name":"Kontaktinfo"}]},{"@type":"WebSite","@id":"https:\/\/sakumetall.rwd.ee\/allhanketehas\/et\/#website","url":"https:\/\/sakumetall.rwd.ee\/allhanketehas\/et\/","name":"Saku Metall Allhanke Tehas","description":"Saku Metall AS tegeleb uksetootmise ja allhankega. Pakume tulet\u00f5kkeuksi, metalluksi, profiil- ja l\u00fckanduksi ning garaa\u017ei- ja t\u00f6\u00f6stuslikke t\u00f5stuksi ning lehtmetallist allhanket\u00f6id. V\u00f5ta \u00fchendust!","potentialAction":[{"@type":"SearchAction","target":{"@type":"EntryPoint","urlTemplate":"https:\/\/sakumetall.rwd.ee\/allhanketehas\/et\/?s={search_term_string}"},"query-input":{"@type":"PropertyValueSpecification","valueRequired":true,"valueName":"search_term_string"}}],"inLanguage":"et"}]}},"_links":{"self":[{"href":"https:\/\/sakumetall.rwd.ee\/allhanketehas\/et\/wp-json\/wp\/v2\/pages\/93","targetHints":{"allow":["GET"]}}],"collection":[{"href":"https:\/\/sakumetall.rwd.ee\/allhanketehas\/et\/wp-json\/wp\/v2\/pages"}],"about":[{"href":"https:\/\/sakumetall.rwd.ee\/allhanketehas\/et\/wp-json\/wp\/v2\/types\/page"}],"author":[{"embeddable":true,"href":"https:\/\/sakumetall.rwd.ee\/allhanketehas\/et\/wp-json\/wp\/v2\/users\/1"}],"replies":[{"embeddable":true,"href":"https:\/\/sakumetall.rwd.ee\/allhanketehas\/et\/wp-json\/wp\/v2\/comments?post=93"}],"version-history":[{"count":30,"href":"https:\/\/sakumetall.rwd.ee\/allhanketehas\/et\/wp-json\/wp\/v2\/pages\/93\/revisions"}],"predecessor-version":[{"id":4970,"href":"https:\/\/sakumetall.rwd.ee\/allhanketehas\/et\/wp-json\/wp\/v2\/pages\/93\/revisions\/4970"}],"up":[{"embeddable":true,"href":"https:\/\/sakumetall.rwd.ee\/allhanketehas\/et\/wp-json\/wp\/v2\/pages\/91"}],"wp:attachment":[{"href":"https:\/\/sakumetall.rwd.ee\/allhanketehas\/et\/wp-json\/wp\/v2\/media?parent=93"}],"curies":[{"name":"wp","href":"https:\/\/api.w.org\/{rel}","templated":true}]}}