{"id":87,"date":"2015-06-23T07:31:49","date_gmt":"2015-06-23T07:31:49","guid":{"rendered":"https:\/\/sakumetall.rwd.ee\/allhanketehas\/?page_id=87"},"modified":"2018-06-19T15:48:45","modified_gmt":"2018-06-19T13:48:45","slug":"teenused","status":"publish","type":"page","link":"https:\/\/sakumetall.rwd.ee\/allhanketehas\/et\/teenused\/","title":{"rendered":"Teenused"},"content":{"rendered":"<h1>Teenused<\/h1>\n<p><span style=\"font-size: 12pt;\">AS Saku Metall Allhanke Tehase sihtklientideks on eelk\u00f5ige rahvusvahelised (suur)ettev\u00f5tted. Soovime oma klientidele tagada personaalse l\u00e4henemise ja saada osaks nende \u00e4riprotsessist.<\/span><\/p>\n<p><span style=\"font-size: 12pt;\">Me pakume oma klientidele tooteid kuni 8 mm paksusega k\u00fclmvalts-, galvaniseeritud- ja roostevaba terasest l\u00f5ikamise, painutamise, stantsimise, keevitamise, viimistlemise ja koostamise teel.<\/span><\/p>\n<p><span style=\"font-size: 12pt;\">Me tahame valmistada kliendi poolt v\u00e4ljat\u00f6\u00f6tatud tooteid valmidusastmeni, mis v\u00f5imaldab kliendil neid edasi tarnida v\u00f5i oma tootes kasutada ilma t\u00e4iendava t\u00f6\u00f6tlemiseta.<\/span><\/p>\n<p><span style=\"font-size: 12pt;\">Omades kaasaegseid programmjuhtimisega lehtmetalli t\u00f6\u00f6tlemise keskusi ja painutuspinke suudame valmistada keerukaid ja t\u00e4pseid lehtmaterjalist detaile.\u00a0Allhanke projektides t\u00f6\u00f6tleme t\u00e4na \u00fcle 300\u00a0tonni lehtmaterjali kuus.<\/span><\/p>\n","protected":false},"excerpt":{"rendered":"<p>Teenused AS Saku Metall Allhanke Tehase sihtklientideks on eelk\u00f5ige rahvusvahelised (suur)ettev\u00f5tted. Soovime oma klientidele tagada personaalse l\u00e4henemise ja saada osaks nende \u00e4riprotsessist. Me pakume oma klientidele tooteid kuni 8 mm paksusega k\u00fclmvalts-, galvaniseeritud- ja roostevaba terasest l\u00f5ikamise, painutamise, stantsimise, keevitamise, viimistlemise ja koostamise teel. Me tahame valmistada kliendi poolt v\u00e4ljat\u00f6\u00f6tatud tooteid valmidusastmeni, mis v\u00f5imaldab kliendil &#8230;<\/p>\n","protected":false},"author":1,"featured_media":0,"parent":0,"menu_order":0,"comment_status":"closed","ping_status":"closed","template":"services-template.php","meta":{"footnotes":""},"class_list":["post-87","page","type-page","status-publish","hentry"],"yoast_head":"<!-- This site is optimized with the Yoast SEO plugin v27.3 - https:\/\/yoast.com\/product\/yoast-seo-wordpress\/ -->\n<title>Teenused - Saku Metall Allhanke Tehas<\/title>\n<meta name=\"robots\" content=\"index, follow, max-snippet:-1, max-image-preview:large, max-video-preview:-1\" \/>\n<link rel=\"canonical\" href=\"https:\/\/sakumetall.rwd.ee\/allhanketehas\/et\/teenused\/\" \/>\n<meta property=\"og:locale\" content=\"et_EE\" \/>\n<meta property=\"og:type\" content=\"article\" \/>\n<meta property=\"og:title\" content=\"Teenused - Saku Metall Allhanke Tehas\" \/>\n<meta property=\"og:description\" content=\"Teenused AS Saku Metall Allhanke Tehase sihtklientideks on eelk\u00f5ige rahvusvahelised (suur)ettev\u00f5tted. Soovime oma klientidele tagada personaalse l\u00e4henemise ja saada osaks nende \u00e4riprotsessist. Me pakume oma klientidele tooteid kuni 8 mm paksusega k\u00fclmvalts-, galvaniseeritud- ja roostevaba terasest l\u00f5ikamise, painutamise, stantsimise, keevitamise, viimistlemise ja koostamise teel. Me tahame valmistada kliendi poolt v\u00e4ljat\u00f6\u00f6tatud tooteid valmidusastmeni, mis v\u00f5imaldab kliendil ...\" \/>\n<meta property=\"og:url\" content=\"https:\/\/sakumetall.rwd.ee\/allhanketehas\/et\/teenused\/\" \/>\n<meta property=\"og:site_name\" content=\"Saku Metall Allhanke Tehas\" \/>\n<meta property=\"article:modified_time\" content=\"2018-06-19T13:48:45+00:00\" \/>\n<meta name=\"twitter:card\" content=\"summary_large_image\" \/>\n<meta name=\"twitter:label1\" content=\"Est. reading time\" \/>\n\t<meta name=\"twitter:data1\" content=\"1 minut\" \/>\n<script type=\"application\/ld+json\" class=\"yoast-schema-graph\">{\"@context\":\"https:\\\/\\\/schema.org\",\"@graph\":[{\"@type\":\"WebPage\",\"@id\":\"https:\\\/\\\/sakumetall.rwd.ee\\\/allhanketehas\\\/et\\\/teenused\\\/\",\"url\":\"https:\\\/\\\/sakumetall.rwd.ee\\\/allhanketehas\\\/et\\\/teenused\\\/\",\"name\":\"Teenused - Saku Metall Allhanke Tehas\",\"isPartOf\":{\"@id\":\"https:\\\/\\\/sakumetall.rwd.ee\\\/allhanketehas\\\/et\\\/#website\"},\"datePublished\":\"2015-06-23T07:31:49+00:00\",\"dateModified\":\"2018-06-19T13:48:45+00:00\",\"breadcrumb\":{\"@id\":\"https:\\\/\\\/sakumetall.rwd.ee\\\/allhanketehas\\\/et\\\/teenused\\\/#breadcrumb\"},\"inLanguage\":\"et\",\"potentialAction\":[{\"@type\":\"ReadAction\",\"target\":[\"https:\\\/\\\/sakumetall.rwd.ee\\\/allhanketehas\\\/et\\\/teenused\\\/\"]}]},{\"@type\":\"BreadcrumbList\",\"@id\":\"https:\\\/\\\/sakumetall.rwd.ee\\\/allhanketehas\\\/et\\\/teenused\\\/#breadcrumb\",\"itemListElement\":[{\"@type\":\"ListItem\",\"position\":1,\"name\":\"Home\",\"item\":\"https:\\\/\\\/sakumetall.rwd.ee\\\/allhanketehas\\\/et\\\/\"},{\"@type\":\"ListItem\",\"position\":2,\"name\":\"Teenused\"}]},{\"@type\":\"WebSite\",\"@id\":\"https:\\\/\\\/sakumetall.rwd.ee\\\/allhanketehas\\\/et\\\/#website\",\"url\":\"https:\\\/\\\/sakumetall.rwd.ee\\\/allhanketehas\\\/et\\\/\",\"name\":\"Saku Metall Allhanke Tehas\",\"description\":\"Saku Metall AS tegeleb uksetootmise ja allhankega. Pakume tulet\u00f5kkeuksi, metalluksi, profiil- ja l\u00fckanduksi ning garaa\u017ei- ja t\u00f6\u00f6stuslikke t\u00f5stuksi ning lehtmetallist allhanket\u00f6id. V\u00f5ta \u00fchendust!\",\"potentialAction\":[{\"@type\":\"SearchAction\",\"target\":{\"@type\":\"EntryPoint\",\"urlTemplate\":\"https:\\\/\\\/sakumetall.rwd.ee\\\/allhanketehas\\\/et\\\/?s={search_term_string}\"},\"query-input\":{\"@type\":\"PropertyValueSpecification\",\"valueRequired\":true,\"valueName\":\"search_term_string\"}}],\"inLanguage\":\"et\"}]}<\/script>\n<!-- \/ Yoast SEO plugin. -->","yoast_head_json":{"title":"Teenused - Saku Metall Allhanke Tehas","robots":{"index":"index","follow":"follow","max-snippet":"max-snippet:-1","max-image-preview":"max-image-preview:large","max-video-preview":"max-video-preview:-1"},"canonical":"https:\/\/sakumetall.rwd.ee\/allhanketehas\/et\/teenused\/","og_locale":"et_EE","og_type":"article","og_title":"Teenused - Saku Metall Allhanke Tehas","og_description":"Teenused AS Saku Metall Allhanke Tehase sihtklientideks on eelk\u00f5ige rahvusvahelised (suur)ettev\u00f5tted. Soovime oma klientidele tagada personaalse l\u00e4henemise ja saada osaks nende \u00e4riprotsessist. Me pakume oma klientidele tooteid kuni 8 mm paksusega k\u00fclmvalts-, galvaniseeritud- ja roostevaba terasest l\u00f5ikamise, painutamise, stantsimise, keevitamise, viimistlemise ja koostamise teel. Me tahame valmistada kliendi poolt v\u00e4ljat\u00f6\u00f6tatud tooteid valmidusastmeni, mis v\u00f5imaldab kliendil ...","og_url":"https:\/\/sakumetall.rwd.ee\/allhanketehas\/et\/teenused\/","og_site_name":"Saku Metall Allhanke Tehas","article_modified_time":"2018-06-19T13:48:45+00:00","twitter_card":"summary_large_image","twitter_misc":{"Est. reading time":"1 minut"},"schema":{"@context":"https:\/\/schema.org","@graph":[{"@type":"WebPage","@id":"https:\/\/sakumetall.rwd.ee\/allhanketehas\/et\/teenused\/","url":"https:\/\/sakumetall.rwd.ee\/allhanketehas\/et\/teenused\/","name":"Teenused - Saku Metall Allhanke Tehas","isPartOf":{"@id":"https:\/\/sakumetall.rwd.ee\/allhanketehas\/et\/#website"},"datePublished":"2015-06-23T07:31:49+00:00","dateModified":"2018-06-19T13:48:45+00:00","breadcrumb":{"@id":"https:\/\/sakumetall.rwd.ee\/allhanketehas\/et\/teenused\/#breadcrumb"},"inLanguage":"et","potentialAction":[{"@type":"ReadAction","target":["https:\/\/sakumetall.rwd.ee\/allhanketehas\/et\/teenused\/"]}]},{"@type":"BreadcrumbList","@id":"https:\/\/sakumetall.rwd.ee\/allhanketehas\/et\/teenused\/#breadcrumb","itemListElement":[{"@type":"ListItem","position":1,"name":"Home","item":"https:\/\/sakumetall.rwd.ee\/allhanketehas\/et\/"},{"@type":"ListItem","position":2,"name":"Teenused"}]},{"@type":"WebSite","@id":"https:\/\/sakumetall.rwd.ee\/allhanketehas\/et\/#website","url":"https:\/\/sakumetall.rwd.ee\/allhanketehas\/et\/","name":"Saku Metall Allhanke Tehas","description":"Saku Metall AS tegeleb uksetootmise ja allhankega. Pakume tulet\u00f5kkeuksi, metalluksi, profiil- ja l\u00fckanduksi ning garaa\u017ei- ja t\u00f6\u00f6stuslikke t\u00f5stuksi ning lehtmetallist allhanket\u00f6id. V\u00f5ta \u00fchendust!","potentialAction":[{"@type":"SearchAction","target":{"@type":"EntryPoint","urlTemplate":"https:\/\/sakumetall.rwd.ee\/allhanketehas\/et\/?s={search_term_string}"},"query-input":{"@type":"PropertyValueSpecification","valueRequired":true,"valueName":"search_term_string"}}],"inLanguage":"et"}]}},"_links":{"self":[{"href":"https:\/\/sakumetall.rwd.ee\/allhanketehas\/et\/wp-json\/wp\/v2\/pages\/87","targetHints":{"allow":["GET"]}}],"collection":[{"href":"https:\/\/sakumetall.rwd.ee\/allhanketehas\/et\/wp-json\/wp\/v2\/pages"}],"about":[{"href":"https:\/\/sakumetall.rwd.ee\/allhanketehas\/et\/wp-json\/wp\/v2\/types\/page"}],"author":[{"embeddable":true,"href":"https:\/\/sakumetall.rwd.ee\/allhanketehas\/et\/wp-json\/wp\/v2\/users\/1"}],"replies":[{"embeddable":true,"href":"https:\/\/sakumetall.rwd.ee\/allhanketehas\/et\/wp-json\/wp\/v2\/comments?post=87"}],"version-history":[{"count":22,"href":"https:\/\/sakumetall.rwd.ee\/allhanketehas\/et\/wp-json\/wp\/v2\/pages\/87\/revisions"}],"predecessor-version":[{"id":3746,"href":"https:\/\/sakumetall.rwd.ee\/allhanketehas\/et\/wp-json\/wp\/v2\/pages\/87\/revisions\/3746"}],"wp:attachment":[{"href":"https:\/\/sakumetall.rwd.ee\/allhanketehas\/et\/wp-json\/wp\/v2\/media?parent=87"}],"curies":[{"name":"wp","href":"https:\/\/api.w.org\/{rel}","templated":true}]}}