{"id":5358,"date":"2023-08-22T10:05:12","date_gmt":"2023-08-22T08:05:12","guid":{"rendered":"https:\/\/sakumetall.rwd.ee\/allhanketehas\/?page_id=5358"},"modified":"2024-05-10T11:30:23","modified_gmt":"2024-05-10T09:30:23","slug":"jatkusuutlikkus","status":"publish","type":"page","link":"https:\/\/sakumetall.rwd.ee\/allhanketehas\/et\/jatkusuutlikkus\/","title":{"rendered":"J\u00e4tkusuutlikkus"},"content":{"rendered":"","protected":false},"excerpt":{"rendered":"","protected":false},"author":21,"featured_media":5401,"parent":0,"menu_order":0,"comment_status":"closed","ping_status":"closed","template":"sustainability-template.php","meta":{"footnotes":""},"class_list":["post-5358","page","type-page","status-publish","has-post-thumbnail","hentry"],"yoast_head":"<!-- This site is optimized with the Yoast SEO plugin v27.3 - https:\/\/yoast.com\/product\/yoast-seo-wordpress\/ -->\n<title>J\u00e4tkusuutlikkus - Saku Metall Allhanke Tehas<\/title>\n<meta name=\"description\" content=\"Saku Metall Grupi j\u00e4tkusuutlikkuse strateegia jaguneb ESG p\u00f5him\u00f5tete j\u00e4rgi kolmeks osaks. J\u00e4tkusuutlikkuse strateegia k\u00e4tkeb endas keskkonna-, sotsiaal- ja juhtimise m\u00f5ju nii Saku Metallile kui ka Saku Metalli tegevuse m\u00f5ju \u00fcmbritsevale v\u00e4liskeskkonnale ja \u00fchiskonnale. Saku Metall peab v\u00e4ga oluliseks oma negatiivse keskkonnam\u00f5ju v\u00e4hendamist ja j\u00e4tkusuutlikkuse valdkonnaga tegelemist. T\u00e4iendavalt on olulisel kohal ka positiivse keskkonna- ja sotsiaalse m\u00f5ju suurendamine.\u00a0\" \/>\n<meta name=\"robots\" content=\"index, follow, max-snippet:-1, max-image-preview:large, max-video-preview:-1\" \/>\n<link rel=\"canonical\" href=\"https:\/\/sakumetall.rwd.ee\/allhanketehas\/et\/jatkusuutlikkus\/\" \/>\n<meta property=\"og:locale\" content=\"et_EE\" \/>\n<meta property=\"og:type\" content=\"article\" \/>\n<meta property=\"og:title\" content=\"J\u00e4tkusuutlikkus - Saku Metall Allhanke Tehas\" \/>\n<meta property=\"og:description\" content=\"Saku Metall Grupi j\u00e4tkusuutlikkuse strateegia jaguneb ESG p\u00f5him\u00f5tete j\u00e4rgi kolmeks osaks. J\u00e4tkusuutlikkuse strateegia k\u00e4tkeb endas keskkonna-, sotsiaal- ja juhtimise m\u00f5ju nii Saku Metallile kui ka Saku Metalli tegevuse m\u00f5ju \u00fcmbritsevale v\u00e4liskeskkonnale ja \u00fchiskonnale. Saku Metall peab v\u00e4ga oluliseks oma negatiivse keskkonnam\u00f5ju v\u00e4hendamist ja j\u00e4tkusuutlikkuse valdkonnaga tegelemist. T\u00e4iendavalt on olulisel kohal ka positiivse keskkonna- ja sotsiaalse m\u00f5ju suurendamine.\u00a0\" \/>\n<meta property=\"og:url\" content=\"https:\/\/sakumetall.rwd.ee\/allhanketehas\/et\/jatkusuutlikkus\/\" \/>\n<meta property=\"og:site_name\" content=\"Saku Metall Allhanke Tehas\" \/>\n<meta property=\"article:modified_time\" content=\"2024-05-10T09:30:23+00:00\" \/>\n<meta property=\"og:image\" content=\"https:\/\/sakumetall.rwd.ee\/allhanketehas\/wp-content\/uploads\/sites\/3\/2023\/08\/pexels-mali-maeder-109391-scaled.jpg\" \/>\n\t<meta property=\"og:image:width\" content=\"2560\" \/>\n\t<meta property=\"og:image:height\" content=\"1707\" \/>\n\t<meta property=\"og:image:type\" content=\"image\/jpeg\" \/>\n<meta name=\"twitter:card\" content=\"summary_large_image\" \/>\n<meta name=\"twitter:label1\" content=\"Est. reading time\" \/>\n\t<meta name=\"twitter:data1\" content=\"1 minut\" \/>\n<script type=\"application\/ld+json\" class=\"yoast-schema-graph\">{\"@context\":\"https:\\\/\\\/schema.org\",\"@graph\":[{\"@type\":\"WebPage\",\"@id\":\"https:\\\/\\\/sakumetall.rwd.ee\\\/allhanketehas\\\/et\\\/jatkusuutlikkus\\\/\",\"url\":\"https:\\\/\\\/sakumetall.rwd.ee\\\/allhanketehas\\\/et\\\/jatkusuutlikkus\\\/\",\"name\":\"J\u00e4tkusuutlikkus - Saku Metall Allhanke Tehas\",\"isPartOf\":{\"@id\":\"https:\\\/\\\/sakumetall.rwd.ee\\\/allhanketehas\\\/et\\\/#website\"},\"primaryImageOfPage\":{\"@id\":\"https:\\\/\\\/sakumetall.rwd.ee\\\/allhanketehas\\\/et\\\/jatkusuutlikkus\\\/#primaryimage\"},\"image\":{\"@id\":\"https:\\\/\\\/sakumetall.rwd.ee\\\/allhanketehas\\\/et\\\/jatkusuutlikkus\\\/#primaryimage\"},\"thumbnailUrl\":\"https:\\\/\\\/sakumetall.rwd.ee\\\/allhanketehas\\\/wp-content\\\/uploads\\\/sites\\\/3\\\/2023\\\/08\\\/pexels-mali-maeder-109391-scaled.jpg\",\"datePublished\":\"2023-08-22T08:05:12+00:00\",\"dateModified\":\"2024-05-10T09:30:23+00:00\",\"description\":\"Saku Metall Grupi j\u00e4tkusuutlikkuse strateegia jaguneb ESG p\u00f5him\u00f5tete j\u00e4rgi kolmeks osaks. J\u00e4tkusuutlikkuse strateegia k\u00e4tkeb endas keskkonna-, sotsiaal- ja juhtimise m\u00f5ju nii Saku Metallile kui ka Saku Metalli tegevuse m\u00f5ju \u00fcmbritsevale v\u00e4liskeskkonnale ja \u00fchiskonnale. Saku Metall peab v\u00e4ga oluliseks oma negatiivse keskkonnam\u00f5ju v\u00e4hendamist ja j\u00e4tkusuutlikkuse valdkonnaga tegelemist. T\u00e4iendavalt on olulisel kohal ka positiivse keskkonna- ja sotsiaalse m\u00f5ju suurendamine.\u00a0\",\"breadcrumb\":{\"@id\":\"https:\\\/\\\/sakumetall.rwd.ee\\\/allhanketehas\\\/et\\\/jatkusuutlikkus\\\/#breadcrumb\"},\"inLanguage\":\"et\",\"potentialAction\":[{\"@type\":\"ReadAction\",\"target\":[\"https:\\\/\\\/sakumetall.rwd.ee\\\/allhanketehas\\\/et\\\/jatkusuutlikkus\\\/\"]}]},{\"@type\":\"ImageObject\",\"inLanguage\":\"et\",\"@id\":\"https:\\\/\\\/sakumetall.rwd.ee\\\/allhanketehas\\\/et\\\/jatkusuutlikkus\\\/#primaryimage\",\"url\":\"https:\\\/\\\/sakumetall.rwd.ee\\\/allhanketehas\\\/wp-content\\\/uploads\\\/sites\\\/3\\\/2023\\\/08\\\/pexels-mali-maeder-109391-scaled.jpg\",\"contentUrl\":\"https:\\\/\\\/sakumetall.rwd.ee\\\/allhanketehas\\\/wp-content\\\/uploads\\\/sites\\\/3\\\/2023\\\/08\\\/pexels-mali-maeder-109391-scaled.jpg\",\"width\":2560,\"height\":1707},{\"@type\":\"BreadcrumbList\",\"@id\":\"https:\\\/\\\/sakumetall.rwd.ee\\\/allhanketehas\\\/et\\\/jatkusuutlikkus\\\/#breadcrumb\",\"itemListElement\":[{\"@type\":\"ListItem\",\"position\":1,\"name\":\"Home\",\"item\":\"https:\\\/\\\/sakumetall.rwd.ee\\\/allhanketehas\\\/et\\\/\"},{\"@type\":\"ListItem\",\"position\":2,\"name\":\"J\u00e4tkusuutlikkus\"}]},{\"@type\":\"WebSite\",\"@id\":\"https:\\\/\\\/sakumetall.rwd.ee\\\/allhanketehas\\\/et\\\/#website\",\"url\":\"https:\\\/\\\/sakumetall.rwd.ee\\\/allhanketehas\\\/et\\\/\",\"name\":\"Saku Metall Allhanke Tehas\",\"description\":\"Saku Metall AS tegeleb uksetootmise ja allhankega. Pakume tulet\u00f5kkeuksi, metalluksi, profiil- ja l\u00fckanduksi ning garaa\u017ei- ja t\u00f6\u00f6stuslikke t\u00f5stuksi ning lehtmetallist allhanket\u00f6id. V\u00f5ta \u00fchendust!\",\"potentialAction\":[{\"@type\":\"SearchAction\",\"target\":{\"@type\":\"EntryPoint\",\"urlTemplate\":\"https:\\\/\\\/sakumetall.rwd.ee\\\/allhanketehas\\\/et\\\/?s={search_term_string}\"},\"query-input\":{\"@type\":\"PropertyValueSpecification\",\"valueRequired\":true,\"valueName\":\"search_term_string\"}}],\"inLanguage\":\"et\"}]}<\/script>\n<!-- \/ Yoast SEO plugin. -->","yoast_head_json":{"title":"J\u00e4tkusuutlikkus - Saku Metall Allhanke Tehas","description":"Saku Metall Grupi j\u00e4tkusuutlikkuse strateegia jaguneb ESG p\u00f5him\u00f5tete j\u00e4rgi kolmeks osaks. J\u00e4tkusuutlikkuse strateegia k\u00e4tkeb endas keskkonna-, sotsiaal- ja juhtimise m\u00f5ju nii Saku Metallile kui ka Saku Metalli tegevuse m\u00f5ju \u00fcmbritsevale v\u00e4liskeskkonnale ja \u00fchiskonnale. Saku Metall peab v\u00e4ga oluliseks oma negatiivse keskkonnam\u00f5ju v\u00e4hendamist ja j\u00e4tkusuutlikkuse valdkonnaga tegelemist. T\u00e4iendavalt on olulisel kohal ka positiivse keskkonna- ja sotsiaalse m\u00f5ju suurendamine.\u00a0","robots":{"index":"index","follow":"follow","max-snippet":"max-snippet:-1","max-image-preview":"max-image-preview:large","max-video-preview":"max-video-preview:-1"},"canonical":"https:\/\/sakumetall.rwd.ee\/allhanketehas\/et\/jatkusuutlikkus\/","og_locale":"et_EE","og_type":"article","og_title":"J\u00e4tkusuutlikkus - Saku Metall Allhanke Tehas","og_description":"Saku Metall Grupi j\u00e4tkusuutlikkuse strateegia jaguneb ESG p\u00f5him\u00f5tete j\u00e4rgi kolmeks osaks. J\u00e4tkusuutlikkuse strateegia k\u00e4tkeb endas keskkonna-, sotsiaal- ja juhtimise m\u00f5ju nii Saku Metallile kui ka Saku Metalli tegevuse m\u00f5ju \u00fcmbritsevale v\u00e4liskeskkonnale ja \u00fchiskonnale. Saku Metall peab v\u00e4ga oluliseks oma negatiivse keskkonnam\u00f5ju v\u00e4hendamist ja j\u00e4tkusuutlikkuse valdkonnaga tegelemist. T\u00e4iendavalt on olulisel kohal ka positiivse keskkonna- ja sotsiaalse m\u00f5ju suurendamine.\u00a0","og_url":"https:\/\/sakumetall.rwd.ee\/allhanketehas\/et\/jatkusuutlikkus\/","og_site_name":"Saku Metall Allhanke Tehas","article_modified_time":"2024-05-10T09:30:23+00:00","og_image":[{"width":2560,"height":1707,"url":"https:\/\/sakumetall.rwd.ee\/allhanketehas\/wp-content\/uploads\/sites\/3\/2023\/08\/pexels-mali-maeder-109391-scaled.jpg","type":"image\/jpeg"}],"twitter_card":"summary_large_image","twitter_misc":{"Est. reading time":"1 minut"},"schema":{"@context":"https:\/\/schema.org","@graph":[{"@type":"WebPage","@id":"https:\/\/sakumetall.rwd.ee\/allhanketehas\/et\/jatkusuutlikkus\/","url":"https:\/\/sakumetall.rwd.ee\/allhanketehas\/et\/jatkusuutlikkus\/","name":"J\u00e4tkusuutlikkus - Saku Metall Allhanke Tehas","isPartOf":{"@id":"https:\/\/sakumetall.rwd.ee\/allhanketehas\/et\/#website"},"primaryImageOfPage":{"@id":"https:\/\/sakumetall.rwd.ee\/allhanketehas\/et\/jatkusuutlikkus\/#primaryimage"},"image":{"@id":"https:\/\/sakumetall.rwd.ee\/allhanketehas\/et\/jatkusuutlikkus\/#primaryimage"},"thumbnailUrl":"https:\/\/sakumetall.rwd.ee\/allhanketehas\/wp-content\/uploads\/sites\/3\/2023\/08\/pexels-mali-maeder-109391-scaled.jpg","datePublished":"2023-08-22T08:05:12+00:00","dateModified":"2024-05-10T09:30:23+00:00","description":"Saku Metall Grupi j\u00e4tkusuutlikkuse strateegia jaguneb ESG p\u00f5him\u00f5tete j\u00e4rgi kolmeks osaks. J\u00e4tkusuutlikkuse strateegia k\u00e4tkeb endas keskkonna-, sotsiaal- ja juhtimise m\u00f5ju nii Saku Metallile kui ka Saku Metalli tegevuse m\u00f5ju \u00fcmbritsevale v\u00e4liskeskkonnale ja \u00fchiskonnale. Saku Metall peab v\u00e4ga oluliseks oma negatiivse keskkonnam\u00f5ju v\u00e4hendamist ja j\u00e4tkusuutlikkuse valdkonnaga tegelemist. T\u00e4iendavalt on olulisel kohal ka positiivse keskkonna- ja sotsiaalse m\u00f5ju suurendamine.\u00a0","breadcrumb":{"@id":"https:\/\/sakumetall.rwd.ee\/allhanketehas\/et\/jatkusuutlikkus\/#breadcrumb"},"inLanguage":"et","potentialAction":[{"@type":"ReadAction","target":["https:\/\/sakumetall.rwd.ee\/allhanketehas\/et\/jatkusuutlikkus\/"]}]},{"@type":"ImageObject","inLanguage":"et","@id":"https:\/\/sakumetall.rwd.ee\/allhanketehas\/et\/jatkusuutlikkus\/#primaryimage","url":"https:\/\/sakumetall.rwd.ee\/allhanketehas\/wp-content\/uploads\/sites\/3\/2023\/08\/pexels-mali-maeder-109391-scaled.jpg","contentUrl":"https:\/\/sakumetall.rwd.ee\/allhanketehas\/wp-content\/uploads\/sites\/3\/2023\/08\/pexels-mali-maeder-109391-scaled.jpg","width":2560,"height":1707},{"@type":"BreadcrumbList","@id":"https:\/\/sakumetall.rwd.ee\/allhanketehas\/et\/jatkusuutlikkus\/#breadcrumb","itemListElement":[{"@type":"ListItem","position":1,"name":"Home","item":"https:\/\/sakumetall.rwd.ee\/allhanketehas\/et\/"},{"@type":"ListItem","position":2,"name":"J\u00e4tkusuutlikkus"}]},{"@type":"WebSite","@id":"https:\/\/sakumetall.rwd.ee\/allhanketehas\/et\/#website","url":"https:\/\/sakumetall.rwd.ee\/allhanketehas\/et\/","name":"Saku Metall Allhanke Tehas","description":"Saku Metall AS tegeleb uksetootmise ja allhankega. Pakume tulet\u00f5kkeuksi, metalluksi, profiil- ja l\u00fckanduksi ning garaa\u017ei- ja t\u00f6\u00f6stuslikke t\u00f5stuksi ning lehtmetallist allhanket\u00f6id. V\u00f5ta \u00fchendust!","potentialAction":[{"@type":"SearchAction","target":{"@type":"EntryPoint","urlTemplate":"https:\/\/sakumetall.rwd.ee\/allhanketehas\/et\/?s={search_term_string}"},"query-input":{"@type":"PropertyValueSpecification","valueRequired":true,"valueName":"search_term_string"}}],"inLanguage":"et"}]}},"_links":{"self":[{"href":"https:\/\/sakumetall.rwd.ee\/allhanketehas\/et\/wp-json\/wp\/v2\/pages\/5358","targetHints":{"allow":["GET"]}}],"collection":[{"href":"https:\/\/sakumetall.rwd.ee\/allhanketehas\/et\/wp-json\/wp\/v2\/pages"}],"about":[{"href":"https:\/\/sakumetall.rwd.ee\/allhanketehas\/et\/wp-json\/wp\/v2\/types\/page"}],"author":[{"embeddable":true,"href":"https:\/\/sakumetall.rwd.ee\/allhanketehas\/et\/wp-json\/wp\/v2\/users\/21"}],"replies":[{"embeddable":true,"href":"https:\/\/sakumetall.rwd.ee\/allhanketehas\/et\/wp-json\/wp\/v2\/comments?post=5358"}],"version-history":[{"count":29,"href":"https:\/\/sakumetall.rwd.ee\/allhanketehas\/et\/wp-json\/wp\/v2\/pages\/5358\/revisions"}],"predecessor-version":[{"id":5872,"href":"https:\/\/sakumetall.rwd.ee\/allhanketehas\/et\/wp-json\/wp\/v2\/pages\/5358\/revisions\/5872"}],"wp:featuredmedia":[{"embeddable":true,"href":"https:\/\/sakumetall.rwd.ee\/allhanketehas\/et\/wp-json\/wp\/v2\/media\/5401"}],"wp:attachment":[{"href":"https:\/\/sakumetall.rwd.ee\/allhanketehas\/et\/wp-json\/wp\/v2\/media?parent=5358"}],"curies":[{"name":"wp","href":"https:\/\/api.w.org\/{rel}","templated":true}]}}