{"id":5326,"date":"2023-04-06T12:27:49","date_gmt":"2023-04-06T10:27:49","guid":{"rendered":"https:\/\/sakumetall.rwd.ee\/allhanketehas\/?page_id=5326"},"modified":"2024-01-30T15:11:17","modified_gmt":"2024-01-30T13:11:17","slug":"projektid","status":"publish","type":"page","link":"https:\/\/sakumetall.rwd.ee\/allhanketehas\/et\/ettevottest\/projektid\/","title":{"rendered":"Projektid"},"content":{"rendered":"<h1><span style=\"font-size: 18pt\"><span style=\"font-family: verdana, geneva, sans-serif\">Projekt \u201eAS Saku Metall Allhanke Tehas digip\u00f6\u00f6rde toetus\u201d sai toetust Euroopa Liidu taasterahastu NextGenerationEU vahenditest<\/span><\/span><\/h1>\n<p><img loading=\"lazy\" decoding=\"async\" width=\"294\" height=\"145\" class=\"alignnone size-full wp-image-5315\" src=\"https:\/\/sakumetall.rwd.ee\/allhanketehas\/wp-content\/uploads\/sites\/3\/2023\/04\/PictureEAS.png\" alt=\"\" srcset=\"https:\/\/sakumetall.rwd.ee\/allhanketehas\/wp-content\/uploads\/sites\/3\/2023\/04\/PictureEAS.png 294w, https:\/\/sakumetall.rwd.ee\/allhanketehas\/wp-content\/uploads\/sites\/3\/2023\/04\/PictureEAS-180x89.png 180w\" sizes=\"auto, (max-width: 294px) 100vw, 294px\" \/><\/p>\n<p><span style=\"font-size: 12pt\"><strong>Projekti l\u00fchikokkuv\u00f5te:<\/strong><\/span><\/p>\n<p><span style=\"font-size: 12pt\">Projekti tulemusel suurendatakse AS Saku Metall Allhanke Tehase tootmise digitaliseeritust ning suurendatakse seel\u00e4bi ettev\u00f5tte lisandv\u00e4\u00e4rtust t\u00f6\u00f6taja kohta. Investeeringu k\u00e4igus soetab AS Saku Metall Allhanke Tehas uue automaatlaoga fiiberlaserl\u00f5ikuspingi.<\/span><\/p>\n<p><span style=\"font-size: 12pt\"><strong>Projekti eesm\u00e4rk ja tulemus:<\/strong><\/span><\/p>\n<p><span style=\"font-size: 12pt\">Projekti eesm\u00e4rgiks on suurendada tootmisv\u00f5imsusi ning valmistada keerulisemaid tooteid, et omada metallit\u00f6\u00f6stuses suuremat konkurentsiv\u00f5imet. Ettev\u00f5tte eesm\u00e4rgiks on tasakaalustatud areng tootlikkuse kasvatamise ja protsesside-, tehnoloogianing personali arendamise kaudu. Automatiseerimiseks on vajalik soetada uus v\u00f5imekam fiiberlaserl\u00f5ikuspink, mis on v\u00f5imeline sama detaili ca 4x kiiremini l\u00f5ikama kui vanad laserl\u00f5ikuspingid. Fiiberlaserl\u00f5ikuspink on koos automaatlaoga, mis optimeerib aega ning v\u00e4hendab t\u00f6\u00f6tajate f\u00fc\u00fcsilist koormust.<\/span><\/p>\n<p><span style=\"font-size: 12pt\">Meetme tulemusena v\u00f5etakse kasutusele uus v\u00f5imsam ja kiirem fiiberlaserl\u00f5ikuspink, mis sisaldab liidestustarkvara pingi ja ERP tarkvara \u00fchildamiseks. Seel\u00e4bi on v\u00f5imalik l\u00e4bi sisev\u00f5rgu edastada pingile t\u00f6\u00f6k\u00e4sklusi- ja programme. Fiiberlaserl\u00f5ikuspingi rakendamine v\u00e4hendab t\u00f6\u00f6tajate arvu \u00fche operaatori v\u00f5rra ning suurendab ettev\u00f5tte k\u00e4ivet ca 2,5% tootmismahu kasvu tulemusena.<\/span><\/p>\n<p><span style=\"font-size: 12pt\">Automaatladu v\u00f5imaldab kiiremini ja inimresurssi kasutamata teostada materjalide vahetamist ning peale- ja mahalaadimist. Lisaks on v\u00f5imalik j\u00e4tta l\u00f5ikepink automaatlaoga eelseadistatuna \u00f6\u00f6sel l\u00f5ikama, ilma operaatori t\u00e4helepanu vajamata, t\u00e4nu millele suureneb tehases tootmine.<\/span><\/p>\n<p><span style=\"font-size: 12pt\"><strong>Toetuse summa (EUR):<\/strong><\/span><\/p>\n<p><span style=\"font-size: 12pt\">186 843,53<\/span><\/p>\n","protected":false},"excerpt":{"rendered":"<p>Projekt \u201eAS Saku Metall Allhanke Tehas digip\u00f6\u00f6rde toetus\u201d sai toetust Euroopa Liidu taasterahastu NextGenerationEU vahenditest Projekti l\u00fchikokkuv\u00f5te: Projekti tulemusel suurendatakse AS Saku Metall Allhanke Tehase tootmise digitaliseeritust ning suurendatakse seel\u00e4bi ettev\u00f5tte lisandv\u00e4\u00e4rtust t\u00f6\u00f6taja kohta. Investeeringu k\u00e4igus soetab AS Saku Metall Allhanke Tehas uue automaatlaoga fiiberlaserl\u00f5ikuspingi. Projekti eesm\u00e4rk ja tulemus: Projekti eesm\u00e4rgiks on suurendada tootmisv\u00f5imsusi ning &#8230;<\/p>\n","protected":false},"author":25,"featured_media":0,"parent":91,"menu_order":3,"comment_status":"closed","ping_status":"closed","template":"","meta":{"footnotes":""},"class_list":["post-5326","page","type-page","status-publish","hentry"],"yoast_head":"<!-- This site is optimized with the Yoast SEO plugin v27.3 - https:\/\/yoast.com\/product\/yoast-seo-wordpress\/ -->\n<title>Projektid - Saku Metall Allhanke Tehas<\/title>\n<meta name=\"robots\" content=\"index, follow, max-snippet:-1, max-image-preview:large, max-video-preview:-1\" \/>\n<link rel=\"canonical\" href=\"https:\/\/sakumetall.rwd.ee\/allhanketehas\/et\/ettevottest\/projektid\/\" \/>\n<meta property=\"og:locale\" content=\"et_EE\" \/>\n<meta property=\"og:type\" content=\"article\" \/>\n<meta property=\"og:title\" content=\"Projektid - Saku Metall Allhanke Tehas\" \/>\n<meta property=\"og:description\" content=\"Projekt \u201eAS Saku Metall Allhanke Tehas digip\u00f6\u00f6rde toetus\u201d sai toetust Euroopa Liidu taasterahastu NextGenerationEU vahenditest Projekti l\u00fchikokkuv\u00f5te: Projekti tulemusel suurendatakse AS Saku Metall Allhanke Tehase tootmise digitaliseeritust ning suurendatakse seel\u00e4bi ettev\u00f5tte lisandv\u00e4\u00e4rtust t\u00f6\u00f6taja kohta. Investeeringu k\u00e4igus soetab AS Saku Metall Allhanke Tehas uue automaatlaoga fiiberlaserl\u00f5ikuspingi. Projekti eesm\u00e4rk ja tulemus: Projekti eesm\u00e4rgiks on suurendada tootmisv\u00f5imsusi ning ...\" \/>\n<meta property=\"og:url\" content=\"https:\/\/sakumetall.rwd.ee\/allhanketehas\/et\/ettevottest\/projektid\/\" \/>\n<meta property=\"og:site_name\" content=\"Saku Metall Allhanke Tehas\" \/>\n<meta property=\"article:modified_time\" content=\"2024-01-30T13:11:17+00:00\" \/>\n<meta property=\"og:image\" content=\"https:\/\/sakumetall.rwd.ee\/allhanketehas\/wp-content\/uploads\/sites\/3\/2023\/04\/PictureEAS.png\" \/>\n<meta name=\"twitter:card\" content=\"summary_large_image\" \/>\n<meta name=\"twitter:label1\" content=\"Est. reading time\" \/>\n\t<meta name=\"twitter:data1\" content=\"2 minutit\" \/>\n<script type=\"application\/ld+json\" class=\"yoast-schema-graph\">{\"@context\":\"https:\\\/\\\/schema.org\",\"@graph\":[{\"@type\":\"WebPage\",\"@id\":\"https:\\\/\\\/sakumetall.rwd.ee\\\/allhanketehas\\\/et\\\/ettevottest\\\/projektid\\\/\",\"url\":\"https:\\\/\\\/sakumetall.rwd.ee\\\/allhanketehas\\\/et\\\/ettevottest\\\/projektid\\\/\",\"name\":\"Projektid - Saku Metall Allhanke Tehas\",\"isPartOf\":{\"@id\":\"https:\\\/\\\/sakumetall.rwd.ee\\\/allhanketehas\\\/et\\\/#website\"},\"primaryImageOfPage\":{\"@id\":\"https:\\\/\\\/sakumetall.rwd.ee\\\/allhanketehas\\\/et\\\/ettevottest\\\/projektid\\\/#primaryimage\"},\"image\":{\"@id\":\"https:\\\/\\\/sakumetall.rwd.ee\\\/allhanketehas\\\/et\\\/ettevottest\\\/projektid\\\/#primaryimage\"},\"thumbnailUrl\":\"https:\\\/\\\/sakumetall.rwd.ee\\\/allhanketehas\\\/wp-content\\\/uploads\\\/sites\\\/3\\\/2023\\\/04\\\/PictureEAS.png\",\"datePublished\":\"2023-04-06T10:27:49+00:00\",\"dateModified\":\"2024-01-30T13:11:17+00:00\",\"breadcrumb\":{\"@id\":\"https:\\\/\\\/sakumetall.rwd.ee\\\/allhanketehas\\\/et\\\/ettevottest\\\/projektid\\\/#breadcrumb\"},\"inLanguage\":\"et\",\"potentialAction\":[{\"@type\":\"ReadAction\",\"target\":[\"https:\\\/\\\/sakumetall.rwd.ee\\\/allhanketehas\\\/et\\\/ettevottest\\\/projektid\\\/\"]}]},{\"@type\":\"ImageObject\",\"inLanguage\":\"et\",\"@id\":\"https:\\\/\\\/sakumetall.rwd.ee\\\/allhanketehas\\\/et\\\/ettevottest\\\/projektid\\\/#primaryimage\",\"url\":\"https:\\\/\\\/sakumetall.rwd.ee\\\/allhanketehas\\\/wp-content\\\/uploads\\\/sites\\\/3\\\/2023\\\/04\\\/PictureEAS.png\",\"contentUrl\":\"https:\\\/\\\/sakumetall.rwd.ee\\\/allhanketehas\\\/wp-content\\\/uploads\\\/sites\\\/3\\\/2023\\\/04\\\/PictureEAS.png\"},{\"@type\":\"BreadcrumbList\",\"@id\":\"https:\\\/\\\/sakumetall.rwd.ee\\\/allhanketehas\\\/et\\\/ettevottest\\\/projektid\\\/#breadcrumb\",\"itemListElement\":[{\"@type\":\"ListItem\",\"position\":1,\"name\":\"Home\",\"item\":\"https:\\\/\\\/sakumetall.rwd.ee\\\/allhanketehas\\\/et\\\/\"},{\"@type\":\"ListItem\",\"position\":2,\"name\":\"Ettev\u00f5ttest\",\"item\":\"https:\\\/\\\/sakumetall.rwd.ee\\\/allhanketehas\\\/et\\\/ettevottest\\\/\"},{\"@type\":\"ListItem\",\"position\":3,\"name\":\"Projektid\"}]},{\"@type\":\"WebSite\",\"@id\":\"https:\\\/\\\/sakumetall.rwd.ee\\\/allhanketehas\\\/et\\\/#website\",\"url\":\"https:\\\/\\\/sakumetall.rwd.ee\\\/allhanketehas\\\/et\\\/\",\"name\":\"Saku Metall Allhanke Tehas\",\"description\":\"Saku Metall AS tegeleb uksetootmise ja allhankega. Pakume tulet\u00f5kkeuksi, metalluksi, profiil- ja l\u00fckanduksi ning garaa\u017ei- ja t\u00f6\u00f6stuslikke t\u00f5stuksi ning lehtmetallist allhanket\u00f6id. V\u00f5ta \u00fchendust!\",\"potentialAction\":[{\"@type\":\"SearchAction\",\"target\":{\"@type\":\"EntryPoint\",\"urlTemplate\":\"https:\\\/\\\/sakumetall.rwd.ee\\\/allhanketehas\\\/et\\\/?s={search_term_string}\"},\"query-input\":{\"@type\":\"PropertyValueSpecification\",\"valueRequired\":true,\"valueName\":\"search_term_string\"}}],\"inLanguage\":\"et\"}]}<\/script>\n<!-- \/ Yoast SEO plugin. -->","yoast_head_json":{"title":"Projektid - Saku Metall Allhanke Tehas","robots":{"index":"index","follow":"follow","max-snippet":"max-snippet:-1","max-image-preview":"max-image-preview:large","max-video-preview":"max-video-preview:-1"},"canonical":"https:\/\/sakumetall.rwd.ee\/allhanketehas\/et\/ettevottest\/projektid\/","og_locale":"et_EE","og_type":"article","og_title":"Projektid - Saku Metall Allhanke Tehas","og_description":"Projekt \u201eAS Saku Metall Allhanke Tehas digip\u00f6\u00f6rde toetus\u201d sai toetust Euroopa Liidu taasterahastu NextGenerationEU vahenditest Projekti l\u00fchikokkuv\u00f5te: Projekti tulemusel suurendatakse AS Saku Metall Allhanke Tehase tootmise digitaliseeritust ning suurendatakse seel\u00e4bi ettev\u00f5tte lisandv\u00e4\u00e4rtust t\u00f6\u00f6taja kohta. Investeeringu k\u00e4igus soetab AS Saku Metall Allhanke Tehas uue automaatlaoga fiiberlaserl\u00f5ikuspingi. Projekti eesm\u00e4rk ja tulemus: Projekti eesm\u00e4rgiks on suurendada tootmisv\u00f5imsusi ning ...","og_url":"https:\/\/sakumetall.rwd.ee\/allhanketehas\/et\/ettevottest\/projektid\/","og_site_name":"Saku Metall Allhanke Tehas","article_modified_time":"2024-01-30T13:11:17+00:00","og_image":[{"url":"https:\/\/sakumetall.rwd.ee\/allhanketehas\/wp-content\/uploads\/sites\/3\/2023\/04\/PictureEAS.png","type":"","width":"","height":""}],"twitter_card":"summary_large_image","twitter_misc":{"Est. reading time":"2 minutit"},"schema":{"@context":"https:\/\/schema.org","@graph":[{"@type":"WebPage","@id":"https:\/\/sakumetall.rwd.ee\/allhanketehas\/et\/ettevottest\/projektid\/","url":"https:\/\/sakumetall.rwd.ee\/allhanketehas\/et\/ettevottest\/projektid\/","name":"Projektid - Saku Metall Allhanke Tehas","isPartOf":{"@id":"https:\/\/sakumetall.rwd.ee\/allhanketehas\/et\/#website"},"primaryImageOfPage":{"@id":"https:\/\/sakumetall.rwd.ee\/allhanketehas\/et\/ettevottest\/projektid\/#primaryimage"},"image":{"@id":"https:\/\/sakumetall.rwd.ee\/allhanketehas\/et\/ettevottest\/projektid\/#primaryimage"},"thumbnailUrl":"https:\/\/sakumetall.rwd.ee\/allhanketehas\/wp-content\/uploads\/sites\/3\/2023\/04\/PictureEAS.png","datePublished":"2023-04-06T10:27:49+00:00","dateModified":"2024-01-30T13:11:17+00:00","breadcrumb":{"@id":"https:\/\/sakumetall.rwd.ee\/allhanketehas\/et\/ettevottest\/projektid\/#breadcrumb"},"inLanguage":"et","potentialAction":[{"@type":"ReadAction","target":["https:\/\/sakumetall.rwd.ee\/allhanketehas\/et\/ettevottest\/projektid\/"]}]},{"@type":"ImageObject","inLanguage":"et","@id":"https:\/\/sakumetall.rwd.ee\/allhanketehas\/et\/ettevottest\/projektid\/#primaryimage","url":"https:\/\/sakumetall.rwd.ee\/allhanketehas\/wp-content\/uploads\/sites\/3\/2023\/04\/PictureEAS.png","contentUrl":"https:\/\/sakumetall.rwd.ee\/allhanketehas\/wp-content\/uploads\/sites\/3\/2023\/04\/PictureEAS.png"},{"@type":"BreadcrumbList","@id":"https:\/\/sakumetall.rwd.ee\/allhanketehas\/et\/ettevottest\/projektid\/#breadcrumb","itemListElement":[{"@type":"ListItem","position":1,"name":"Home","item":"https:\/\/sakumetall.rwd.ee\/allhanketehas\/et\/"},{"@type":"ListItem","position":2,"name":"Ettev\u00f5ttest","item":"https:\/\/sakumetall.rwd.ee\/allhanketehas\/et\/ettevottest\/"},{"@type":"ListItem","position":3,"name":"Projektid"}]},{"@type":"WebSite","@id":"https:\/\/sakumetall.rwd.ee\/allhanketehas\/et\/#website","url":"https:\/\/sakumetall.rwd.ee\/allhanketehas\/et\/","name":"Saku Metall Allhanke Tehas","description":"Saku Metall AS tegeleb uksetootmise ja allhankega. Pakume tulet\u00f5kkeuksi, metalluksi, profiil- ja l\u00fckanduksi ning garaa\u017ei- ja t\u00f6\u00f6stuslikke t\u00f5stuksi ning lehtmetallist allhanket\u00f6id. V\u00f5ta \u00fchendust!","potentialAction":[{"@type":"SearchAction","target":{"@type":"EntryPoint","urlTemplate":"https:\/\/sakumetall.rwd.ee\/allhanketehas\/et\/?s={search_term_string}"},"query-input":{"@type":"PropertyValueSpecification","valueRequired":true,"valueName":"search_term_string"}}],"inLanguage":"et"}]}},"_links":{"self":[{"href":"https:\/\/sakumetall.rwd.ee\/allhanketehas\/et\/wp-json\/wp\/v2\/pages\/5326","targetHints":{"allow":["GET"]}}],"collection":[{"href":"https:\/\/sakumetall.rwd.ee\/allhanketehas\/et\/wp-json\/wp\/v2\/pages"}],"about":[{"href":"https:\/\/sakumetall.rwd.ee\/allhanketehas\/et\/wp-json\/wp\/v2\/types\/page"}],"author":[{"embeddable":true,"href":"https:\/\/sakumetall.rwd.ee\/allhanketehas\/et\/wp-json\/wp\/v2\/users\/25"}],"replies":[{"embeddable":true,"href":"https:\/\/sakumetall.rwd.ee\/allhanketehas\/et\/wp-json\/wp\/v2\/comments?post=5326"}],"version-history":[{"count":7,"href":"https:\/\/sakumetall.rwd.ee\/allhanketehas\/et\/wp-json\/wp\/v2\/pages\/5326\/revisions"}],"predecessor-version":[{"id":5336,"href":"https:\/\/sakumetall.rwd.ee\/allhanketehas\/et\/wp-json\/wp\/v2\/pages\/5326\/revisions\/5336"}],"up":[{"embeddable":true,"href":"https:\/\/sakumetall.rwd.ee\/allhanketehas\/et\/wp-json\/wp\/v2\/pages\/91"}],"wp:attachment":[{"href":"https:\/\/sakumetall.rwd.ee\/allhanketehas\/et\/wp-json\/wp\/v2\/media?parent=5326"}],"curies":[{"name":"wp","href":"https:\/\/api.w.org\/{rel}","templated":true}]}}