{"id":5256,"date":"2023-03-28T10:28:25","date_gmt":"2023-03-28T08:28:25","guid":{"rendered":"https:\/\/sakumetall.rwd.ee\/allhanketehas\/?page_id=5256"},"modified":"2023-03-29T12:34:56","modified_gmt":"2023-03-29T10:34:56","slug":"laserloikepink-amada-ventis-3015aj-tornladu-asf3015-detailikorjaja-tk-3015eu","status":"publish","type":"page","link":"https:\/\/sakumetall.rwd.ee\/allhanketehas\/et\/tehnikapark\/laserloikepink-amada-ventis-3015aj-tornladu-asf3015-detailikorjaja-tk-3015eu\/","title":{"rendered":"Laserl\u00f5ikepink Amada Ventis 3015AJ + tornladu ASF3015 + detailikorjaja TK-3015EU"},"content":{"rendered":"<h1><span style=\"font-size: 24pt\">Laserl\u00f5ikepink Amada Ventis 3015AJ + tornladu ASF3015 + detailikorjaja TK-<\/span><span style=\"font-size: 24pt\">3015EU<\/span><\/h1>\n<ul style=\"list-style-type: square\">\n<li><span style=\"font-size: 12pt\">Max t\u00f6\u00f6deldava lehe m\u00f5\u00f5t (mm) 3050&#215;1525;<\/span><\/li>\n<li><span style=\"font-size: 12pt\">Max lehepaksused:<\/span>\n<ul style=\"list-style-type: circle\">\n<li><span style=\"font-size: 12pt\">s\u00fcsinikteras (mm) 25;<\/span><\/li>\n<li><span style=\"font-size: 12pt\">roostevaba teras (mm) 20;<\/span><\/li>\n<li><span style=\"font-size: 12pt\">alumiinium (mm) 16;<\/span><\/li>\n<li><span style=\"font-size: 12pt\">vask (mm) 8;<\/span><\/li>\n<\/ul>\n<\/li>\n<li><span style=\"font-size: 12pt\">Laseri v\u00f5imsus (kW) 4;<\/span><\/li>\n<li><span style=\"font-size: 12pt\">Tornlao kassettide arv 10.<\/span><\/li>\n<\/ul>\n<p><img loading=\"lazy\" decoding=\"async\" width=\"510\" height=\"340\" class=\"alignnone size-full wp-image-5263\" src=\"https:\/\/sakumetall.rwd.ee\/allhanketehas\/wp-content\/uploads\/sites\/3\/2023\/03\/id000014-06.jpg\" alt=\"\" srcset=\"https:\/\/sakumetall.rwd.ee\/allhanketehas\/wp-content\/uploads\/sites\/3\/2023\/03\/id000014-06.jpg 510w, https:\/\/sakumetall.rwd.ee\/allhanketehas\/wp-content\/uploads\/sites\/3\/2023\/03\/id000014-06-300x200.jpg 300w, https:\/\/sakumetall.rwd.ee\/allhanketehas\/wp-content\/uploads\/sites\/3\/2023\/03\/id000014-06-285x190.jpg 285w, https:\/\/sakumetall.rwd.ee\/allhanketehas\/wp-content\/uploads\/sites\/3\/2023\/03\/id000014-06-150x100.jpg 150w, https:\/\/sakumetall.rwd.ee\/allhanketehas\/wp-content\/uploads\/sites\/3\/2023\/03\/id000014-06-180x120.jpg 180w\" sizes=\"auto, (max-width: 510px) 100vw, 510px\" \/><\/p>\n","protected":false},"excerpt":{"rendered":"<p>Laserl\u00f5ikepink Amada Ventis 3015AJ + tornladu ASF3015 + detailikorjaja TK-3015EU Max t\u00f6\u00f6deldava lehe m\u00f5\u00f5t (mm) 3050&#215;1525; Max lehepaksused: s\u00fcsinikteras (mm) 25; roostevaba teras (mm) 20; alumiinium (mm) 16; vask (mm) 8; Laseri v\u00f5imsus (kW) 4; Tornlao kassettide arv 10.<\/p>\n","protected":false},"author":25,"featured_media":0,"parent":89,"menu_order":0,"comment_status":"closed","ping_status":"closed","template":"","meta":{"footnotes":""},"class_list":["post-5256","page","type-page","status-publish","hentry"],"yoast_head":"<!-- This site is optimized with the Yoast SEO plugin v27.3 - https:\/\/yoast.com\/product\/yoast-seo-wordpress\/ -->\n<title>Laserl\u00f5ikepink Amada Ventis 3015AJ + tornladu ASF3015 + detailikorjaja TK-3015EU - Saku Metall Allhanke Tehas<\/title>\n<meta name=\"robots\" content=\"index, follow, max-snippet:-1, max-image-preview:large, max-video-preview:-1\" \/>\n<link rel=\"canonical\" href=\"https:\/\/sakumetall.rwd.ee\/allhanketehas\/et\/tehnikapark\/laserloikepink-amada-ventis-3015aj-tornladu-asf3015-detailikorjaja-tk-3015eu\/\" \/>\n<meta property=\"og:locale\" content=\"et_EE\" \/>\n<meta property=\"og:type\" content=\"article\" \/>\n<meta property=\"og:title\" content=\"Laserl\u00f5ikepink Amada Ventis 3015AJ + tornladu ASF3015 + detailikorjaja TK-3015EU - Saku Metall Allhanke Tehas\" \/>\n<meta property=\"og:description\" content=\"Laserl\u00f5ikepink Amada Ventis 3015AJ + tornladu ASF3015 + detailikorjaja TK-3015EU Max t\u00f6\u00f6deldava lehe m\u00f5\u00f5t (mm) 3050&#215;1525; Max lehepaksused: s\u00fcsinikteras (mm) 25; roostevaba teras (mm) 20; alumiinium (mm) 16; vask (mm) 8; Laseri v\u00f5imsus (kW) 4; Tornlao kassettide arv 10.\" \/>\n<meta property=\"og:url\" content=\"https:\/\/sakumetall.rwd.ee\/allhanketehas\/et\/tehnikapark\/laserloikepink-amada-ventis-3015aj-tornladu-asf3015-detailikorjaja-tk-3015eu\/\" \/>\n<meta property=\"og:site_name\" content=\"Saku Metall Allhanke Tehas\" \/>\n<meta property=\"article:modified_time\" content=\"2023-03-29T10:34:56+00:00\" \/>\n<meta property=\"og:image\" content=\"https:\/\/sakumetall.rwd.ee\/allhanketehas\/wp-content\/uploads\/sites\/3\/2023\/03\/id000014-06.jpg\" \/>\n<meta name=\"twitter:card\" content=\"summary_large_image\" \/>\n<meta name=\"twitter:label1\" content=\"Est. reading time\" \/>\n\t<meta name=\"twitter:data1\" content=\"1 minut\" \/>\n<script type=\"application\/ld+json\" class=\"yoast-schema-graph\">{\"@context\":\"https:\\\/\\\/schema.org\",\"@graph\":[{\"@type\":\"WebPage\",\"@id\":\"https:\\\/\\\/sakumetall.rwd.ee\\\/allhanketehas\\\/et\\\/tehnikapark\\\/laserloikepink-amada-ventis-3015aj-tornladu-asf3015-detailikorjaja-tk-3015eu\\\/\",\"url\":\"https:\\\/\\\/sakumetall.rwd.ee\\\/allhanketehas\\\/et\\\/tehnikapark\\\/laserloikepink-amada-ventis-3015aj-tornladu-asf3015-detailikorjaja-tk-3015eu\\\/\",\"name\":\"Laserl\u00f5ikepink Amada Ventis 3015AJ + tornladu ASF3015 + detailikorjaja TK-3015EU - Saku Metall Allhanke Tehas\",\"isPartOf\":{\"@id\":\"https:\\\/\\\/sakumetall.rwd.ee\\\/allhanketehas\\\/et\\\/#website\"},\"primaryImageOfPage\":{\"@id\":\"https:\\\/\\\/sakumetall.rwd.ee\\\/allhanketehas\\\/et\\\/tehnikapark\\\/laserloikepink-amada-ventis-3015aj-tornladu-asf3015-detailikorjaja-tk-3015eu\\\/#primaryimage\"},\"image\":{\"@id\":\"https:\\\/\\\/sakumetall.rwd.ee\\\/allhanketehas\\\/et\\\/tehnikapark\\\/laserloikepink-amada-ventis-3015aj-tornladu-asf3015-detailikorjaja-tk-3015eu\\\/#primaryimage\"},\"thumbnailUrl\":\"https:\\\/\\\/sakumetall.rwd.ee\\\/allhanketehas\\\/wp-content\\\/uploads\\\/sites\\\/3\\\/2023\\\/03\\\/id000014-06.jpg\",\"datePublished\":\"2023-03-28T08:28:25+00:00\",\"dateModified\":\"2023-03-29T10:34:56+00:00\",\"breadcrumb\":{\"@id\":\"https:\\\/\\\/sakumetall.rwd.ee\\\/allhanketehas\\\/et\\\/tehnikapark\\\/laserloikepink-amada-ventis-3015aj-tornladu-asf3015-detailikorjaja-tk-3015eu\\\/#breadcrumb\"},\"inLanguage\":\"et\",\"potentialAction\":[{\"@type\":\"ReadAction\",\"target\":[\"https:\\\/\\\/sakumetall.rwd.ee\\\/allhanketehas\\\/et\\\/tehnikapark\\\/laserloikepink-amada-ventis-3015aj-tornladu-asf3015-detailikorjaja-tk-3015eu\\\/\"]}]},{\"@type\":\"ImageObject\",\"inLanguage\":\"et\",\"@id\":\"https:\\\/\\\/sakumetall.rwd.ee\\\/allhanketehas\\\/et\\\/tehnikapark\\\/laserloikepink-amada-ventis-3015aj-tornladu-asf3015-detailikorjaja-tk-3015eu\\\/#primaryimage\",\"url\":\"https:\\\/\\\/sakumetall.rwd.ee\\\/allhanketehas\\\/wp-content\\\/uploads\\\/sites\\\/3\\\/2023\\\/03\\\/id000014-06.jpg\",\"contentUrl\":\"https:\\\/\\\/sakumetall.rwd.ee\\\/allhanketehas\\\/wp-content\\\/uploads\\\/sites\\\/3\\\/2023\\\/03\\\/id000014-06.jpg\"},{\"@type\":\"BreadcrumbList\",\"@id\":\"https:\\\/\\\/sakumetall.rwd.ee\\\/allhanketehas\\\/et\\\/tehnikapark\\\/laserloikepink-amada-ventis-3015aj-tornladu-asf3015-detailikorjaja-tk-3015eu\\\/#breadcrumb\",\"itemListElement\":[{\"@type\":\"ListItem\",\"position\":1,\"name\":\"Home\",\"item\":\"https:\\\/\\\/sakumetall.rwd.ee\\\/allhanketehas\\\/et\\\/\"},{\"@type\":\"ListItem\",\"position\":2,\"name\":\"Tehnikapark\",\"item\":\"https:\\\/\\\/sakumetall.rwd.ee\\\/allhanketehas\\\/et\\\/tehnikapark\\\/\"},{\"@type\":\"ListItem\",\"position\":3,\"name\":\"Laserl\u00f5ikepink Amada Ventis 3015AJ + tornladu ASF3015 + detailikorjaja TK-3015EU\"}]},{\"@type\":\"WebSite\",\"@id\":\"https:\\\/\\\/sakumetall.rwd.ee\\\/allhanketehas\\\/et\\\/#website\",\"url\":\"https:\\\/\\\/sakumetall.rwd.ee\\\/allhanketehas\\\/et\\\/\",\"name\":\"Saku Metall Allhanke Tehas\",\"description\":\"Saku Metall AS tegeleb uksetootmise ja allhankega. Pakume tulet\u00f5kkeuksi, metalluksi, profiil- ja l\u00fckanduksi ning garaa\u017ei- ja t\u00f6\u00f6stuslikke t\u00f5stuksi ning lehtmetallist allhanket\u00f6id. V\u00f5ta \u00fchendust!\",\"potentialAction\":[{\"@type\":\"SearchAction\",\"target\":{\"@type\":\"EntryPoint\",\"urlTemplate\":\"https:\\\/\\\/sakumetall.rwd.ee\\\/allhanketehas\\\/et\\\/?s={search_term_string}\"},\"query-input\":{\"@type\":\"PropertyValueSpecification\",\"valueRequired\":true,\"valueName\":\"search_term_string\"}}],\"inLanguage\":\"et\"}]}<\/script>\n<!-- \/ Yoast SEO plugin. -->","yoast_head_json":{"title":"Laserl\u00f5ikepink Amada Ventis 3015AJ + tornladu ASF3015 + detailikorjaja TK-3015EU - Saku Metall Allhanke Tehas","robots":{"index":"index","follow":"follow","max-snippet":"max-snippet:-1","max-image-preview":"max-image-preview:large","max-video-preview":"max-video-preview:-1"},"canonical":"https:\/\/sakumetall.rwd.ee\/allhanketehas\/et\/tehnikapark\/laserloikepink-amada-ventis-3015aj-tornladu-asf3015-detailikorjaja-tk-3015eu\/","og_locale":"et_EE","og_type":"article","og_title":"Laserl\u00f5ikepink Amada Ventis 3015AJ + tornladu ASF3015 + detailikorjaja TK-3015EU - Saku Metall Allhanke Tehas","og_description":"Laserl\u00f5ikepink Amada Ventis 3015AJ + tornladu ASF3015 + detailikorjaja TK-3015EU Max t\u00f6\u00f6deldava lehe m\u00f5\u00f5t (mm) 3050&#215;1525; Max lehepaksused: s\u00fcsinikteras (mm) 25; roostevaba teras (mm) 20; alumiinium (mm) 16; vask (mm) 8; Laseri v\u00f5imsus (kW) 4; Tornlao kassettide arv 10.","og_url":"https:\/\/sakumetall.rwd.ee\/allhanketehas\/et\/tehnikapark\/laserloikepink-amada-ventis-3015aj-tornladu-asf3015-detailikorjaja-tk-3015eu\/","og_site_name":"Saku Metall Allhanke Tehas","article_modified_time":"2023-03-29T10:34:56+00:00","og_image":[{"url":"https:\/\/sakumetall.rwd.ee\/allhanketehas\/wp-content\/uploads\/sites\/3\/2023\/03\/id000014-06.jpg","type":"","width":"","height":""}],"twitter_card":"summary_large_image","twitter_misc":{"Est. reading time":"1 minut"},"schema":{"@context":"https:\/\/schema.org","@graph":[{"@type":"WebPage","@id":"https:\/\/sakumetall.rwd.ee\/allhanketehas\/et\/tehnikapark\/laserloikepink-amada-ventis-3015aj-tornladu-asf3015-detailikorjaja-tk-3015eu\/","url":"https:\/\/sakumetall.rwd.ee\/allhanketehas\/et\/tehnikapark\/laserloikepink-amada-ventis-3015aj-tornladu-asf3015-detailikorjaja-tk-3015eu\/","name":"Laserl\u00f5ikepink Amada Ventis 3015AJ + tornladu ASF3015 + detailikorjaja TK-3015EU - Saku Metall Allhanke Tehas","isPartOf":{"@id":"https:\/\/sakumetall.rwd.ee\/allhanketehas\/et\/#website"},"primaryImageOfPage":{"@id":"https:\/\/sakumetall.rwd.ee\/allhanketehas\/et\/tehnikapark\/laserloikepink-amada-ventis-3015aj-tornladu-asf3015-detailikorjaja-tk-3015eu\/#primaryimage"},"image":{"@id":"https:\/\/sakumetall.rwd.ee\/allhanketehas\/et\/tehnikapark\/laserloikepink-amada-ventis-3015aj-tornladu-asf3015-detailikorjaja-tk-3015eu\/#primaryimage"},"thumbnailUrl":"https:\/\/sakumetall.rwd.ee\/allhanketehas\/wp-content\/uploads\/sites\/3\/2023\/03\/id000014-06.jpg","datePublished":"2023-03-28T08:28:25+00:00","dateModified":"2023-03-29T10:34:56+00:00","breadcrumb":{"@id":"https:\/\/sakumetall.rwd.ee\/allhanketehas\/et\/tehnikapark\/laserloikepink-amada-ventis-3015aj-tornladu-asf3015-detailikorjaja-tk-3015eu\/#breadcrumb"},"inLanguage":"et","potentialAction":[{"@type":"ReadAction","target":["https:\/\/sakumetall.rwd.ee\/allhanketehas\/et\/tehnikapark\/laserloikepink-amada-ventis-3015aj-tornladu-asf3015-detailikorjaja-tk-3015eu\/"]}]},{"@type":"ImageObject","inLanguage":"et","@id":"https:\/\/sakumetall.rwd.ee\/allhanketehas\/et\/tehnikapark\/laserloikepink-amada-ventis-3015aj-tornladu-asf3015-detailikorjaja-tk-3015eu\/#primaryimage","url":"https:\/\/sakumetall.rwd.ee\/allhanketehas\/wp-content\/uploads\/sites\/3\/2023\/03\/id000014-06.jpg","contentUrl":"https:\/\/sakumetall.rwd.ee\/allhanketehas\/wp-content\/uploads\/sites\/3\/2023\/03\/id000014-06.jpg"},{"@type":"BreadcrumbList","@id":"https:\/\/sakumetall.rwd.ee\/allhanketehas\/et\/tehnikapark\/laserloikepink-amada-ventis-3015aj-tornladu-asf3015-detailikorjaja-tk-3015eu\/#breadcrumb","itemListElement":[{"@type":"ListItem","position":1,"name":"Home","item":"https:\/\/sakumetall.rwd.ee\/allhanketehas\/et\/"},{"@type":"ListItem","position":2,"name":"Tehnikapark","item":"https:\/\/sakumetall.rwd.ee\/allhanketehas\/et\/tehnikapark\/"},{"@type":"ListItem","position":3,"name":"Laserl\u00f5ikepink Amada Ventis 3015AJ + tornladu ASF3015 + detailikorjaja TK-3015EU"}]},{"@type":"WebSite","@id":"https:\/\/sakumetall.rwd.ee\/allhanketehas\/et\/#website","url":"https:\/\/sakumetall.rwd.ee\/allhanketehas\/et\/","name":"Saku Metall Allhanke Tehas","description":"Saku Metall AS tegeleb uksetootmise ja allhankega. Pakume tulet\u00f5kkeuksi, metalluksi, profiil- ja l\u00fckanduksi ning garaa\u017ei- ja t\u00f6\u00f6stuslikke t\u00f5stuksi ning lehtmetallist allhanket\u00f6id. V\u00f5ta \u00fchendust!","potentialAction":[{"@type":"SearchAction","target":{"@type":"EntryPoint","urlTemplate":"https:\/\/sakumetall.rwd.ee\/allhanketehas\/et\/?s={search_term_string}"},"query-input":{"@type":"PropertyValueSpecification","valueRequired":true,"valueName":"search_term_string"}}],"inLanguage":"et"}]}},"_links":{"self":[{"href":"https:\/\/sakumetall.rwd.ee\/allhanketehas\/et\/wp-json\/wp\/v2\/pages\/5256","targetHints":{"allow":["GET"]}}],"collection":[{"href":"https:\/\/sakumetall.rwd.ee\/allhanketehas\/et\/wp-json\/wp\/v2\/pages"}],"about":[{"href":"https:\/\/sakumetall.rwd.ee\/allhanketehas\/et\/wp-json\/wp\/v2\/types\/page"}],"author":[{"embeddable":true,"href":"https:\/\/sakumetall.rwd.ee\/allhanketehas\/et\/wp-json\/wp\/v2\/users\/25"}],"replies":[{"embeddable":true,"href":"https:\/\/sakumetall.rwd.ee\/allhanketehas\/et\/wp-json\/wp\/v2\/comments?post=5256"}],"version-history":[{"count":5,"href":"https:\/\/sakumetall.rwd.ee\/allhanketehas\/et\/wp-json\/wp\/v2\/pages\/5256\/revisions"}],"predecessor-version":[{"id":5284,"href":"https:\/\/sakumetall.rwd.ee\/allhanketehas\/et\/wp-json\/wp\/v2\/pages\/5256\/revisions\/5284"}],"up":[{"embeddable":true,"href":"https:\/\/sakumetall.rwd.ee\/allhanketehas\/et\/wp-json\/wp\/v2\/pages\/89"}],"wp:attachment":[{"href":"https:\/\/sakumetall.rwd.ee\/allhanketehas\/et\/wp-json\/wp\/v2\/media?parent=5256"}],"curies":[{"name":"wp","href":"https:\/\/api.w.org\/{rel}","templated":true}]}}