{"id":2525,"date":"2016-04-21T13:52:27","date_gmt":"2016-04-21T11:52:27","guid":{"rendered":"https:\/\/sakumetall.rwd.ee\/allhanketehas\/?page_id=2525"},"modified":"2025-08-29T11:39:32","modified_gmt":"2025-08-29T09:39:32","slug":"kvaliteedipoliitika","status":"publish","type":"page","link":"https:\/\/sakumetall.rwd.ee\/allhanketehas\/et\/ettevottest\/kvaliteedipoliitika\/","title":{"rendered":"Juhtp\u00f5him\u00f5tted"},"content":{"rendered":"<h1><span style=\"font-family: verdana, geneva, sans-serif\">Juhtp\u00f5him\u00f5tted<\/span><\/h1>\n<p>&nbsp;<\/p>\n<p><span style=\"font-size: 12pt;font-family: verdana, geneva, sans-serif\">L\u00e4htume oma kvaliteedi-, keskkonna- ning t\u00f6\u00f6tervishoiu ja t\u00f6\u00f6ohutuse juhtimisel j\u00e4rgmistest p\u00f5him\u00f5tetest.<\/span><\/p>\n<ul style=\"list-style-type: square\">\n<li><span style=\"font-size: 12pt;font-family: verdana, geneva, sans-serif\">Peame oluliseks rakendatud juhtimiss\u00fcsteemide m\u00f5jususe pidevat parendamist. Saku Metall Allhanke Tehase kvaliteedi- ja keskkonnajuhtimiss\u00fcsteem on vastavuses rahvusvaheliste standardite ISO 9001:2015, ISO 14001:2015 ja ISO 45001:2018 n\u00f5uetega. Lisaks sellele j\u00e4rgime keevituskvaliteedi tagamisel standardi ISO 3834-2:2005 ja raudteeveeremi ning komponentide tootmisel standardi EN 15085-2 n\u00f5udeid.<\/span><\/li>\n<\/ul>\n<ul style=\"list-style-type: square\">\n<li><span style=\"font-size: 12pt;font-family: verdana, geneva, sans-serif\">V\u00e4\u00e4rtustame koost\u00f6\u00f6d meie huvipooltega, kelleks on kliendid, tarnijad, t\u00f6\u00f6tajad, kohalikud omavalitsused ja omanikud. Meie kohustumuseks on kindlustada k\u00f5igi huvipoolte j\u00e4tkuv rahulolu.<\/span><\/li>\n<\/ul>\n<ul style=\"list-style-type: square\">\n<li><span style=\"font-size: 12pt;font-family: verdana, geneva, sans-serif\">Meie eesm\u00e4rk on t\u00f6\u00f6tada t\u00f6\u00f6\u00f5nnetusteta ja terviseriketeta. Selle saavutamiseks oleme juurutanud turvalise ja tervist hoidva t\u00f6\u00f6keskkonna, mida koost\u00f6\u00f6s t\u00f6\u00f6tajatega igap\u00e4evaselt ajakohasena hoiame.<\/span><\/li>\n<\/ul>\n<ul style=\"list-style-type: square\">\n<li><span style=\"font-size: 12pt;font-family: verdana, geneva, sans-serif\">\u00d5hukesest lehtmetallist toodete valmistamise teenuse pakkumisel j\u00e4rgime klientide poolt ja seadusandluses esitatud n\u00f5udeid. Samade n\u00f5uete j\u00e4rgimist eeldame ka oma\u00a0 tarnijatelt ja koost\u00f6\u00f6partneritelt.<\/span><\/li>\n<\/ul>\n<ul style=\"list-style-type: square\">\n<li><span style=\"font-size: 12pt;font-family: verdana, geneva, sans-serif\">Toodete vastavuse tagamisel peame oluliseks t\u00f6\u00f6tajate arendamist ja kompetentside olemasolu ettev\u00f5tte igas valdkonnas.<\/span><\/li>\n<\/ul>\n<ul style=\"list-style-type: square\">\n<li><span style=\"font-size: 12pt;font-family: verdana, geneva, sans-serif\">Saku Metall Allhanke Tehas on keskkonnas\u00f5bralik ettev\u00f5te. Eeldame nii oma t\u00f6\u00f6tajatelt kui\u00a0 koost\u00f6\u00f6partneritelt keskkonnas\u00e4\u00e4stlikku suhtumist, saastamise v\u00e4ltimist ja loodusressursside heaperemehelikku kasutamist.<\/span><\/li>\n<\/ul>\n<ul style=\"list-style-type: square\">\n<li><span style=\"font-size: 12pt;font-family: verdana, geneva, sans-serif\">Meie eesm\u00e4rk on olla oma olemasolevatele ja potentsiaalsetele klientidele usaldusv\u00e4\u00e4rne partner, kelle tugevuseks on tehnoloogiline v\u00f5imekus, kompetentsed t\u00f6\u00f6tajad, efektiivselt toimivad protsessid ja kogemused.<\/span><\/li>\n<\/ul>\n<ul>\n<li><span style=\"font-size: 12pt;font-family: verdana, geneva, sans-serif\">Saku Metall Allhanke Tehas on allkirjastanud deklarastiooni seoses j\u00e4tkusuutliku metsamajandamise juhtp\u00f5him\u00f5tetega, mille alusel kohustub ettev\u00f5te:<\/span>\n<ul>\n<li><span style=\"font-size: 12pt;font-family: verdana, geneva, sans-serif\">j\u00e4rgima FSC-STD-40-004 v3-1 standardis toodud protseduure, mis on integreeritud ettev\u00f5tte juhtimiss\u00fcsteemiga;<\/span><\/li>\n<li><span style=\"font-size: 12pt;font-family: verdana, geneva, sans-serif\">j\u00e4rgima FSC t\u00f6\u00f6j\u00f5up\u00f5him\u00f5tted vastavalt Saku Metall AS eetikakoodeksis s\u00e4testatud t\u00f6\u00f6tajate p\u00f5hi\u00f5igustele ja Eesti Vabariigi seadustele;<\/span><\/li>\n<li><span style=\"font-size: 12pt;font-family: verdana, geneva, sans-serif\">n\u00f5udma oma \u00e4ripartneritelt t\u00f5endust FSC-STD-40-004 v3-1 vastavuse kohta<\/span><\/li>\n<\/ul>\n<\/li>\n<\/ul>\n<p>&nbsp;<\/p>\n<p>&nbsp;<\/p>\n","protected":false},"excerpt":{"rendered":"<p>Juhtp\u00f5him\u00f5tted &nbsp; L\u00e4htume oma kvaliteedi-, keskkonna- ning t\u00f6\u00f6tervishoiu ja t\u00f6\u00f6ohutuse juhtimisel j\u00e4rgmistest p\u00f5him\u00f5tetest. Peame oluliseks rakendatud juhtimiss\u00fcsteemide m\u00f5jususe pidevat parendamist. Saku Metall Allhanke Tehase kvaliteedi- ja keskkonnajuhtimiss\u00fcsteem on vastavuses rahvusvaheliste standardite ISO 9001:2015, ISO 14001:2015 ja ISO 45001:2018 n\u00f5uetega. Lisaks sellele j\u00e4rgime keevituskvaliteedi tagamisel standardi ISO 3834-2:2005 ja raudteeveeremi ning komponentide tootmisel standardi EN 15085-2 &#8230;<\/p>\n","protected":false},"author":3,"featured_media":0,"parent":91,"menu_order":1,"comment_status":"closed","ping_status":"closed","template":"","meta":{"footnotes":""},"class_list":["post-2525","page","type-page","status-publish","hentry"],"yoast_head":"<!-- This site is optimized with the Yoast SEO plugin v27.3 - https:\/\/yoast.com\/product\/yoast-seo-wordpress\/ -->\n<title>Juhtp\u00f5him\u00f5tted - Saku Metall Allhanke Tehas<\/title>\n<meta name=\"robots\" content=\"index, follow, max-snippet:-1, max-image-preview:large, max-video-preview:-1\" \/>\n<link rel=\"canonical\" href=\"https:\/\/sakumetall.rwd.ee\/allhanketehas\/et\/ettevottest\/kvaliteedipoliitika\/\" \/>\n<meta property=\"og:locale\" content=\"et_EE\" \/>\n<meta property=\"og:type\" content=\"article\" \/>\n<meta property=\"og:title\" content=\"Juhtp\u00f5him\u00f5tted - Saku Metall Allhanke Tehas\" \/>\n<meta property=\"og:description\" content=\"Juhtp\u00f5him\u00f5tted &nbsp; L\u00e4htume oma kvaliteedi-, keskkonna- ning t\u00f6\u00f6tervishoiu ja t\u00f6\u00f6ohutuse juhtimisel j\u00e4rgmistest p\u00f5him\u00f5tetest. Peame oluliseks rakendatud juhtimiss\u00fcsteemide m\u00f5jususe pidevat parendamist. Saku Metall Allhanke Tehase kvaliteedi- ja keskkonnajuhtimiss\u00fcsteem on vastavuses rahvusvaheliste standardite ISO 9001:2015, ISO 14001:2015 ja ISO 45001:2018 n\u00f5uetega. Lisaks sellele j\u00e4rgime keevituskvaliteedi tagamisel standardi ISO 3834-2:2005 ja raudteeveeremi ning komponentide tootmisel standardi EN 15085-2 ...\" \/>\n<meta property=\"og:url\" content=\"https:\/\/sakumetall.rwd.ee\/allhanketehas\/et\/ettevottest\/kvaliteedipoliitika\/\" \/>\n<meta property=\"og:site_name\" content=\"Saku Metall Allhanke Tehas\" \/>\n<meta property=\"article:modified_time\" content=\"2025-08-29T09:39:32+00:00\" \/>\n<meta name=\"twitter:card\" content=\"summary_large_image\" \/>\n<meta name=\"twitter:label1\" content=\"Est. reading time\" \/>\n\t<meta name=\"twitter:data1\" content=\"2 minutit\" \/>\n<script type=\"application\/ld+json\" class=\"yoast-schema-graph\">{\"@context\":\"https:\\\/\\\/schema.org\",\"@graph\":[{\"@type\":\"WebPage\",\"@id\":\"https:\\\/\\\/sakumetall.rwd.ee\\\/allhanketehas\\\/et\\\/ettevottest\\\/kvaliteedipoliitika\\\/\",\"url\":\"https:\\\/\\\/sakumetall.rwd.ee\\\/allhanketehas\\\/et\\\/ettevottest\\\/kvaliteedipoliitika\\\/\",\"name\":\"Juhtp\u00f5him\u00f5tted - Saku Metall Allhanke Tehas\",\"isPartOf\":{\"@id\":\"https:\\\/\\\/sakumetall.rwd.ee\\\/allhanketehas\\\/et\\\/#website\"},\"datePublished\":\"2016-04-21T11:52:27+00:00\",\"dateModified\":\"2025-08-29T09:39:32+00:00\",\"breadcrumb\":{\"@id\":\"https:\\\/\\\/sakumetall.rwd.ee\\\/allhanketehas\\\/et\\\/ettevottest\\\/kvaliteedipoliitika\\\/#breadcrumb\"},\"inLanguage\":\"et\",\"potentialAction\":[{\"@type\":\"ReadAction\",\"target\":[\"https:\\\/\\\/sakumetall.rwd.ee\\\/allhanketehas\\\/et\\\/ettevottest\\\/kvaliteedipoliitika\\\/\"]}]},{\"@type\":\"BreadcrumbList\",\"@id\":\"https:\\\/\\\/sakumetall.rwd.ee\\\/allhanketehas\\\/et\\\/ettevottest\\\/kvaliteedipoliitika\\\/#breadcrumb\",\"itemListElement\":[{\"@type\":\"ListItem\",\"position\":1,\"name\":\"Home\",\"item\":\"https:\\\/\\\/sakumetall.rwd.ee\\\/allhanketehas\\\/et\\\/\"},{\"@type\":\"ListItem\",\"position\":2,\"name\":\"Ettev\u00f5ttest\",\"item\":\"https:\\\/\\\/sakumetall.rwd.ee\\\/allhanketehas\\\/et\\\/ettevottest\\\/\"},{\"@type\":\"ListItem\",\"position\":3,\"name\":\"Juhtp\u00f5him\u00f5tted\"}]},{\"@type\":\"WebSite\",\"@id\":\"https:\\\/\\\/sakumetall.rwd.ee\\\/allhanketehas\\\/et\\\/#website\",\"url\":\"https:\\\/\\\/sakumetall.rwd.ee\\\/allhanketehas\\\/et\\\/\",\"name\":\"Saku Metall Allhanke Tehas\",\"description\":\"Saku Metall AS tegeleb uksetootmise ja allhankega. Pakume tulet\u00f5kkeuksi, metalluksi, profiil- ja l\u00fckanduksi ning garaa\u017ei- ja t\u00f6\u00f6stuslikke t\u00f5stuksi ning lehtmetallist allhanket\u00f6id. V\u00f5ta \u00fchendust!\",\"potentialAction\":[{\"@type\":\"SearchAction\",\"target\":{\"@type\":\"EntryPoint\",\"urlTemplate\":\"https:\\\/\\\/sakumetall.rwd.ee\\\/allhanketehas\\\/et\\\/?s={search_term_string}\"},\"query-input\":{\"@type\":\"PropertyValueSpecification\",\"valueRequired\":true,\"valueName\":\"search_term_string\"}}],\"inLanguage\":\"et\"}]}<\/script>\n<!-- \/ Yoast SEO plugin. -->","yoast_head_json":{"title":"Juhtp\u00f5him\u00f5tted - Saku Metall Allhanke Tehas","robots":{"index":"index","follow":"follow","max-snippet":"max-snippet:-1","max-image-preview":"max-image-preview:large","max-video-preview":"max-video-preview:-1"},"canonical":"https:\/\/sakumetall.rwd.ee\/allhanketehas\/et\/ettevottest\/kvaliteedipoliitika\/","og_locale":"et_EE","og_type":"article","og_title":"Juhtp\u00f5him\u00f5tted - Saku Metall Allhanke Tehas","og_description":"Juhtp\u00f5him\u00f5tted &nbsp; L\u00e4htume oma kvaliteedi-, keskkonna- ning t\u00f6\u00f6tervishoiu ja t\u00f6\u00f6ohutuse juhtimisel j\u00e4rgmistest p\u00f5him\u00f5tetest. Peame oluliseks rakendatud juhtimiss\u00fcsteemide m\u00f5jususe pidevat parendamist. Saku Metall Allhanke Tehase kvaliteedi- ja keskkonnajuhtimiss\u00fcsteem on vastavuses rahvusvaheliste standardite ISO 9001:2015, ISO 14001:2015 ja ISO 45001:2018 n\u00f5uetega. Lisaks sellele j\u00e4rgime keevituskvaliteedi tagamisel standardi ISO 3834-2:2005 ja raudteeveeremi ning komponentide tootmisel standardi EN 15085-2 ...","og_url":"https:\/\/sakumetall.rwd.ee\/allhanketehas\/et\/ettevottest\/kvaliteedipoliitika\/","og_site_name":"Saku Metall Allhanke Tehas","article_modified_time":"2025-08-29T09:39:32+00:00","twitter_card":"summary_large_image","twitter_misc":{"Est. reading time":"2 minutit"},"schema":{"@context":"https:\/\/schema.org","@graph":[{"@type":"WebPage","@id":"https:\/\/sakumetall.rwd.ee\/allhanketehas\/et\/ettevottest\/kvaliteedipoliitika\/","url":"https:\/\/sakumetall.rwd.ee\/allhanketehas\/et\/ettevottest\/kvaliteedipoliitika\/","name":"Juhtp\u00f5him\u00f5tted - Saku Metall Allhanke Tehas","isPartOf":{"@id":"https:\/\/sakumetall.rwd.ee\/allhanketehas\/et\/#website"},"datePublished":"2016-04-21T11:52:27+00:00","dateModified":"2025-08-29T09:39:32+00:00","breadcrumb":{"@id":"https:\/\/sakumetall.rwd.ee\/allhanketehas\/et\/ettevottest\/kvaliteedipoliitika\/#breadcrumb"},"inLanguage":"et","potentialAction":[{"@type":"ReadAction","target":["https:\/\/sakumetall.rwd.ee\/allhanketehas\/et\/ettevottest\/kvaliteedipoliitika\/"]}]},{"@type":"BreadcrumbList","@id":"https:\/\/sakumetall.rwd.ee\/allhanketehas\/et\/ettevottest\/kvaliteedipoliitika\/#breadcrumb","itemListElement":[{"@type":"ListItem","position":1,"name":"Home","item":"https:\/\/sakumetall.rwd.ee\/allhanketehas\/et\/"},{"@type":"ListItem","position":2,"name":"Ettev\u00f5ttest","item":"https:\/\/sakumetall.rwd.ee\/allhanketehas\/et\/ettevottest\/"},{"@type":"ListItem","position":3,"name":"Juhtp\u00f5him\u00f5tted"}]},{"@type":"WebSite","@id":"https:\/\/sakumetall.rwd.ee\/allhanketehas\/et\/#website","url":"https:\/\/sakumetall.rwd.ee\/allhanketehas\/et\/","name":"Saku Metall Allhanke Tehas","description":"Saku Metall AS tegeleb uksetootmise ja allhankega. Pakume tulet\u00f5kkeuksi, metalluksi, profiil- ja l\u00fckanduksi ning garaa\u017ei- ja t\u00f6\u00f6stuslikke t\u00f5stuksi ning lehtmetallist allhanket\u00f6id. V\u00f5ta \u00fchendust!","potentialAction":[{"@type":"SearchAction","target":{"@type":"EntryPoint","urlTemplate":"https:\/\/sakumetall.rwd.ee\/allhanketehas\/et\/?s={search_term_string}"},"query-input":{"@type":"PropertyValueSpecification","valueRequired":true,"valueName":"search_term_string"}}],"inLanguage":"et"}]}},"_links":{"self":[{"href":"https:\/\/sakumetall.rwd.ee\/allhanketehas\/et\/wp-json\/wp\/v2\/pages\/2525","targetHints":{"allow":["GET"]}}],"collection":[{"href":"https:\/\/sakumetall.rwd.ee\/allhanketehas\/et\/wp-json\/wp\/v2\/pages"}],"about":[{"href":"https:\/\/sakumetall.rwd.ee\/allhanketehas\/et\/wp-json\/wp\/v2\/types\/page"}],"author":[{"embeddable":true,"href":"https:\/\/sakumetall.rwd.ee\/allhanketehas\/et\/wp-json\/wp\/v2\/users\/3"}],"replies":[{"embeddable":true,"href":"https:\/\/sakumetall.rwd.ee\/allhanketehas\/et\/wp-json\/wp\/v2\/comments?post=2525"}],"version-history":[{"count":18,"href":"https:\/\/sakumetall.rwd.ee\/allhanketehas\/et\/wp-json\/wp\/v2\/pages\/2525\/revisions"}],"predecessor-version":[{"id":5989,"href":"https:\/\/sakumetall.rwd.ee\/allhanketehas\/et\/wp-json\/wp\/v2\/pages\/2525\/revisions\/5989"}],"up":[{"embeddable":true,"href":"https:\/\/sakumetall.rwd.ee\/allhanketehas\/et\/wp-json\/wp\/v2\/pages\/91"}],"wp:attachment":[{"href":"https:\/\/sakumetall.rwd.ee\/allhanketehas\/et\/wp-json\/wp\/v2\/media?parent=2525"}],"curies":[{"name":"wp","href":"https:\/\/api.w.org\/{rel}","templated":true}]}}