{"id":2433,"date":"2016-04-20T15:53:06","date_gmt":"2016-04-20T13:53:06","guid":{"rendered":"https:\/\/sakumetall.rwd.ee\/allhanketehas\/?page_id=2433"},"modified":"2023-03-28T10:13:08","modified_gmt":"2023-03-28T08:13:08","slug":"cnc-profiilivaltspink-3-rulliga-thoman-rb3l","status":"publish","type":"page","link":"https:\/\/sakumetall.rwd.ee\/allhanketehas\/et\/tehnikapark\/cnc-profiilivaltspink-3-rulliga-thoman-rb3l\/","title":{"rendered":"CNC profiilivaltspink 3 rulliga Thoman RB3L"},"content":{"rendered":"<h1>CNC profiilivaltspink 3 rulliga Thoman RB3L<\/h1>\n<ul style=\"list-style-type: square\">\n<li style=\"list-style-type: none\">\n<ul style=\"list-style-type: square\">\n<li style=\"list-style-type: none\">\n<ul style=\"list-style-type: square\">\n<li><span style=\"font-size: 12pt\">Maksimaalsed valtsitavad m\u00f5\u00f5dud:<\/span><\/li>\n<li><span style=\"font-size: 12pt\">\u00dcmartoru 80 x 3 mm<\/span><\/li>\n<li><span style=\"font-size: 12pt\">V\u00f5rdk\u00fclgne nelikanttoru 60 x 60 x 3mm<\/span><\/li>\n<li><span style=\"font-size: 12pt\">Ristk\u00fclikuline nelikanttoru 80 x 60 x 3mm<\/span><\/li>\n<li><span style=\"font-size: 12pt\">Pearulli maksimaalne survej\u00f5ud 12 kN<\/span><\/li>\n<\/ul>\n<\/li>\n<\/ul>\n<p><div id='gallery-1' class='gallery galleryid-2433 gallery-columns-3 gallery-size-single-work-thumb'><figure class='gallery-item'>\n\t\t\t<div class='gallery-icon landscape'>\n\t\t\t\t<a href='https:\/\/sakumetall.rwd.ee\/allhanketehas\/wp-content\/uploads\/sites\/3\/2016\/04\/valts3-e1461159930421.jpg'><img loading=\"lazy\" decoding=\"async\" width=\"150\" height=\"100\" src=\"https:\/\/sakumetall.rwd.ee\/allhanketehas\/wp-content\/uploads\/sites\/3\/2016\/04\/valts3-150x100.jpg\" class=\"attachment-single-work-thumb size-single-work-thumb\" alt=\"\" srcset=\"https:\/\/sakumetall.rwd.ee\/allhanketehas\/wp-content\/uploads\/sites\/3\/2016\/04\/valts3-150x100.jpg 150w, https:\/\/sakumetall.rwd.ee\/allhanketehas\/wp-content\/uploads\/sites\/3\/2016\/04\/valts3-285x190.jpg 285w\" sizes=\"auto, (max-width: 150px) 100vw, 150px\" \/><\/a>\n\t\t\t<\/div><\/figure>\n\t\t<\/div>\n<\/li>\n<\/ul>\n","protected":false},"excerpt":{"rendered":"<p>CNC profiilivaltspink 3 rulliga Thoman RB3L Maksimaalsed valtsitavad m\u00f5\u00f5dud: \u00dcmartoru 80 x 3 mm V\u00f5rdk\u00fclgne nelikanttoru 60 x 60 x 3mm Ristk\u00fclikuline nelikanttoru 80 x 60 x 3mm Pearulli maksimaalne survej\u00f5ud 12 kN<\/p>\n","protected":false},"author":3,"featured_media":0,"parent":89,"menu_order":14,"comment_status":"closed","ping_status":"closed","template":"","meta":{"footnotes":""},"class_list":["post-2433","page","type-page","status-publish","hentry"],"yoast_head":"<!-- This site is optimized with the Yoast SEO plugin v27.3 - https:\/\/yoast.com\/product\/yoast-seo-wordpress\/ -->\n<title>CNC profiilivaltspink 3 rulliga Thoman RB3L - Saku Metall Allhanke Tehas<\/title>\n<meta name=\"robots\" content=\"index, follow, max-snippet:-1, max-image-preview:large, max-video-preview:-1\" \/>\n<link rel=\"canonical\" href=\"https:\/\/sakumetall.rwd.ee\/allhanketehas\/et\/tehnikapark\/cnc-profiilivaltspink-3-rulliga-thoman-rb3l\/\" \/>\n<meta property=\"og:locale\" content=\"et_EE\" \/>\n<meta property=\"og:type\" content=\"article\" \/>\n<meta property=\"og:title\" content=\"CNC profiilivaltspink 3 rulliga Thoman RB3L - Saku Metall Allhanke Tehas\" \/>\n<meta property=\"og:description\" content=\"CNC profiilivaltspink 3 rulliga Thoman RB3L Maksimaalsed valtsitavad m\u00f5\u00f5dud: \u00dcmartoru 80 x 3 mm V\u00f5rdk\u00fclgne nelikanttoru 60 x 60 x 3mm Ristk\u00fclikuline nelikanttoru 80 x 60 x 3mm Pearulli maksimaalne survej\u00f5ud 12 kN\" \/>\n<meta property=\"og:url\" content=\"https:\/\/sakumetall.rwd.ee\/allhanketehas\/et\/tehnikapark\/cnc-profiilivaltspink-3-rulliga-thoman-rb3l\/\" \/>\n<meta property=\"og:site_name\" content=\"Saku Metall Allhanke Tehas\" \/>\n<meta property=\"article:modified_time\" content=\"2023-03-28T08:13:08+00:00\" \/>\n<meta property=\"og:image\" content=\"https:\/\/sakumetall.rwd.ee\/allhanketehas\/wp-content\/uploads\/sites\/3\/2016\/04\/valts3-150x100.jpg\" \/>\n<meta name=\"twitter:card\" content=\"summary_large_image\" \/>\n<meta name=\"twitter:label1\" content=\"Est. reading time\" \/>\n\t<meta name=\"twitter:data1\" content=\"1 minut\" \/>\n<script type=\"application\/ld+json\" class=\"yoast-schema-graph\">{\"@context\":\"https:\\\/\\\/schema.org\",\"@graph\":[{\"@type\":\"WebPage\",\"@id\":\"https:\\\/\\\/sakumetall.rwd.ee\\\/allhanketehas\\\/et\\\/tehnikapark\\\/cnc-profiilivaltspink-3-rulliga-thoman-rb3l\\\/\",\"url\":\"https:\\\/\\\/sakumetall.rwd.ee\\\/allhanketehas\\\/et\\\/tehnikapark\\\/cnc-profiilivaltspink-3-rulliga-thoman-rb3l\\\/\",\"name\":\"CNC profiilivaltspink 3 rulliga Thoman RB3L - Saku Metall Allhanke Tehas\",\"isPartOf\":{\"@id\":\"https:\\\/\\\/sakumetall.rwd.ee\\\/allhanketehas\\\/et\\\/#website\"},\"datePublished\":\"2016-04-20T13:53:06+00:00\",\"dateModified\":\"2023-03-28T08:13:08+00:00\",\"breadcrumb\":{\"@id\":\"https:\\\/\\\/sakumetall.rwd.ee\\\/allhanketehas\\\/et\\\/tehnikapark\\\/cnc-profiilivaltspink-3-rulliga-thoman-rb3l\\\/#breadcrumb\"},\"inLanguage\":\"et\",\"potentialAction\":[{\"@type\":\"ReadAction\",\"target\":[\"https:\\\/\\\/sakumetall.rwd.ee\\\/allhanketehas\\\/et\\\/tehnikapark\\\/cnc-profiilivaltspink-3-rulliga-thoman-rb3l\\\/\"]}]},{\"@type\":\"BreadcrumbList\",\"@id\":\"https:\\\/\\\/sakumetall.rwd.ee\\\/allhanketehas\\\/et\\\/tehnikapark\\\/cnc-profiilivaltspink-3-rulliga-thoman-rb3l\\\/#breadcrumb\",\"itemListElement\":[{\"@type\":\"ListItem\",\"position\":1,\"name\":\"Home\",\"item\":\"https:\\\/\\\/sakumetall.rwd.ee\\\/allhanketehas\\\/et\\\/\"},{\"@type\":\"ListItem\",\"position\":2,\"name\":\"Tehnikapark\",\"item\":\"https:\\\/\\\/sakumetall.rwd.ee\\\/allhanketehas\\\/et\\\/tehnikapark\\\/\"},{\"@type\":\"ListItem\",\"position\":3,\"name\":\"CNC profiilivaltspink 3 rulliga Thoman RB3L\"}]},{\"@type\":\"WebSite\",\"@id\":\"https:\\\/\\\/sakumetall.rwd.ee\\\/allhanketehas\\\/et\\\/#website\",\"url\":\"https:\\\/\\\/sakumetall.rwd.ee\\\/allhanketehas\\\/et\\\/\",\"name\":\"Saku Metall Allhanke Tehas\",\"description\":\"Saku Metall AS tegeleb uksetootmise ja allhankega. Pakume tulet\u00f5kkeuksi, metalluksi, profiil- ja l\u00fckanduksi ning garaa\u017ei- ja t\u00f6\u00f6stuslikke t\u00f5stuksi ning lehtmetallist allhanket\u00f6id. V\u00f5ta \u00fchendust!\",\"potentialAction\":[{\"@type\":\"SearchAction\",\"target\":{\"@type\":\"EntryPoint\",\"urlTemplate\":\"https:\\\/\\\/sakumetall.rwd.ee\\\/allhanketehas\\\/et\\\/?s={search_term_string}\"},\"query-input\":{\"@type\":\"PropertyValueSpecification\",\"valueRequired\":true,\"valueName\":\"search_term_string\"}}],\"inLanguage\":\"et\"}]}<\/script>\n<!-- \/ Yoast SEO plugin. -->","yoast_head_json":{"title":"CNC profiilivaltspink 3 rulliga Thoman RB3L - Saku Metall Allhanke Tehas","robots":{"index":"index","follow":"follow","max-snippet":"max-snippet:-1","max-image-preview":"max-image-preview:large","max-video-preview":"max-video-preview:-1"},"canonical":"https:\/\/sakumetall.rwd.ee\/allhanketehas\/et\/tehnikapark\/cnc-profiilivaltspink-3-rulliga-thoman-rb3l\/","og_locale":"et_EE","og_type":"article","og_title":"CNC profiilivaltspink 3 rulliga Thoman RB3L - Saku Metall Allhanke Tehas","og_description":"CNC profiilivaltspink 3 rulliga Thoman RB3L Maksimaalsed valtsitavad m\u00f5\u00f5dud: \u00dcmartoru 80 x 3 mm V\u00f5rdk\u00fclgne nelikanttoru 60 x 60 x 3mm Ristk\u00fclikuline nelikanttoru 80 x 60 x 3mm Pearulli maksimaalne survej\u00f5ud 12 kN","og_url":"https:\/\/sakumetall.rwd.ee\/allhanketehas\/et\/tehnikapark\/cnc-profiilivaltspink-3-rulliga-thoman-rb3l\/","og_site_name":"Saku Metall Allhanke Tehas","article_modified_time":"2023-03-28T08:13:08+00:00","og_image":[{"url":"https:\/\/sakumetall.rwd.ee\/allhanketehas\/wp-content\/uploads\/sites\/3\/2016\/04\/valts3-150x100.jpg","type":"","width":"","height":""}],"twitter_card":"summary_large_image","twitter_misc":{"Est. reading time":"1 minut"},"schema":{"@context":"https:\/\/schema.org","@graph":[{"@type":"WebPage","@id":"https:\/\/sakumetall.rwd.ee\/allhanketehas\/et\/tehnikapark\/cnc-profiilivaltspink-3-rulliga-thoman-rb3l\/","url":"https:\/\/sakumetall.rwd.ee\/allhanketehas\/et\/tehnikapark\/cnc-profiilivaltspink-3-rulliga-thoman-rb3l\/","name":"CNC profiilivaltspink 3 rulliga Thoman RB3L - Saku Metall Allhanke Tehas","isPartOf":{"@id":"https:\/\/sakumetall.rwd.ee\/allhanketehas\/et\/#website"},"datePublished":"2016-04-20T13:53:06+00:00","dateModified":"2023-03-28T08:13:08+00:00","breadcrumb":{"@id":"https:\/\/sakumetall.rwd.ee\/allhanketehas\/et\/tehnikapark\/cnc-profiilivaltspink-3-rulliga-thoman-rb3l\/#breadcrumb"},"inLanguage":"et","potentialAction":[{"@type":"ReadAction","target":["https:\/\/sakumetall.rwd.ee\/allhanketehas\/et\/tehnikapark\/cnc-profiilivaltspink-3-rulliga-thoman-rb3l\/"]}]},{"@type":"BreadcrumbList","@id":"https:\/\/sakumetall.rwd.ee\/allhanketehas\/et\/tehnikapark\/cnc-profiilivaltspink-3-rulliga-thoman-rb3l\/#breadcrumb","itemListElement":[{"@type":"ListItem","position":1,"name":"Home","item":"https:\/\/sakumetall.rwd.ee\/allhanketehas\/et\/"},{"@type":"ListItem","position":2,"name":"Tehnikapark","item":"https:\/\/sakumetall.rwd.ee\/allhanketehas\/et\/tehnikapark\/"},{"@type":"ListItem","position":3,"name":"CNC profiilivaltspink 3 rulliga Thoman RB3L"}]},{"@type":"WebSite","@id":"https:\/\/sakumetall.rwd.ee\/allhanketehas\/et\/#website","url":"https:\/\/sakumetall.rwd.ee\/allhanketehas\/et\/","name":"Saku Metall Allhanke Tehas","description":"Saku Metall AS tegeleb uksetootmise ja allhankega. Pakume tulet\u00f5kkeuksi, metalluksi, profiil- ja l\u00fckanduksi ning garaa\u017ei- ja t\u00f6\u00f6stuslikke t\u00f5stuksi ning lehtmetallist allhanket\u00f6id. V\u00f5ta \u00fchendust!","potentialAction":[{"@type":"SearchAction","target":{"@type":"EntryPoint","urlTemplate":"https:\/\/sakumetall.rwd.ee\/allhanketehas\/et\/?s={search_term_string}"},"query-input":{"@type":"PropertyValueSpecification","valueRequired":true,"valueName":"search_term_string"}}],"inLanguage":"et"}]}},"_links":{"self":[{"href":"https:\/\/sakumetall.rwd.ee\/allhanketehas\/et\/wp-json\/wp\/v2\/pages\/2433","targetHints":{"allow":["GET"]}}],"collection":[{"href":"https:\/\/sakumetall.rwd.ee\/allhanketehas\/et\/wp-json\/wp\/v2\/pages"}],"about":[{"href":"https:\/\/sakumetall.rwd.ee\/allhanketehas\/et\/wp-json\/wp\/v2\/types\/page"}],"author":[{"embeddable":true,"href":"https:\/\/sakumetall.rwd.ee\/allhanketehas\/et\/wp-json\/wp\/v2\/users\/3"}],"replies":[{"embeddable":true,"href":"https:\/\/sakumetall.rwd.ee\/allhanketehas\/et\/wp-json\/wp\/v2\/comments?post=2433"}],"version-history":[{"count":4,"href":"https:\/\/sakumetall.rwd.ee\/allhanketehas\/et\/wp-json\/wp\/v2\/pages\/2433\/revisions"}],"predecessor-version":[{"id":5252,"href":"https:\/\/sakumetall.rwd.ee\/allhanketehas\/et\/wp-json\/wp\/v2\/pages\/2433\/revisions\/5252"}],"up":[{"embeddable":true,"href":"https:\/\/sakumetall.rwd.ee\/allhanketehas\/et\/wp-json\/wp\/v2\/pages\/89"}],"wp:attachment":[{"href":"https:\/\/sakumetall.rwd.ee\/allhanketehas\/et\/wp-json\/wp\/v2\/media?parent=2433"}],"curies":[{"name":"wp","href":"https:\/\/api.w.org\/{rel}","templated":true}]}}