{"id":2097,"date":"2016-04-14T05:56:34","date_gmt":"2016-04-14T05:56:34","guid":{"rendered":"https:\/\/sakumetall.rwd.ee\/allhanketehas\/?page_id=2097"},"modified":"2023-03-28T09:58:16","modified_gmt":"2023-03-28T07:58:16","slug":"painutusrobot-prima-power-express-bender-ebe5-3","status":"publish","type":"page","link":"https:\/\/sakumetall.rwd.ee\/allhanketehas\/et\/tehnikapark\/painutusrobot-prima-power-express-bender-ebe5-3\/","title":{"rendered":"Painutusrobot Prima Power Express Bender EBe5-3"},"content":{"rendered":"<h1>Painutusrobot Prima Power Express Bender EBe5-3<\/h1>\n<ul style=\"list-style-type: square\">\n<li><span style=\"font-size: 12pt\">Max painutuspikkus 2650mm;<\/span><\/li>\n<li><span style=\"font-size: 12pt\">Max paneeli diagonaal 3000mm;<\/span><\/li>\n<li><span style=\"font-size: 12pt\">Max painde k\u00f5rgus 200mm;<\/span><\/li>\n<li><span style=\"font-size: 12pt\">Painutusj\u00f5ud 410 kN;<\/span><\/li>\n<li><span style=\"font-size: 12pt\">Max materjali paksus<\/span>\n<ul style=\"list-style-type: square\">\n<li><span style=\"font-size: 12pt\">Teras 410 N\/mm<sup>2<\/sup> 3.2mm;<\/span><\/li>\n<li><span style=\"font-size: 12pt\">Roostevaba teras 680 N\/mm<sup>2 <\/sup>\u00a02.2mm;<\/span><\/li>\n<li><span style=\"font-size: 12pt\">Alumiinium 265 N\/mm<sup>2<\/sup> 4.0mm;<\/span><\/li>\n<\/ul>\n<\/li>\n<li><span style=\"font-size: 12pt\">Min materjali paksus 0.5mm;<\/span><\/li>\n<li><span style=\"font-size: 12pt\">Offline programmeerimine BendExpress<\/span>\n<div class=\"wpview-body\">\n<div class=\"wpview-content wpview-type-gallery\">\n<div class=\"gallery gallery-columns-3\">\n<dl class=\"gallery-item\">\n<dt class=\"gallery-icon\"><img loading=\"lazy\" decoding=\"async\" src=\"https:\/\/sakumetall.rwd.ee\/allhanketehas\/wp-content\/uploads\/sites\/3\/2016\/04\/pain3a-150x150.jpg\" alt=\"\" width=\"150\" height=\"150\" \/><\/dt>\n<\/dl>\n<dl class=\"gallery-item\">\n<dt class=\"gallery-icon\"><img loading=\"lazy\" decoding=\"async\" src=\"https:\/\/sakumetall.rwd.ee\/allhanketehas\/wp-content\/uploads\/sites\/3\/2016\/04\/pain11-150x150.jpg\" alt=\"\" width=\"150\" height=\"150\" \/><\/dt>\n<\/dl>\n<\/div>\n<\/div>\n<\/div>\n<\/li>\n<\/ul>\n","protected":false},"excerpt":{"rendered":"<p>Painutusrobot Prima Power Express Bender EBe5-3 Max painutuspikkus 2650mm; Max paneeli diagonaal 3000mm; Max painde k\u00f5rgus 200mm; Painutusj\u00f5ud 410 kN; Max materjali paksus Teras 410 N\/mm2 3.2mm; Roostevaba teras 680 N\/mm2 \u00a02.2mm; Alumiinium 265 N\/mm2 4.0mm; Min materjali paksus 0.5mm; Offline programmeerimine BendExpress<\/p>\n","protected":false},"author":3,"featured_media":0,"parent":89,"menu_order":5,"comment_status":"closed","ping_status":"closed","template":"","meta":{"footnotes":""},"class_list":["post-2097","page","type-page","status-publish","hentry"],"yoast_head":"<!-- This site is optimized with the Yoast SEO plugin v27.3 - https:\/\/yoast.com\/product\/yoast-seo-wordpress\/ -->\n<title>Painutusrobot Prima Power Express Bender EBe5-3 - Saku Metall Allhanke Tehas<\/title>\n<meta name=\"robots\" content=\"index, follow, max-snippet:-1, max-image-preview:large, max-video-preview:-1\" \/>\n<link rel=\"canonical\" href=\"https:\/\/sakumetall.rwd.ee\/allhanketehas\/et\/tehnikapark\/painutusrobot-prima-power-express-bender-ebe5-3\/\" \/>\n<meta property=\"og:locale\" content=\"et_EE\" \/>\n<meta property=\"og:type\" content=\"article\" \/>\n<meta property=\"og:title\" content=\"Painutusrobot Prima Power Express Bender EBe5-3 - Saku Metall Allhanke Tehas\" \/>\n<meta property=\"og:description\" content=\"Painutusrobot Prima Power Express Bender EBe5-3 Max painutuspikkus 2650mm; Max paneeli diagonaal 3000mm; Max painde k\u00f5rgus 200mm; Painutusj\u00f5ud 410 kN; Max materjali paksus Teras 410 N\/mm2 3.2mm; Roostevaba teras 680 N\/mm2 \u00a02.2mm; Alumiinium 265 N\/mm2 4.0mm; Min materjali paksus 0.5mm; Offline programmeerimine BendExpress\" \/>\n<meta property=\"og:url\" content=\"https:\/\/sakumetall.rwd.ee\/allhanketehas\/et\/tehnikapark\/painutusrobot-prima-power-express-bender-ebe5-3\/\" \/>\n<meta property=\"og:site_name\" content=\"Saku Metall Allhanke Tehas\" \/>\n<meta property=\"article:modified_time\" content=\"2023-03-28T07:58:16+00:00\" \/>\n<meta property=\"og:image\" content=\"https:\/\/sakumetall.rwd.ee\/allhanketehas\/wp-content\/uploads\/sites\/3\/2016\/04\/pain3a-150x150.jpg\" \/>\n<meta name=\"twitter:card\" content=\"summary_large_image\" \/>\n<meta name=\"twitter:label1\" content=\"Est. reading time\" \/>\n\t<meta name=\"twitter:data1\" content=\"1 minut\" \/>\n<script type=\"application\/ld+json\" class=\"yoast-schema-graph\">{\"@context\":\"https:\\\/\\\/schema.org\",\"@graph\":[{\"@type\":\"WebPage\",\"@id\":\"https:\\\/\\\/sakumetall.rwd.ee\\\/allhanketehas\\\/et\\\/tehnikapark\\\/painutusrobot-prima-power-express-bender-ebe5-3\\\/\",\"url\":\"https:\\\/\\\/sakumetall.rwd.ee\\\/allhanketehas\\\/et\\\/tehnikapark\\\/painutusrobot-prima-power-express-bender-ebe5-3\\\/\",\"name\":\"Painutusrobot Prima Power Express Bender EBe5-3 - Saku Metall Allhanke Tehas\",\"isPartOf\":{\"@id\":\"https:\\\/\\\/sakumetall.rwd.ee\\\/allhanketehas\\\/et\\\/#website\"},\"primaryImageOfPage\":{\"@id\":\"https:\\\/\\\/sakumetall.rwd.ee\\\/allhanketehas\\\/et\\\/tehnikapark\\\/painutusrobot-prima-power-express-bender-ebe5-3\\\/#primaryimage\"},\"image\":{\"@id\":\"https:\\\/\\\/sakumetall.rwd.ee\\\/allhanketehas\\\/et\\\/tehnikapark\\\/painutusrobot-prima-power-express-bender-ebe5-3\\\/#primaryimage\"},\"thumbnailUrl\":\"https:\\\/\\\/sakumetall.rwd.ee\\\/allhanketehas\\\/wp-content\\\/uploads\\\/sites\\\/3\\\/2016\\\/04\\\/pain3a-150x150.jpg\",\"datePublished\":\"2016-04-14T05:56:34+00:00\",\"dateModified\":\"2023-03-28T07:58:16+00:00\",\"breadcrumb\":{\"@id\":\"https:\\\/\\\/sakumetall.rwd.ee\\\/allhanketehas\\\/et\\\/tehnikapark\\\/painutusrobot-prima-power-express-bender-ebe5-3\\\/#breadcrumb\"},\"inLanguage\":\"et\",\"potentialAction\":[{\"@type\":\"ReadAction\",\"target\":[\"https:\\\/\\\/sakumetall.rwd.ee\\\/allhanketehas\\\/et\\\/tehnikapark\\\/painutusrobot-prima-power-express-bender-ebe5-3\\\/\"]}]},{\"@type\":\"ImageObject\",\"inLanguage\":\"et\",\"@id\":\"https:\\\/\\\/sakumetall.rwd.ee\\\/allhanketehas\\\/et\\\/tehnikapark\\\/painutusrobot-prima-power-express-bender-ebe5-3\\\/#primaryimage\",\"url\":\"https:\\\/\\\/sakumetall.rwd.ee\\\/allhanketehas\\\/wp-content\\\/uploads\\\/sites\\\/3\\\/2016\\\/04\\\/pain3a-150x150.jpg\",\"contentUrl\":\"https:\\\/\\\/sakumetall.rwd.ee\\\/allhanketehas\\\/wp-content\\\/uploads\\\/sites\\\/3\\\/2016\\\/04\\\/pain3a-150x150.jpg\"},{\"@type\":\"BreadcrumbList\",\"@id\":\"https:\\\/\\\/sakumetall.rwd.ee\\\/allhanketehas\\\/et\\\/tehnikapark\\\/painutusrobot-prima-power-express-bender-ebe5-3\\\/#breadcrumb\",\"itemListElement\":[{\"@type\":\"ListItem\",\"position\":1,\"name\":\"Home\",\"item\":\"https:\\\/\\\/sakumetall.rwd.ee\\\/allhanketehas\\\/et\\\/\"},{\"@type\":\"ListItem\",\"position\":2,\"name\":\"Tehnikapark\",\"item\":\"https:\\\/\\\/sakumetall.rwd.ee\\\/allhanketehas\\\/et\\\/tehnikapark\\\/\"},{\"@type\":\"ListItem\",\"position\":3,\"name\":\"Painutusrobot Prima Power Express Bender EBe5-3\"}]},{\"@type\":\"WebSite\",\"@id\":\"https:\\\/\\\/sakumetall.rwd.ee\\\/allhanketehas\\\/et\\\/#website\",\"url\":\"https:\\\/\\\/sakumetall.rwd.ee\\\/allhanketehas\\\/et\\\/\",\"name\":\"Saku Metall Allhanke Tehas\",\"description\":\"Saku Metall AS tegeleb uksetootmise ja allhankega. Pakume tulet\u00f5kkeuksi, metalluksi, profiil- ja l\u00fckanduksi ning garaa\u017ei- ja t\u00f6\u00f6stuslikke t\u00f5stuksi ning lehtmetallist allhanket\u00f6id. V\u00f5ta \u00fchendust!\",\"potentialAction\":[{\"@type\":\"SearchAction\",\"target\":{\"@type\":\"EntryPoint\",\"urlTemplate\":\"https:\\\/\\\/sakumetall.rwd.ee\\\/allhanketehas\\\/et\\\/?s={search_term_string}\"},\"query-input\":{\"@type\":\"PropertyValueSpecification\",\"valueRequired\":true,\"valueName\":\"search_term_string\"}}],\"inLanguage\":\"et\"}]}<\/script>\n<!-- \/ Yoast SEO plugin. -->","yoast_head_json":{"title":"Painutusrobot Prima Power Express Bender EBe5-3 - Saku Metall Allhanke Tehas","robots":{"index":"index","follow":"follow","max-snippet":"max-snippet:-1","max-image-preview":"max-image-preview:large","max-video-preview":"max-video-preview:-1"},"canonical":"https:\/\/sakumetall.rwd.ee\/allhanketehas\/et\/tehnikapark\/painutusrobot-prima-power-express-bender-ebe5-3\/","og_locale":"et_EE","og_type":"article","og_title":"Painutusrobot Prima Power Express Bender EBe5-3 - Saku Metall Allhanke Tehas","og_description":"Painutusrobot Prima Power Express Bender EBe5-3 Max painutuspikkus 2650mm; Max paneeli diagonaal 3000mm; Max painde k\u00f5rgus 200mm; Painutusj\u00f5ud 410 kN; Max materjali paksus Teras 410 N\/mm2 3.2mm; Roostevaba teras 680 N\/mm2 \u00a02.2mm; Alumiinium 265 N\/mm2 4.0mm; Min materjali paksus 0.5mm; Offline programmeerimine BendExpress","og_url":"https:\/\/sakumetall.rwd.ee\/allhanketehas\/et\/tehnikapark\/painutusrobot-prima-power-express-bender-ebe5-3\/","og_site_name":"Saku Metall Allhanke Tehas","article_modified_time":"2023-03-28T07:58:16+00:00","og_image":[{"url":"https:\/\/sakumetall.rwd.ee\/allhanketehas\/wp-content\/uploads\/sites\/3\/2016\/04\/pain3a-150x150.jpg","type":"","width":"","height":""}],"twitter_card":"summary_large_image","twitter_misc":{"Est. reading time":"1 minut"},"schema":{"@context":"https:\/\/schema.org","@graph":[{"@type":"WebPage","@id":"https:\/\/sakumetall.rwd.ee\/allhanketehas\/et\/tehnikapark\/painutusrobot-prima-power-express-bender-ebe5-3\/","url":"https:\/\/sakumetall.rwd.ee\/allhanketehas\/et\/tehnikapark\/painutusrobot-prima-power-express-bender-ebe5-3\/","name":"Painutusrobot Prima Power Express Bender EBe5-3 - Saku Metall Allhanke Tehas","isPartOf":{"@id":"https:\/\/sakumetall.rwd.ee\/allhanketehas\/et\/#website"},"primaryImageOfPage":{"@id":"https:\/\/sakumetall.rwd.ee\/allhanketehas\/et\/tehnikapark\/painutusrobot-prima-power-express-bender-ebe5-3\/#primaryimage"},"image":{"@id":"https:\/\/sakumetall.rwd.ee\/allhanketehas\/et\/tehnikapark\/painutusrobot-prima-power-express-bender-ebe5-3\/#primaryimage"},"thumbnailUrl":"https:\/\/sakumetall.rwd.ee\/allhanketehas\/wp-content\/uploads\/sites\/3\/2016\/04\/pain3a-150x150.jpg","datePublished":"2016-04-14T05:56:34+00:00","dateModified":"2023-03-28T07:58:16+00:00","breadcrumb":{"@id":"https:\/\/sakumetall.rwd.ee\/allhanketehas\/et\/tehnikapark\/painutusrobot-prima-power-express-bender-ebe5-3\/#breadcrumb"},"inLanguage":"et","potentialAction":[{"@type":"ReadAction","target":["https:\/\/sakumetall.rwd.ee\/allhanketehas\/et\/tehnikapark\/painutusrobot-prima-power-express-bender-ebe5-3\/"]}]},{"@type":"ImageObject","inLanguage":"et","@id":"https:\/\/sakumetall.rwd.ee\/allhanketehas\/et\/tehnikapark\/painutusrobot-prima-power-express-bender-ebe5-3\/#primaryimage","url":"https:\/\/sakumetall.rwd.ee\/allhanketehas\/wp-content\/uploads\/sites\/3\/2016\/04\/pain3a-150x150.jpg","contentUrl":"https:\/\/sakumetall.rwd.ee\/allhanketehas\/wp-content\/uploads\/sites\/3\/2016\/04\/pain3a-150x150.jpg"},{"@type":"BreadcrumbList","@id":"https:\/\/sakumetall.rwd.ee\/allhanketehas\/et\/tehnikapark\/painutusrobot-prima-power-express-bender-ebe5-3\/#breadcrumb","itemListElement":[{"@type":"ListItem","position":1,"name":"Home","item":"https:\/\/sakumetall.rwd.ee\/allhanketehas\/et\/"},{"@type":"ListItem","position":2,"name":"Tehnikapark","item":"https:\/\/sakumetall.rwd.ee\/allhanketehas\/et\/tehnikapark\/"},{"@type":"ListItem","position":3,"name":"Painutusrobot Prima Power Express Bender EBe5-3"}]},{"@type":"WebSite","@id":"https:\/\/sakumetall.rwd.ee\/allhanketehas\/et\/#website","url":"https:\/\/sakumetall.rwd.ee\/allhanketehas\/et\/","name":"Saku Metall Allhanke Tehas","description":"Saku Metall AS tegeleb uksetootmise ja allhankega. Pakume tulet\u00f5kkeuksi, metalluksi, profiil- ja l\u00fckanduksi ning garaa\u017ei- ja t\u00f6\u00f6stuslikke t\u00f5stuksi ning lehtmetallist allhanket\u00f6id. V\u00f5ta \u00fchendust!","potentialAction":[{"@type":"SearchAction","target":{"@type":"EntryPoint","urlTemplate":"https:\/\/sakumetall.rwd.ee\/allhanketehas\/et\/?s={search_term_string}"},"query-input":{"@type":"PropertyValueSpecification","valueRequired":true,"valueName":"search_term_string"}}],"inLanguage":"et"}]}},"_links":{"self":[{"href":"https:\/\/sakumetall.rwd.ee\/allhanketehas\/et\/wp-json\/wp\/v2\/pages\/2097","targetHints":{"allow":["GET"]}}],"collection":[{"href":"https:\/\/sakumetall.rwd.ee\/allhanketehas\/et\/wp-json\/wp\/v2\/pages"}],"about":[{"href":"https:\/\/sakumetall.rwd.ee\/allhanketehas\/et\/wp-json\/wp\/v2\/types\/page"}],"author":[{"embeddable":true,"href":"https:\/\/sakumetall.rwd.ee\/allhanketehas\/et\/wp-json\/wp\/v2\/users\/3"}],"replies":[{"embeddable":true,"href":"https:\/\/sakumetall.rwd.ee\/allhanketehas\/et\/wp-json\/wp\/v2\/comments?post=2097"}],"version-history":[{"count":11,"href":"https:\/\/sakumetall.rwd.ee\/allhanketehas\/et\/wp-json\/wp\/v2\/pages\/2097\/revisions"}],"predecessor-version":[{"id":5242,"href":"https:\/\/sakumetall.rwd.ee\/allhanketehas\/et\/wp-json\/wp\/v2\/pages\/2097\/revisions\/5242"}],"up":[{"embeddable":true,"href":"https:\/\/sakumetall.rwd.ee\/allhanketehas\/et\/wp-json\/wp\/v2\/pages\/89"}],"wp:attachment":[{"href":"https:\/\/sakumetall.rwd.ee\/allhanketehas\/et\/wp-json\/wp\/v2\/media?parent=2097"}],"curies":[{"name":"wp","href":"https:\/\/api.w.org\/{rel}","templated":true}]}}