{"id":1611,"date":"2015-07-30T12:25:18","date_gmt":"2015-07-30T12:25:18","guid":{"rendered":"https:\/\/sakumetall.rwd.ee\/allhanketehas\/?page_id=1611"},"modified":"2018-06-28T15:33:46","modified_gmt":"2018-06-28T13:33:46","slug":"arendus","status":"publish","type":"page","link":"https:\/\/sakumetall.rwd.ee\/allhanketehas\/et\/teenused\/arendus\/","title":{"rendered":"Arendus"},"content":{"rendered":"<h1>Arendus<\/h1>\n<p><span style=\"font-size: 12pt;\">L\u00e4bim\u00f5eldud protot\u00fc\u00fcbi valmistamine ja varajane probleemide avastamine aitab hilisemas seeriatootmises kokku hoida miljoneid eurosid. Sellest p\u00f5him\u00f5ttest l\u00e4htuvalt on arendusosakonna peamiseks tegevuseks kontrollitud uute projektide kiire ning sujuv juurutamine.<\/span><\/p>\n<ul style=\"list-style-type: square;\">\n<li><span style=\"font-size: 12pt;\">Meie arendusosakonna insenerid pakuvad klientidele kaasaegse tehnoloogia abil insener-tehnilist tuge ja oma <em>know-how<\/em>\u2019d uute toodete v\u00e4ljat\u00f6\u00f6tamisest, protot\u00fc\u00fcpide ehitamisest kuni seeriatootmiseni. Oma t\u00f6\u00f6s kasutame CAD ja CAM tarkvarasid. Meil on tehnoloogiad, mis leiavad kliendi toodete valmistamiseks parima lahenduse.<\/span><\/li>\n<li><span style=\"font-size: 12pt;\">Teise olulise osa meie t\u00f6\u00f6st moodustab tehnoloogia arendamine ning haldamine eesm\u00e4rgiga omada efektiivselt ning t\u00f5rgeteta t\u00f6\u00f6tavat kaasaegset seadmeparki.<\/span><\/li>\n<li><span style=\"font-size: 12pt;\">Meie seadmete ning t\u00f6\u00f6riistade tarnijad ning koost\u00f6\u00f6partnerid on rahvusvaheliselt tuntud ettev\u00f5tted nagu\u00a0<a target=\"_blank\" href=\"https:\/\/www.primapower.com\/us\/\" rel=\"noopener\">Prima Power<\/a>, <a target=\"_blank\" href=\"http:\/\/www.amada.co.uk\/\" rel=\"noopener\">Amada<\/a>, <a target=\"_blank\" href=\"https:\/\/www.fronius.com\/en\" rel=\"noopener\">Fronius<\/a>, <a target=\"_blank\" href=\"https:\/\/www.ewm-group.com\/en\/\" rel=\"noopener\">EWM<\/a>, <a target=\"_blank\" href=\"https:\/\/www.kemppi.com\/en-US\/\" rel=\"noopener\">Kemppi<\/a>, <a target=\"_blank\" href=\"http:\/\/www.coastone.fi\/\" rel=\"noopener\">CoastOne,<\/a> <a target=\"_blank\" href=\"https:\/\/www.gemapowdercoating.com\/en\/\" rel=\"noopener\">Gema<\/a>, <a target=\"_blank\" href=\"https:\/\/www.mate.com\/\" rel=\"noopener\">Mate<\/a>, <a target=\"_blank\" href=\"https:\/\/www.wilsontool.com\/en-US\" rel=\"noopener\">Wilson Tool<\/a>, <a target=\"_blank\" href=\"https:\/\/gb.wila.nl\/\" rel=\"noopener\">Wila<\/a>.<\/span><\/li>\n<\/ul>\n<p><span style=\"font-size: 12pt;\">Peamiselt kasutatavad materjalid meie tootmises on konstruktsioon- ja roostevabad terased ning alumiinium ja alumiiniumsulamid. Samuti kasutame erineva pinnakatte (nt kuum- ja elektrotsingitud) ning -viimistlusega (rihvel- ja dekoorviimistlusega) lehtmetallist materjale.<\/span><\/p>\n<p><img loading=\"lazy\" decoding=\"async\" width=\"300\" height=\"200\" class=\"alignnone size-medium wp-image-2731\" src=\"https:\/\/sakumetall.rwd.ee\/allhanketehas\/wp-content\/uploads\/sites\/3\/2016\/06\/IMG_2458_40-300x200.jpg\" alt=\"IMG_2458_40\" srcset=\"https:\/\/sakumetall.rwd.ee\/allhanketehas\/wp-content\/uploads\/sites\/3\/2016\/06\/IMG_2458_40-300x200.jpg 300w, https:\/\/sakumetall.rwd.ee\/allhanketehas\/wp-content\/uploads\/sites\/3\/2016\/06\/IMG_2458_40-1024x683.jpg 1024w, https:\/\/sakumetall.rwd.ee\/allhanketehas\/wp-content\/uploads\/sites\/3\/2016\/06\/IMG_2458_40-285x190.jpg 285w, https:\/\/sakumetall.rwd.ee\/allhanketehas\/wp-content\/uploads\/sites\/3\/2016\/06\/IMG_2458_40-150x100.jpg 150w, https:\/\/sakumetall.rwd.ee\/allhanketehas\/wp-content\/uploads\/sites\/3\/2016\/06\/IMG_2458_40-180x120.jpg 180w\" sizes=\"auto, (max-width: 300px) 100vw, 300px\" \/><\/p>\n","protected":false},"excerpt":{"rendered":"<p>Arendus L\u00e4bim\u00f5eldud protot\u00fc\u00fcbi valmistamine ja varajane probleemide avastamine aitab hilisemas seeriatootmises kokku hoida miljoneid eurosid. Sellest p\u00f5him\u00f5ttest l\u00e4htuvalt on arendusosakonna peamiseks tegevuseks kontrollitud uute projektide kiire ning sujuv juurutamine. Meie arendusosakonna insenerid pakuvad klientidele kaasaegse tehnoloogia abil insener-tehnilist tuge ja oma know-how\u2019d uute toodete v\u00e4ljat\u00f6\u00f6tamisest, protot\u00fc\u00fcpide ehitamisest kuni seeriatootmiseni. Oma t\u00f6\u00f6s kasutame CAD ja CAM &#8230;<\/p>\n","protected":false},"author":2,"featured_media":0,"parent":87,"menu_order":1,"comment_status":"closed","ping_status":"closed","template":"","meta":{"footnotes":""},"class_list":["post-1611","page","type-page","status-publish","hentry"],"yoast_head":"<!-- This site is optimized with the Yoast SEO plugin v27.3 - https:\/\/yoast.com\/product\/yoast-seo-wordpress\/ -->\n<title>Arendus - Saku Metall Allhanke Tehas<\/title>\n<meta name=\"robots\" content=\"index, follow, max-snippet:-1, max-image-preview:large, max-video-preview:-1\" \/>\n<link rel=\"canonical\" href=\"https:\/\/sakumetall.rwd.ee\/allhanketehas\/et\/teenused\/arendus\/\" \/>\n<meta property=\"og:locale\" content=\"et_EE\" \/>\n<meta property=\"og:type\" content=\"article\" \/>\n<meta property=\"og:title\" content=\"Arendus - Saku Metall Allhanke Tehas\" \/>\n<meta property=\"og:description\" content=\"Arendus L\u00e4bim\u00f5eldud protot\u00fc\u00fcbi valmistamine ja varajane probleemide avastamine aitab hilisemas seeriatootmises kokku hoida miljoneid eurosid. Sellest p\u00f5him\u00f5ttest l\u00e4htuvalt on arendusosakonna peamiseks tegevuseks kontrollitud uute projektide kiire ning sujuv juurutamine. Meie arendusosakonna insenerid pakuvad klientidele kaasaegse tehnoloogia abil insener-tehnilist tuge ja oma know-how\u2019d uute toodete v\u00e4ljat\u00f6\u00f6tamisest, protot\u00fc\u00fcpide ehitamisest kuni seeriatootmiseni. Oma t\u00f6\u00f6s kasutame CAD ja CAM ...\" \/>\n<meta property=\"og:url\" content=\"https:\/\/sakumetall.rwd.ee\/allhanketehas\/et\/teenused\/arendus\/\" \/>\n<meta property=\"og:site_name\" content=\"Saku Metall Allhanke Tehas\" \/>\n<meta property=\"article:modified_time\" content=\"2018-06-28T13:33:46+00:00\" \/>\n<meta property=\"og:image\" content=\"https:\/\/sakumetall.rwd.ee\/allhanketehas\/wp-content\/uploads\/sites\/3\/2016\/06\/IMG_2458_40-300x200.jpg\" \/>\n<meta name=\"twitter:card\" content=\"summary_large_image\" \/>\n<meta name=\"twitter:label1\" content=\"Est. reading time\" \/>\n\t<meta name=\"twitter:data1\" content=\"1 minut\" \/>\n<script type=\"application\/ld+json\" class=\"yoast-schema-graph\">{\"@context\":\"https:\\\/\\\/schema.org\",\"@graph\":[{\"@type\":\"WebPage\",\"@id\":\"https:\\\/\\\/sakumetall.rwd.ee\\\/allhanketehas\\\/et\\\/teenused\\\/arendus\\\/\",\"url\":\"https:\\\/\\\/sakumetall.rwd.ee\\\/allhanketehas\\\/et\\\/teenused\\\/arendus\\\/\",\"name\":\"Arendus - Saku Metall Allhanke Tehas\",\"isPartOf\":{\"@id\":\"https:\\\/\\\/sakumetall.rwd.ee\\\/allhanketehas\\\/et\\\/#website\"},\"primaryImageOfPage\":{\"@id\":\"https:\\\/\\\/sakumetall.rwd.ee\\\/allhanketehas\\\/et\\\/teenused\\\/arendus\\\/#primaryimage\"},\"image\":{\"@id\":\"https:\\\/\\\/sakumetall.rwd.ee\\\/allhanketehas\\\/et\\\/teenused\\\/arendus\\\/#primaryimage\"},\"thumbnailUrl\":\"https:\\\/\\\/sakumetall.rwd.ee\\\/allhanketehas\\\/wp-content\\\/uploads\\\/sites\\\/3\\\/2016\\\/06\\\/IMG_2458_40-300x200.jpg\",\"datePublished\":\"2015-07-30T12:25:18+00:00\",\"dateModified\":\"2018-06-28T13:33:46+00:00\",\"breadcrumb\":{\"@id\":\"https:\\\/\\\/sakumetall.rwd.ee\\\/allhanketehas\\\/et\\\/teenused\\\/arendus\\\/#breadcrumb\"},\"inLanguage\":\"et\",\"potentialAction\":[{\"@type\":\"ReadAction\",\"target\":[\"https:\\\/\\\/sakumetall.rwd.ee\\\/allhanketehas\\\/et\\\/teenused\\\/arendus\\\/\"]}]},{\"@type\":\"ImageObject\",\"inLanguage\":\"et\",\"@id\":\"https:\\\/\\\/sakumetall.rwd.ee\\\/allhanketehas\\\/et\\\/teenused\\\/arendus\\\/#primaryimage\",\"url\":\"https:\\\/\\\/sakumetall.rwd.ee\\\/allhanketehas\\\/wp-content\\\/uploads\\\/sites\\\/3\\\/2016\\\/06\\\/IMG_2458_40-300x200.jpg\",\"contentUrl\":\"https:\\\/\\\/sakumetall.rwd.ee\\\/allhanketehas\\\/wp-content\\\/uploads\\\/sites\\\/3\\\/2016\\\/06\\\/IMG_2458_40-300x200.jpg\"},{\"@type\":\"BreadcrumbList\",\"@id\":\"https:\\\/\\\/sakumetall.rwd.ee\\\/allhanketehas\\\/et\\\/teenused\\\/arendus\\\/#breadcrumb\",\"itemListElement\":[{\"@type\":\"ListItem\",\"position\":1,\"name\":\"Home\",\"item\":\"https:\\\/\\\/sakumetall.rwd.ee\\\/allhanketehas\\\/et\\\/\"},{\"@type\":\"ListItem\",\"position\":2,\"name\":\"Teenused\",\"item\":\"https:\\\/\\\/sakumetall.rwd.ee\\\/allhanketehas\\\/et\\\/teenused\\\/\"},{\"@type\":\"ListItem\",\"position\":3,\"name\":\"Arendus\"}]},{\"@type\":\"WebSite\",\"@id\":\"https:\\\/\\\/sakumetall.rwd.ee\\\/allhanketehas\\\/et\\\/#website\",\"url\":\"https:\\\/\\\/sakumetall.rwd.ee\\\/allhanketehas\\\/et\\\/\",\"name\":\"Saku Metall Allhanke Tehas\",\"description\":\"Saku Metall AS tegeleb uksetootmise ja allhankega. Pakume tulet\u00f5kkeuksi, metalluksi, profiil- ja l\u00fckanduksi ning garaa\u017ei- ja t\u00f6\u00f6stuslikke t\u00f5stuksi ning lehtmetallist allhanket\u00f6id. V\u00f5ta \u00fchendust!\",\"potentialAction\":[{\"@type\":\"SearchAction\",\"target\":{\"@type\":\"EntryPoint\",\"urlTemplate\":\"https:\\\/\\\/sakumetall.rwd.ee\\\/allhanketehas\\\/et\\\/?s={search_term_string}\"},\"query-input\":{\"@type\":\"PropertyValueSpecification\",\"valueRequired\":true,\"valueName\":\"search_term_string\"}}],\"inLanguage\":\"et\"}]}<\/script>\n<!-- \/ Yoast SEO plugin. -->","yoast_head_json":{"title":"Arendus - Saku Metall Allhanke Tehas","robots":{"index":"index","follow":"follow","max-snippet":"max-snippet:-1","max-image-preview":"max-image-preview:large","max-video-preview":"max-video-preview:-1"},"canonical":"https:\/\/sakumetall.rwd.ee\/allhanketehas\/et\/teenused\/arendus\/","og_locale":"et_EE","og_type":"article","og_title":"Arendus - Saku Metall Allhanke Tehas","og_description":"Arendus L\u00e4bim\u00f5eldud protot\u00fc\u00fcbi valmistamine ja varajane probleemide avastamine aitab hilisemas seeriatootmises kokku hoida miljoneid eurosid. Sellest p\u00f5him\u00f5ttest l\u00e4htuvalt on arendusosakonna peamiseks tegevuseks kontrollitud uute projektide kiire ning sujuv juurutamine. Meie arendusosakonna insenerid pakuvad klientidele kaasaegse tehnoloogia abil insener-tehnilist tuge ja oma know-how\u2019d uute toodete v\u00e4ljat\u00f6\u00f6tamisest, protot\u00fc\u00fcpide ehitamisest kuni seeriatootmiseni. Oma t\u00f6\u00f6s kasutame CAD ja CAM ...","og_url":"https:\/\/sakumetall.rwd.ee\/allhanketehas\/et\/teenused\/arendus\/","og_site_name":"Saku Metall Allhanke Tehas","article_modified_time":"2018-06-28T13:33:46+00:00","og_image":[{"url":"https:\/\/sakumetall.rwd.ee\/allhanketehas\/wp-content\/uploads\/sites\/3\/2016\/06\/IMG_2458_40-300x200.jpg","type":"","width":"","height":""}],"twitter_card":"summary_large_image","twitter_misc":{"Est. reading time":"1 minut"},"schema":{"@context":"https:\/\/schema.org","@graph":[{"@type":"WebPage","@id":"https:\/\/sakumetall.rwd.ee\/allhanketehas\/et\/teenused\/arendus\/","url":"https:\/\/sakumetall.rwd.ee\/allhanketehas\/et\/teenused\/arendus\/","name":"Arendus - Saku Metall Allhanke Tehas","isPartOf":{"@id":"https:\/\/sakumetall.rwd.ee\/allhanketehas\/et\/#website"},"primaryImageOfPage":{"@id":"https:\/\/sakumetall.rwd.ee\/allhanketehas\/et\/teenused\/arendus\/#primaryimage"},"image":{"@id":"https:\/\/sakumetall.rwd.ee\/allhanketehas\/et\/teenused\/arendus\/#primaryimage"},"thumbnailUrl":"https:\/\/sakumetall.rwd.ee\/allhanketehas\/wp-content\/uploads\/sites\/3\/2016\/06\/IMG_2458_40-300x200.jpg","datePublished":"2015-07-30T12:25:18+00:00","dateModified":"2018-06-28T13:33:46+00:00","breadcrumb":{"@id":"https:\/\/sakumetall.rwd.ee\/allhanketehas\/et\/teenused\/arendus\/#breadcrumb"},"inLanguage":"et","potentialAction":[{"@type":"ReadAction","target":["https:\/\/sakumetall.rwd.ee\/allhanketehas\/et\/teenused\/arendus\/"]}]},{"@type":"ImageObject","inLanguage":"et","@id":"https:\/\/sakumetall.rwd.ee\/allhanketehas\/et\/teenused\/arendus\/#primaryimage","url":"https:\/\/sakumetall.rwd.ee\/allhanketehas\/wp-content\/uploads\/sites\/3\/2016\/06\/IMG_2458_40-300x200.jpg","contentUrl":"https:\/\/sakumetall.rwd.ee\/allhanketehas\/wp-content\/uploads\/sites\/3\/2016\/06\/IMG_2458_40-300x200.jpg"},{"@type":"BreadcrumbList","@id":"https:\/\/sakumetall.rwd.ee\/allhanketehas\/et\/teenused\/arendus\/#breadcrumb","itemListElement":[{"@type":"ListItem","position":1,"name":"Home","item":"https:\/\/sakumetall.rwd.ee\/allhanketehas\/et\/"},{"@type":"ListItem","position":2,"name":"Teenused","item":"https:\/\/sakumetall.rwd.ee\/allhanketehas\/et\/teenused\/"},{"@type":"ListItem","position":3,"name":"Arendus"}]},{"@type":"WebSite","@id":"https:\/\/sakumetall.rwd.ee\/allhanketehas\/et\/#website","url":"https:\/\/sakumetall.rwd.ee\/allhanketehas\/et\/","name":"Saku Metall Allhanke Tehas","description":"Saku Metall AS tegeleb uksetootmise ja allhankega. Pakume tulet\u00f5kkeuksi, metalluksi, profiil- ja l\u00fckanduksi ning garaa\u017ei- ja t\u00f6\u00f6stuslikke t\u00f5stuksi ning lehtmetallist allhanket\u00f6id. V\u00f5ta \u00fchendust!","potentialAction":[{"@type":"SearchAction","target":{"@type":"EntryPoint","urlTemplate":"https:\/\/sakumetall.rwd.ee\/allhanketehas\/et\/?s={search_term_string}"},"query-input":{"@type":"PropertyValueSpecification","valueRequired":true,"valueName":"search_term_string"}}],"inLanguage":"et"}]}},"_links":{"self":[{"href":"https:\/\/sakumetall.rwd.ee\/allhanketehas\/et\/wp-json\/wp\/v2\/pages\/1611","targetHints":{"allow":["GET"]}}],"collection":[{"href":"https:\/\/sakumetall.rwd.ee\/allhanketehas\/et\/wp-json\/wp\/v2\/pages"}],"about":[{"href":"https:\/\/sakumetall.rwd.ee\/allhanketehas\/et\/wp-json\/wp\/v2\/types\/page"}],"author":[{"embeddable":true,"href":"https:\/\/sakumetall.rwd.ee\/allhanketehas\/et\/wp-json\/wp\/v2\/users\/2"}],"replies":[{"embeddable":true,"href":"https:\/\/sakumetall.rwd.ee\/allhanketehas\/et\/wp-json\/wp\/v2\/comments?post=1611"}],"version-history":[{"count":15,"href":"https:\/\/sakumetall.rwd.ee\/allhanketehas\/et\/wp-json\/wp\/v2\/pages\/1611\/revisions"}],"predecessor-version":[{"id":3753,"href":"https:\/\/sakumetall.rwd.ee\/allhanketehas\/et\/wp-json\/wp\/v2\/pages\/1611\/revisions\/3753"}],"up":[{"embeddable":true,"href":"https:\/\/sakumetall.rwd.ee\/allhanketehas\/et\/wp-json\/wp\/v2\/pages\/87"}],"wp:attachment":[{"href":"https:\/\/sakumetall.rwd.ee\/allhanketehas\/et\/wp-json\/wp\/v2\/media?parent=1611"}],"curies":[{"name":"wp","href":"https:\/\/api.w.org\/{rel}","templated":true}]}}