{"id":1582,"date":"2015-07-30T10:39:46","date_gmt":"2015-07-30T10:39:46","guid":{"rendered":"https:\/\/sakumetall.rwd.ee\/allhanketehas\/?page_id=1582"},"modified":"2023-03-28T10:01:46","modified_gmt":"2023-03-28T08:01:46","slug":"painutuspink-finn-power-safan-e-brake-200-4100ts1-2","status":"publish","type":"page","link":"https:\/\/sakumetall.rwd.ee\/allhanketehas\/et\/tehnikapark\/painutuspink-finn-power-safan-e-brake-200-4100ts1-2\/","title":{"rendered":"Painutuspink Finn-Power E-Brake 200-4100TS1"},"content":{"rendered":"<h1>Painutuspink Finn-Power E-Brake 200-4100TS1<\/h1>\n<ul style=\"list-style-type: square\">\n<li><span style=\"font-size: 12pt\">T\u00fc\u00fcp: Servoelektriline<\/span><\/li>\n<li><span style=\"font-size: 12pt\">painutusj\u00f5ud (kN) 2000<\/span><\/li>\n<li><span style=\"font-size: 12pt\">painutatava detaili pikkus kuni (mm) 4100<\/span><\/li>\n<li><span style=\"font-size: 12pt\">Tagatoe telgede arv 5<\/span><\/li>\n<\/ul>\n<div id='gallery-1' class='gallery galleryid-1582 gallery-columns-3 gallery-size-single-work-thumb'><figure class='gallery-item'>\n\t\t\t<div class='gallery-icon landscape'>\n\t\t\t\t<a href='https:\/\/sakumetall.rwd.ee\/allhanketehas\/wp-content\/uploads\/sites\/3\/2016\/04\/pain7a-e1460707579239.jpg'><img loading=\"lazy\" decoding=\"async\" width=\"150\" height=\"100\" src=\"https:\/\/sakumetall.rwd.ee\/allhanketehas\/wp-content\/uploads\/sites\/3\/2016\/04\/pain7a-150x100.jpg\" class=\"attachment-single-work-thumb size-single-work-thumb\" alt=\"\" srcset=\"https:\/\/sakumetall.rwd.ee\/allhanketehas\/wp-content\/uploads\/sites\/3\/2016\/04\/pain7a-150x100.jpg 150w, https:\/\/sakumetall.rwd.ee\/allhanketehas\/wp-content\/uploads\/sites\/3\/2016\/04\/pain7a-285x190.jpg 285w\" sizes=\"auto, (max-width: 150px) 100vw, 150px\" \/><\/a>\n\t\t\t<\/div><\/figure><figure class='gallery-item'>\n\t\t\t<div class='gallery-icon landscape'>\n\t\t\t\t<a href='https:\/\/sakumetall.rwd.ee\/allhanketehas\/wp-content\/uploads\/sites\/3\/2016\/04\/pain8a-e1460706642971.jpg'><img loading=\"lazy\" decoding=\"async\" width=\"150\" height=\"100\" src=\"https:\/\/sakumetall.rwd.ee\/allhanketehas\/wp-content\/uploads\/sites\/3\/2016\/04\/pain8a-150x100.jpg\" class=\"attachment-single-work-thumb size-single-work-thumb\" alt=\"\" srcset=\"https:\/\/sakumetall.rwd.ee\/allhanketehas\/wp-content\/uploads\/sites\/3\/2016\/04\/pain8a-150x100.jpg 150w, https:\/\/sakumetall.rwd.ee\/allhanketehas\/wp-content\/uploads\/sites\/3\/2016\/04\/pain8a-285x190.jpg 285w\" sizes=\"auto, (max-width: 150px) 100vw, 150px\" \/><\/a>\n\t\t\t<\/div><\/figure>\n\t\t<\/div>\n\n","protected":false},"excerpt":{"rendered":"<p>Painutuspink Finn-Power E-Brake 200-4100TS1 T\u00fc\u00fcp: Servoelektriline painutusj\u00f5ud (kN) 2000 painutatava detaili pikkus kuni (mm) 4100 Tagatoe telgede arv 5<\/p>\n","protected":false},"author":2,"featured_media":0,"parent":89,"menu_order":5,"comment_status":"closed","ping_status":"closed","template":"","meta":{"footnotes":""},"class_list":["post-1582","page","type-page","status-publish","hentry"],"yoast_head":"<!-- This site is optimized with the Yoast SEO plugin v27.3 - https:\/\/yoast.com\/product\/yoast-seo-wordpress\/ -->\n<title>Painutuspink Finn-Power E-Brake 200-4100TS1 - Saku Metall Allhanke Tehas<\/title>\n<meta name=\"robots\" content=\"index, follow, max-snippet:-1, max-image-preview:large, max-video-preview:-1\" \/>\n<link rel=\"canonical\" href=\"https:\/\/sakumetall.rwd.ee\/allhanketehas\/et\/tehnikapark\/painutuspink-finn-power-safan-e-brake-200-4100ts1-2\/\" \/>\n<meta property=\"og:locale\" content=\"et_EE\" \/>\n<meta property=\"og:type\" content=\"article\" \/>\n<meta property=\"og:title\" content=\"Painutuspink Finn-Power E-Brake 200-4100TS1 - Saku Metall Allhanke Tehas\" \/>\n<meta property=\"og:description\" content=\"Painutuspink Finn-Power E-Brake 200-4100TS1 T\u00fc\u00fcp: Servoelektriline painutusj\u00f5ud (kN) 2000 painutatava detaili pikkus kuni (mm) 4100 Tagatoe telgede arv 5\" \/>\n<meta property=\"og:url\" content=\"https:\/\/sakumetall.rwd.ee\/allhanketehas\/et\/tehnikapark\/painutuspink-finn-power-safan-e-brake-200-4100ts1-2\/\" \/>\n<meta property=\"og:site_name\" content=\"Saku Metall Allhanke Tehas\" \/>\n<meta property=\"article:modified_time\" content=\"2023-03-28T08:01:46+00:00\" \/>\n<meta property=\"og:image\" content=\"https:\/\/sakumetall.rwd.ee\/allhanketehas\/wp-content\/uploads\/sites\/3\/2016\/04\/pain7a-150x100.jpg\" \/>\n<meta name=\"twitter:card\" content=\"summary_large_image\" \/>\n<meta name=\"twitter:label1\" content=\"Est. reading time\" \/>\n\t<meta name=\"twitter:data1\" content=\"1 minut\" \/>\n<script type=\"application\/ld+json\" class=\"yoast-schema-graph\">{\"@context\":\"https:\\\/\\\/schema.org\",\"@graph\":[{\"@type\":\"WebPage\",\"@id\":\"https:\\\/\\\/sakumetall.rwd.ee\\\/allhanketehas\\\/et\\\/tehnikapark\\\/painutuspink-finn-power-safan-e-brake-200-4100ts1-2\\\/\",\"url\":\"https:\\\/\\\/sakumetall.rwd.ee\\\/allhanketehas\\\/et\\\/tehnikapark\\\/painutuspink-finn-power-safan-e-brake-200-4100ts1-2\\\/\",\"name\":\"Painutuspink Finn-Power E-Brake 200-4100TS1 - Saku Metall Allhanke Tehas\",\"isPartOf\":{\"@id\":\"https:\\\/\\\/sakumetall.rwd.ee\\\/allhanketehas\\\/et\\\/#website\"},\"datePublished\":\"2015-07-30T10:39:46+00:00\",\"dateModified\":\"2023-03-28T08:01:46+00:00\",\"breadcrumb\":{\"@id\":\"https:\\\/\\\/sakumetall.rwd.ee\\\/allhanketehas\\\/et\\\/tehnikapark\\\/painutuspink-finn-power-safan-e-brake-200-4100ts1-2\\\/#breadcrumb\"},\"inLanguage\":\"et\",\"potentialAction\":[{\"@type\":\"ReadAction\",\"target\":[\"https:\\\/\\\/sakumetall.rwd.ee\\\/allhanketehas\\\/et\\\/tehnikapark\\\/painutuspink-finn-power-safan-e-brake-200-4100ts1-2\\\/\"]}]},{\"@type\":\"BreadcrumbList\",\"@id\":\"https:\\\/\\\/sakumetall.rwd.ee\\\/allhanketehas\\\/et\\\/tehnikapark\\\/painutuspink-finn-power-safan-e-brake-200-4100ts1-2\\\/#breadcrumb\",\"itemListElement\":[{\"@type\":\"ListItem\",\"position\":1,\"name\":\"Home\",\"item\":\"https:\\\/\\\/sakumetall.rwd.ee\\\/allhanketehas\\\/et\\\/\"},{\"@type\":\"ListItem\",\"position\":2,\"name\":\"Tehnikapark\",\"item\":\"https:\\\/\\\/sakumetall.rwd.ee\\\/allhanketehas\\\/et\\\/tehnikapark\\\/\"},{\"@type\":\"ListItem\",\"position\":3,\"name\":\"Painutuspink Finn-Power E-Brake 200-4100TS1\"}]},{\"@type\":\"WebSite\",\"@id\":\"https:\\\/\\\/sakumetall.rwd.ee\\\/allhanketehas\\\/et\\\/#website\",\"url\":\"https:\\\/\\\/sakumetall.rwd.ee\\\/allhanketehas\\\/et\\\/\",\"name\":\"Saku Metall Allhanke Tehas\",\"description\":\"Saku Metall AS tegeleb uksetootmise ja allhankega. Pakume tulet\u00f5kkeuksi, metalluksi, profiil- ja l\u00fckanduksi ning garaa\u017ei- ja t\u00f6\u00f6stuslikke t\u00f5stuksi ning lehtmetallist allhanket\u00f6id. V\u00f5ta \u00fchendust!\",\"potentialAction\":[{\"@type\":\"SearchAction\",\"target\":{\"@type\":\"EntryPoint\",\"urlTemplate\":\"https:\\\/\\\/sakumetall.rwd.ee\\\/allhanketehas\\\/et\\\/?s={search_term_string}\"},\"query-input\":{\"@type\":\"PropertyValueSpecification\",\"valueRequired\":true,\"valueName\":\"search_term_string\"}}],\"inLanguage\":\"et\"}]}<\/script>\n<!-- \/ Yoast SEO plugin. -->","yoast_head_json":{"title":"Painutuspink Finn-Power E-Brake 200-4100TS1 - Saku Metall Allhanke Tehas","robots":{"index":"index","follow":"follow","max-snippet":"max-snippet:-1","max-image-preview":"max-image-preview:large","max-video-preview":"max-video-preview:-1"},"canonical":"https:\/\/sakumetall.rwd.ee\/allhanketehas\/et\/tehnikapark\/painutuspink-finn-power-safan-e-brake-200-4100ts1-2\/","og_locale":"et_EE","og_type":"article","og_title":"Painutuspink Finn-Power E-Brake 200-4100TS1 - Saku Metall Allhanke Tehas","og_description":"Painutuspink Finn-Power E-Brake 200-4100TS1 T\u00fc\u00fcp: Servoelektriline painutusj\u00f5ud (kN) 2000 painutatava detaili pikkus kuni (mm) 4100 Tagatoe telgede arv 5","og_url":"https:\/\/sakumetall.rwd.ee\/allhanketehas\/et\/tehnikapark\/painutuspink-finn-power-safan-e-brake-200-4100ts1-2\/","og_site_name":"Saku Metall Allhanke Tehas","article_modified_time":"2023-03-28T08:01:46+00:00","og_image":[{"url":"https:\/\/sakumetall.rwd.ee\/allhanketehas\/wp-content\/uploads\/sites\/3\/2016\/04\/pain7a-150x100.jpg","type":"","width":"","height":""}],"twitter_card":"summary_large_image","twitter_misc":{"Est. reading time":"1 minut"},"schema":{"@context":"https:\/\/schema.org","@graph":[{"@type":"WebPage","@id":"https:\/\/sakumetall.rwd.ee\/allhanketehas\/et\/tehnikapark\/painutuspink-finn-power-safan-e-brake-200-4100ts1-2\/","url":"https:\/\/sakumetall.rwd.ee\/allhanketehas\/et\/tehnikapark\/painutuspink-finn-power-safan-e-brake-200-4100ts1-2\/","name":"Painutuspink Finn-Power E-Brake 200-4100TS1 - Saku Metall Allhanke Tehas","isPartOf":{"@id":"https:\/\/sakumetall.rwd.ee\/allhanketehas\/et\/#website"},"datePublished":"2015-07-30T10:39:46+00:00","dateModified":"2023-03-28T08:01:46+00:00","breadcrumb":{"@id":"https:\/\/sakumetall.rwd.ee\/allhanketehas\/et\/tehnikapark\/painutuspink-finn-power-safan-e-brake-200-4100ts1-2\/#breadcrumb"},"inLanguage":"et","potentialAction":[{"@type":"ReadAction","target":["https:\/\/sakumetall.rwd.ee\/allhanketehas\/et\/tehnikapark\/painutuspink-finn-power-safan-e-brake-200-4100ts1-2\/"]}]},{"@type":"BreadcrumbList","@id":"https:\/\/sakumetall.rwd.ee\/allhanketehas\/et\/tehnikapark\/painutuspink-finn-power-safan-e-brake-200-4100ts1-2\/#breadcrumb","itemListElement":[{"@type":"ListItem","position":1,"name":"Home","item":"https:\/\/sakumetall.rwd.ee\/allhanketehas\/et\/"},{"@type":"ListItem","position":2,"name":"Tehnikapark","item":"https:\/\/sakumetall.rwd.ee\/allhanketehas\/et\/tehnikapark\/"},{"@type":"ListItem","position":3,"name":"Painutuspink Finn-Power E-Brake 200-4100TS1"}]},{"@type":"WebSite","@id":"https:\/\/sakumetall.rwd.ee\/allhanketehas\/et\/#website","url":"https:\/\/sakumetall.rwd.ee\/allhanketehas\/et\/","name":"Saku Metall Allhanke Tehas","description":"Saku Metall AS tegeleb uksetootmise ja allhankega. Pakume tulet\u00f5kkeuksi, metalluksi, profiil- ja l\u00fckanduksi ning garaa\u017ei- ja t\u00f6\u00f6stuslikke t\u00f5stuksi ning lehtmetallist allhanket\u00f6id. V\u00f5ta \u00fchendust!","potentialAction":[{"@type":"SearchAction","target":{"@type":"EntryPoint","urlTemplate":"https:\/\/sakumetall.rwd.ee\/allhanketehas\/et\/?s={search_term_string}"},"query-input":{"@type":"PropertyValueSpecification","valueRequired":true,"valueName":"search_term_string"}}],"inLanguage":"et"}]}},"_links":{"self":[{"href":"https:\/\/sakumetall.rwd.ee\/allhanketehas\/et\/wp-json\/wp\/v2\/pages\/1582","targetHints":{"allow":["GET"]}}],"collection":[{"href":"https:\/\/sakumetall.rwd.ee\/allhanketehas\/et\/wp-json\/wp\/v2\/pages"}],"about":[{"href":"https:\/\/sakumetall.rwd.ee\/allhanketehas\/et\/wp-json\/wp\/v2\/types\/page"}],"author":[{"embeddable":true,"href":"https:\/\/sakumetall.rwd.ee\/allhanketehas\/et\/wp-json\/wp\/v2\/users\/2"}],"replies":[{"embeddable":true,"href":"https:\/\/sakumetall.rwd.ee\/allhanketehas\/et\/wp-json\/wp\/v2\/comments?post=1582"}],"version-history":[{"count":10,"href":"https:\/\/sakumetall.rwd.ee\/allhanketehas\/et\/wp-json\/wp\/v2\/pages\/1582\/revisions"}],"predecessor-version":[{"id":5244,"href":"https:\/\/sakumetall.rwd.ee\/allhanketehas\/et\/wp-json\/wp\/v2\/pages\/1582\/revisions\/5244"}],"up":[{"embeddable":true,"href":"https:\/\/sakumetall.rwd.ee\/allhanketehas\/et\/wp-json\/wp\/v2\/pages\/89"}],"wp:attachment":[{"href":"https:\/\/sakumetall.rwd.ee\/allhanketehas\/et\/wp-json\/wp\/v2\/media?parent=1582"}],"curies":[{"name":"wp","href":"https:\/\/api.w.org\/{rel}","templated":true}]}}