{"id":1542,"date":"2015-07-30T07:49:43","date_gmt":"2015-07-30T07:49:43","guid":{"rendered":"https:\/\/sakumetall.rwd.ee\/allhanketehas\/?page_id=1542"},"modified":"2023-03-29T08:26:29","modified_gmt":"2023-03-29T06:26:29","slug":"painutuspink-trumpf-trubend-5130","status":"publish","type":"page","link":"https:\/\/sakumetall.rwd.ee\/allhanketehas\/et\/tehnikapark\/painutuspink-trumpf-trubend-5130\/","title":{"rendered":"TRUMPF TruBend 5130"},"content":{"rendered":"<h1>TRUMPF TruBend 5130<\/h1>\n<ul style=\"list-style-type: square\">\n<li><span style=\"font-size: 12pt\">T\u00fc\u00fcp: Elektroh\u00fcdrauliline<\/span><\/li>\n<li><span style=\"font-size: 12pt\">Painutusj\u00f5ud (kN) 1300<\/span><\/li>\n<li><span style=\"font-size: 12pt\">T\u00f6\u00f6laua pikkus (mm) 3230<\/span><\/li>\n<li><span style=\"font-size: 12pt\">Avanemisk\u00f5rgus (mm) 615<\/span><\/li>\n<li><span style=\"font-size: 12pt\">T\u00f6\u00f6riista k\u00e4ik (mm) 445<\/span><\/li>\n<li><span style=\"font-size: 12pt\">Y- telje korratavus (mm) \u00b10.005<\/span><\/li>\n<li><span style=\"font-size: 12pt\">X- telje t\u00e4psus (mm) \u00b10.04<\/span><\/li>\n<li><span style=\"font-size: 12pt\">Tagatoe telgede arv 5, koos delta X \u00b1 75 mm<\/span><\/li>\n<li><span style=\"font-size: 12pt\">Offline programmeerimine TecZone<\/span><\/li>\n<li><span style=\"font-size: 12pt\">Nurgam\u00f5\u00f5tja ACB Laser \/ ACB sensor t\u00f6\u00f6riistad<\/span><\/li>\n<\/ul>\n<p><a href=\"https:\/\/sakumetall.rwd.ee\/allhanketehas\/wp-content\/uploads\/sites\/3\/2019\/02\/sakumetall_Trumpf_TruBend_5130_2.jpg\"><img loading=\"lazy\" decoding=\"async\" width=\"300\" height=\"201\" class=\"alignnone size-medium wp-image-4266\" src=\"https:\/\/sakumetall.rwd.ee\/allhanketehas\/wp-content\/uploads\/sites\/3\/2019\/02\/sakumetall_Trumpf_TruBend_5130_2-300x201.jpg\" alt=\"sakumetall_Trumpf_TruBend_5130_2\" srcset=\"https:\/\/sakumetall.rwd.ee\/allhanketehas\/wp-content\/uploads\/sites\/3\/2019\/02\/sakumetall_Trumpf_TruBend_5130_2-300x201.jpg 300w, https:\/\/sakumetall.rwd.ee\/allhanketehas\/wp-content\/uploads\/sites\/3\/2019\/02\/sakumetall_Trumpf_TruBend_5130_2-285x190.jpg 285w, https:\/\/sakumetall.rwd.ee\/allhanketehas\/wp-content\/uploads\/sites\/3\/2019\/02\/sakumetall_Trumpf_TruBend_5130_2-150x100.jpg 150w, https:\/\/sakumetall.rwd.ee\/allhanketehas\/wp-content\/uploads\/sites\/3\/2019\/02\/sakumetall_Trumpf_TruBend_5130_2-180x120.jpg 180w, https:\/\/sakumetall.rwd.ee\/allhanketehas\/wp-content\/uploads\/sites\/3\/2019\/02\/sakumetall_Trumpf_TruBend_5130_2.jpg 1014w\" sizes=\"auto, (max-width: 300px) 100vw, 300px\" \/><\/a><\/p>\n","protected":false},"excerpt":{"rendered":"<p>TRUMPF TruBend 5130 T\u00fc\u00fcp: Elektroh\u00fcdrauliline Painutusj\u00f5ud (kN) 1300 T\u00f6\u00f6laua pikkus (mm) 3230 Avanemisk\u00f5rgus (mm) 615 T\u00f6\u00f6riista k\u00e4ik (mm) 445 Y- telje korratavus (mm) \u00b10.005 X- telje t\u00e4psus (mm) \u00b10.04 Tagatoe telgede arv 5, koos delta X \u00b1 75 mm Offline programmeerimine TecZone Nurgam\u00f5\u00f5tja ACB Laser \/ ACB sensor t\u00f6\u00f6riistad<\/p>\n","protected":false},"author":2,"featured_media":0,"parent":89,"menu_order":1,"comment_status":"closed","ping_status":"closed","template":"","meta":{"footnotes":""},"class_list":["post-1542","page","type-page","status-publish","hentry"],"yoast_head":"<!-- This site is optimized with the Yoast SEO plugin v27.3 - https:\/\/yoast.com\/product\/yoast-seo-wordpress\/ -->\n<title>TRUMPF TruBend 5130 - Saku Metall Allhanke Tehas<\/title>\n<meta name=\"robots\" content=\"index, follow, max-snippet:-1, max-image-preview:large, max-video-preview:-1\" \/>\n<link rel=\"canonical\" href=\"https:\/\/sakumetall.rwd.ee\/allhanketehas\/et\/tehnikapark\/painutuspink-trumpf-trubend-5130\/\" \/>\n<meta property=\"og:locale\" content=\"et_EE\" \/>\n<meta property=\"og:type\" content=\"article\" \/>\n<meta property=\"og:title\" content=\"TRUMPF TruBend 5130 - Saku Metall Allhanke Tehas\" \/>\n<meta property=\"og:description\" content=\"TRUMPF TruBend 5130 T\u00fc\u00fcp: Elektroh\u00fcdrauliline Painutusj\u00f5ud (kN) 1300 T\u00f6\u00f6laua pikkus (mm) 3230 Avanemisk\u00f5rgus (mm) 615 T\u00f6\u00f6riista k\u00e4ik (mm) 445 Y- telje korratavus (mm) \u00b10.005 X- telje t\u00e4psus (mm) \u00b10.04 Tagatoe telgede arv 5, koos delta X \u00b1 75 mm Offline programmeerimine TecZone Nurgam\u00f5\u00f5tja ACB Laser \/ ACB sensor t\u00f6\u00f6riistad\" \/>\n<meta property=\"og:url\" content=\"https:\/\/sakumetall.rwd.ee\/allhanketehas\/et\/tehnikapark\/painutuspink-trumpf-trubend-5130\/\" \/>\n<meta property=\"og:site_name\" content=\"Saku Metall Allhanke Tehas\" \/>\n<meta property=\"article:modified_time\" content=\"2023-03-29T06:26:29+00:00\" \/>\n<meta property=\"og:image\" content=\"https:\/\/sakumetall.rwd.ee\/allhanketehas\/wp-content\/uploads\/sites\/3\/2019\/02\/sakumetall_Trumpf_TruBend_5130_2-300x201.jpg\" \/>\n<meta name=\"twitter:card\" content=\"summary_large_image\" \/>\n<meta name=\"twitter:label1\" content=\"Est. reading time\" \/>\n\t<meta name=\"twitter:data1\" content=\"1 minut\" \/>\n<script type=\"application\/ld+json\" class=\"yoast-schema-graph\">{\"@context\":\"https:\\\/\\\/schema.org\",\"@graph\":[{\"@type\":\"WebPage\",\"@id\":\"https:\\\/\\\/sakumetall.rwd.ee\\\/allhanketehas\\\/et\\\/tehnikapark\\\/painutuspink-trumpf-trubend-5130\\\/\",\"url\":\"https:\\\/\\\/sakumetall.rwd.ee\\\/allhanketehas\\\/et\\\/tehnikapark\\\/painutuspink-trumpf-trubend-5130\\\/\",\"name\":\"TRUMPF TruBend 5130 - Saku Metall Allhanke Tehas\",\"isPartOf\":{\"@id\":\"https:\\\/\\\/sakumetall.rwd.ee\\\/allhanketehas\\\/et\\\/#website\"},\"primaryImageOfPage\":{\"@id\":\"https:\\\/\\\/sakumetall.rwd.ee\\\/allhanketehas\\\/et\\\/tehnikapark\\\/painutuspink-trumpf-trubend-5130\\\/#primaryimage\"},\"image\":{\"@id\":\"https:\\\/\\\/sakumetall.rwd.ee\\\/allhanketehas\\\/et\\\/tehnikapark\\\/painutuspink-trumpf-trubend-5130\\\/#primaryimage\"},\"thumbnailUrl\":\"https:\\\/\\\/sakumetall.rwd.ee\\\/allhanketehas\\\/wp-content\\\/uploads\\\/sites\\\/3\\\/2019\\\/02\\\/sakumetall_Trumpf_TruBend_5130_2-300x201.jpg\",\"datePublished\":\"2015-07-30T07:49:43+00:00\",\"dateModified\":\"2023-03-29T06:26:29+00:00\",\"breadcrumb\":{\"@id\":\"https:\\\/\\\/sakumetall.rwd.ee\\\/allhanketehas\\\/et\\\/tehnikapark\\\/painutuspink-trumpf-trubend-5130\\\/#breadcrumb\"},\"inLanguage\":\"et\",\"potentialAction\":[{\"@type\":\"ReadAction\",\"target\":[\"https:\\\/\\\/sakumetall.rwd.ee\\\/allhanketehas\\\/et\\\/tehnikapark\\\/painutuspink-trumpf-trubend-5130\\\/\"]}]},{\"@type\":\"ImageObject\",\"inLanguage\":\"et\",\"@id\":\"https:\\\/\\\/sakumetall.rwd.ee\\\/allhanketehas\\\/et\\\/tehnikapark\\\/painutuspink-trumpf-trubend-5130\\\/#primaryimage\",\"url\":\"https:\\\/\\\/sakumetall.rwd.ee\\\/allhanketehas\\\/wp-content\\\/uploads\\\/sites\\\/3\\\/2019\\\/02\\\/sakumetall_Trumpf_TruBend_5130_2-300x201.jpg\",\"contentUrl\":\"https:\\\/\\\/sakumetall.rwd.ee\\\/allhanketehas\\\/wp-content\\\/uploads\\\/sites\\\/3\\\/2019\\\/02\\\/sakumetall_Trumpf_TruBend_5130_2-300x201.jpg\"},{\"@type\":\"BreadcrumbList\",\"@id\":\"https:\\\/\\\/sakumetall.rwd.ee\\\/allhanketehas\\\/et\\\/tehnikapark\\\/painutuspink-trumpf-trubend-5130\\\/#breadcrumb\",\"itemListElement\":[{\"@type\":\"ListItem\",\"position\":1,\"name\":\"Home\",\"item\":\"https:\\\/\\\/sakumetall.rwd.ee\\\/allhanketehas\\\/et\\\/\"},{\"@type\":\"ListItem\",\"position\":2,\"name\":\"Tehnikapark\",\"item\":\"https:\\\/\\\/sakumetall.rwd.ee\\\/allhanketehas\\\/et\\\/tehnikapark\\\/\"},{\"@type\":\"ListItem\",\"position\":3,\"name\":\"TRUMPF TruBend 5130\"}]},{\"@type\":\"WebSite\",\"@id\":\"https:\\\/\\\/sakumetall.rwd.ee\\\/allhanketehas\\\/et\\\/#website\",\"url\":\"https:\\\/\\\/sakumetall.rwd.ee\\\/allhanketehas\\\/et\\\/\",\"name\":\"Saku Metall Allhanke Tehas\",\"description\":\"Saku Metall AS tegeleb uksetootmise ja allhankega. Pakume tulet\u00f5kkeuksi, metalluksi, profiil- ja l\u00fckanduksi ning garaa\u017ei- ja t\u00f6\u00f6stuslikke t\u00f5stuksi ning lehtmetallist allhanket\u00f6id. V\u00f5ta \u00fchendust!\",\"potentialAction\":[{\"@type\":\"SearchAction\",\"target\":{\"@type\":\"EntryPoint\",\"urlTemplate\":\"https:\\\/\\\/sakumetall.rwd.ee\\\/allhanketehas\\\/et\\\/?s={search_term_string}\"},\"query-input\":{\"@type\":\"PropertyValueSpecification\",\"valueRequired\":true,\"valueName\":\"search_term_string\"}}],\"inLanguage\":\"et\"}]}<\/script>\n<!-- \/ Yoast SEO plugin. -->","yoast_head_json":{"title":"TRUMPF TruBend 5130 - Saku Metall Allhanke Tehas","robots":{"index":"index","follow":"follow","max-snippet":"max-snippet:-1","max-image-preview":"max-image-preview:large","max-video-preview":"max-video-preview:-1"},"canonical":"https:\/\/sakumetall.rwd.ee\/allhanketehas\/et\/tehnikapark\/painutuspink-trumpf-trubend-5130\/","og_locale":"et_EE","og_type":"article","og_title":"TRUMPF TruBend 5130 - Saku Metall Allhanke Tehas","og_description":"TRUMPF TruBend 5130 T\u00fc\u00fcp: Elektroh\u00fcdrauliline Painutusj\u00f5ud (kN) 1300 T\u00f6\u00f6laua pikkus (mm) 3230 Avanemisk\u00f5rgus (mm) 615 T\u00f6\u00f6riista k\u00e4ik (mm) 445 Y- telje korratavus (mm) \u00b10.005 X- telje t\u00e4psus (mm) \u00b10.04 Tagatoe telgede arv 5, koos delta X \u00b1 75 mm Offline programmeerimine TecZone Nurgam\u00f5\u00f5tja ACB Laser \/ ACB sensor t\u00f6\u00f6riistad","og_url":"https:\/\/sakumetall.rwd.ee\/allhanketehas\/et\/tehnikapark\/painutuspink-trumpf-trubend-5130\/","og_site_name":"Saku Metall Allhanke Tehas","article_modified_time":"2023-03-29T06:26:29+00:00","og_image":[{"url":"https:\/\/sakumetall.rwd.ee\/allhanketehas\/wp-content\/uploads\/sites\/3\/2019\/02\/sakumetall_Trumpf_TruBend_5130_2-300x201.jpg","type":"","width":"","height":""}],"twitter_card":"summary_large_image","twitter_misc":{"Est. reading time":"1 minut"},"schema":{"@context":"https:\/\/schema.org","@graph":[{"@type":"WebPage","@id":"https:\/\/sakumetall.rwd.ee\/allhanketehas\/et\/tehnikapark\/painutuspink-trumpf-trubend-5130\/","url":"https:\/\/sakumetall.rwd.ee\/allhanketehas\/et\/tehnikapark\/painutuspink-trumpf-trubend-5130\/","name":"TRUMPF TruBend 5130 - Saku Metall Allhanke Tehas","isPartOf":{"@id":"https:\/\/sakumetall.rwd.ee\/allhanketehas\/et\/#website"},"primaryImageOfPage":{"@id":"https:\/\/sakumetall.rwd.ee\/allhanketehas\/et\/tehnikapark\/painutuspink-trumpf-trubend-5130\/#primaryimage"},"image":{"@id":"https:\/\/sakumetall.rwd.ee\/allhanketehas\/et\/tehnikapark\/painutuspink-trumpf-trubend-5130\/#primaryimage"},"thumbnailUrl":"https:\/\/sakumetall.rwd.ee\/allhanketehas\/wp-content\/uploads\/sites\/3\/2019\/02\/sakumetall_Trumpf_TruBend_5130_2-300x201.jpg","datePublished":"2015-07-30T07:49:43+00:00","dateModified":"2023-03-29T06:26:29+00:00","breadcrumb":{"@id":"https:\/\/sakumetall.rwd.ee\/allhanketehas\/et\/tehnikapark\/painutuspink-trumpf-trubend-5130\/#breadcrumb"},"inLanguage":"et","potentialAction":[{"@type":"ReadAction","target":["https:\/\/sakumetall.rwd.ee\/allhanketehas\/et\/tehnikapark\/painutuspink-trumpf-trubend-5130\/"]}]},{"@type":"ImageObject","inLanguage":"et","@id":"https:\/\/sakumetall.rwd.ee\/allhanketehas\/et\/tehnikapark\/painutuspink-trumpf-trubend-5130\/#primaryimage","url":"https:\/\/sakumetall.rwd.ee\/allhanketehas\/wp-content\/uploads\/sites\/3\/2019\/02\/sakumetall_Trumpf_TruBend_5130_2-300x201.jpg","contentUrl":"https:\/\/sakumetall.rwd.ee\/allhanketehas\/wp-content\/uploads\/sites\/3\/2019\/02\/sakumetall_Trumpf_TruBend_5130_2-300x201.jpg"},{"@type":"BreadcrumbList","@id":"https:\/\/sakumetall.rwd.ee\/allhanketehas\/et\/tehnikapark\/painutuspink-trumpf-trubend-5130\/#breadcrumb","itemListElement":[{"@type":"ListItem","position":1,"name":"Home","item":"https:\/\/sakumetall.rwd.ee\/allhanketehas\/et\/"},{"@type":"ListItem","position":2,"name":"Tehnikapark","item":"https:\/\/sakumetall.rwd.ee\/allhanketehas\/et\/tehnikapark\/"},{"@type":"ListItem","position":3,"name":"TRUMPF TruBend 5130"}]},{"@type":"WebSite","@id":"https:\/\/sakumetall.rwd.ee\/allhanketehas\/et\/#website","url":"https:\/\/sakumetall.rwd.ee\/allhanketehas\/et\/","name":"Saku Metall Allhanke Tehas","description":"Saku Metall AS tegeleb uksetootmise ja allhankega. Pakume tulet\u00f5kkeuksi, metalluksi, profiil- ja l\u00fckanduksi ning garaa\u017ei- ja t\u00f6\u00f6stuslikke t\u00f5stuksi ning lehtmetallist allhanket\u00f6id. V\u00f5ta \u00fchendust!","potentialAction":[{"@type":"SearchAction","target":{"@type":"EntryPoint","urlTemplate":"https:\/\/sakumetall.rwd.ee\/allhanketehas\/et\/?s={search_term_string}"},"query-input":{"@type":"PropertyValueSpecification","valueRequired":true,"valueName":"search_term_string"}}],"inLanguage":"et"}]}},"_links":{"self":[{"href":"https:\/\/sakumetall.rwd.ee\/allhanketehas\/et\/wp-json\/wp\/v2\/pages\/1542","targetHints":{"allow":["GET"]}}],"collection":[{"href":"https:\/\/sakumetall.rwd.ee\/allhanketehas\/et\/wp-json\/wp\/v2\/pages"}],"about":[{"href":"https:\/\/sakumetall.rwd.ee\/allhanketehas\/et\/wp-json\/wp\/v2\/types\/page"}],"author":[{"embeddable":true,"href":"https:\/\/sakumetall.rwd.ee\/allhanketehas\/et\/wp-json\/wp\/v2\/users\/2"}],"replies":[{"embeddable":true,"href":"https:\/\/sakumetall.rwd.ee\/allhanketehas\/et\/wp-json\/wp\/v2\/comments?post=1542"}],"version-history":[{"count":12,"href":"https:\/\/sakumetall.rwd.ee\/allhanketehas\/et\/wp-json\/wp\/v2\/pages\/1542\/revisions"}],"predecessor-version":[{"id":5270,"href":"https:\/\/sakumetall.rwd.ee\/allhanketehas\/et\/wp-json\/wp\/v2\/pages\/1542\/revisions\/5270"}],"up":[{"embeddable":true,"href":"https:\/\/sakumetall.rwd.ee\/allhanketehas\/et\/wp-json\/wp\/v2\/pages\/89"}],"wp:attachment":[{"href":"https:\/\/sakumetall.rwd.ee\/allhanketehas\/et\/wp-json\/wp\/v2\/media?parent=1542"}],"curies":[{"name":"wp","href":"https:\/\/api.w.org\/{rel}","templated":true}]}}