{"id":129,"date":"2015-06-23T09:13:06","date_gmt":"2015-06-23T09:13:06","guid":{"rendered":"https:\/\/sakumetall.rwd.ee\/allhanketehas\/?page_id=129"},"modified":"2026-01-20T14:45:30","modified_gmt":"2026-01-20T12:45:30","slug":"ettevottest","status":"publish","type":"page","link":"https:\/\/sakumetall.rwd.ee\/allhanketehas\/et\/ettevottest\/ettevottest\/","title":{"rendered":"Ettev\u00f5ttest"},"content":{"rendered":"<h1><span style=\"font-family: verdana, geneva, sans-serif\">Ettev\u00f5ttest<\/span><\/h1>\n<pre class=\"tw-data-text tw-text-large tw-ta\" data-placeholder=\"Translation\"><span class=\"Y2IQFc\" lang=\"et\" style=\"font-family: verdana, geneva, sans-serif;font-size: 12pt\">\r\nSaku Metallil on 30-aastane metallit\u00f6\u00f6tlemise kogemus. AS Saku Metall asutati 1991. aastal ja \r\n<span class=\"JsGRdQ\">on 100% Eesti kapitalil p\u00f5hinev ja sellel on kaks peamist t\u00fctarettev\u00f5tet - AS Saku Metall \r\nUksetehas ja AS Saku Metall Allhanke Tehas.<\/span> Sellest ajast alates oleme kasvanud nii suuruse kui \r\np\u00e4devuse poolest. Aastal 2012 jagunes Saku Metall AS kaheks t\u00fctarettev\u00f5tteks - AS Saku Metall \r\nAllhanke Tehas ja AS Saku Metall Uksetehas.<\/span><\/pre>\n<pre id=\"tw-target-text\" class=\"tw-data-text tw-text-large tw-ta\" data-placeholder=\"Translation\"><span class=\"Y2IQFc\" lang=\"et\" style=\"font-family: verdana, geneva, sans-serif;font-size: 12pt\">\r\n<span class=\"JsGRdQ\">Saku Metall Allhanke Tehas AS osutab allhanketeenust ning on spetsialiseerunud lehtmetallist \r\ntoodete, peamiselt koostude, valmistamisele vastavalt kliendi joonistele ja n\u00f5udmistele.<\/span> <span class=\"JsGRdQ\">Omades \r\nk\u00f5iki peamisi tootmisprotsesse ettev\u00f5ttesiseselt, aitame tootjatel tarneahela t\u00f5husust t\u00f5sta, \r\nv\u00e4hendades tarneaega ja kvaliteediriski. \r\n<\/span> \r\n\r\nOleme rohkem kui lihtsalt lehtmetallist toodete allhanketehas. Meie tootmisprotsessid h\u00f5lmavad \r\narendust, l\u00f5ikust, painutust, keevitamist, v\u00e4rvimist ja koostamist. <span class=\"JsGRdQ\">T\u00e4nu meie insenerialastele \r\nteadmistele ja kogemustele suudame v\u00e4ga kiiresti anal\u00fc\u00fcsida, muuta ja uusi konfiguratsioone \r\nvalmistada. <\/span>Suudame v\u00e4lja t\u00f6\u00f6tada, toota ja koostada lehtmetalltooteid vastavalt kliendi \r\nn\u00f5udmistele ning oleme sertifitseeritud k\u00f5rgeimate standardite j\u00e4rgi. Oleme spetsialiseerunud \r\nkuni 8 mm lehtmetallile, sealhulgas k\u00fclmvaltsitud, tsingitud (elektro-, kuumsulatatud), rooste-\r\nvaba terase ja alumiiniumi t\u00f6\u00f6tlemisele. T\u00f6\u00f6tleme kuus \u00fcle 300 tonni erinevaid metalle.\r\n\r\n<span class=\"JsGRdQ\">Omame lisaks ISO 9001, ISO 14001 ja ISO 45001 sertifikaatidele ka rongit\u00f6\u00f6stuse keevitamise \r\nsertifikaate, mis sisaldavad v\u00e4ga k\u00f5rgeid kvaliteedin\u00f5udeid - EVS-EN ISO 3834:2006-2 ja \r\nEN 15085-2 CL1.<\/span>\r\n\r\n<span class=\"JsGRdQ\">Meil on kogemusi konditsioneeri-, rongi-, lifti-, energia-, meditsiini- ja kaitset\u00f6\u00f6stuses, kuid \r\ntegelikult saame valmistada peaaegu k\u00f5iki lehtmetallitooteid. Umbes 95% meie toodangust l\u00e4heb \r\nekspordiks. <\/span>Meie eesm\u00e4rk on luua klientidega pikaajalisi partnerlussuhteid. P\u00fc\u00fcdleme selle poole, \r\net meie kliendid tunneksid, nagu oleksime nende oma tehas v\u00e4ljaspool nende enda ettev\u00f5tet. \r\nPersonaalne l\u00e4henemine on v\u00f5imaldanud meil saada oluliseks osaks meie klientide tarneahelas ja \r\nigap\u00e4evases \u00e4ris.\r\n\r\nMeid usaldavad oma valdkonna liidrid, n\u00e4iteks Kone, General Electric, Knorr-Bremse, Sanmina, \r\nTavrida Electric, Airmaster, Powertech Converter jt.\r\n\r\nSaku Metall Allhanke Tehase tootmis\u00fcksus ja kontor asub Eesti pealinna Tallinna l\u00e4hedal \r\nP\u00f5rguv\u00e4lja teel, Rae vallas, Karjaveres.\r\n\r\n<a href=\"https:\/\/sakumetall.rwd.ee\/allhanketehas\/wp-content\/uploads\/sites\/3\/2026\/01\/260120-SMAHT-Presentatsioon-.pdf\" class=\"button secondary\">Vaata lisaks: Ettev\u00f5tte presentatsioon PDF<\/a>\r\n\r\n <\/span><\/pre>\n","protected":false},"excerpt":{"rendered":"<p>Ettev\u00f5ttest Saku Metallil on 30-aastane metallit\u00f6\u00f6tlemise kogemus. AS Saku Metall asutati 1991. aastal ja on 100% Eesti kapitalil p\u00f5hinev ja sellel on kaks peamist t\u00fctarettev\u00f5tet &#8211; AS Saku Metall Uksetehas ja AS Saku Metall Allhanke Tehas. Sellest ajast alates oleme kasvanud nii suuruse kui p\u00e4devuse poolest. Aastal 2012 jagunes Saku Metall AS kaheks t\u00fctarettev\u00f5tteks &#8211; &#8230;<\/p>\n","protected":false},"author":1,"featured_media":0,"parent":91,"menu_order":1,"comment_status":"closed","ping_status":"closed","template":"","meta":{"footnotes":""},"class_list":["post-129","page","type-page","status-publish","hentry"],"yoast_head":"<!-- This site is optimized with the Yoast SEO plugin v27.3 - https:\/\/yoast.com\/product\/yoast-seo-wordpress\/ -->\n<title>Ettev\u00f5ttest | Saku Metall Allhanke Tehas<\/title>\n<meta name=\"description\" content=\"Saku Metall Allhanke Tehas AS osutab allhanketeenust ning on spetsialiseerunud lehtmetallist toodete, peamiselt koostude, valmistamisele vastavalt kliendi joonistele ja n\u00f5udmistele. Omades k\u00f5iki peamisi tootmisprotsesse ettev\u00f5ttesiseselt, aitame tootjatel tarneahela t\u00f5husust t\u00f5sta, v\u00e4hendades tarneaega ja kvaliteediriski.\" \/>\n<meta name=\"robots\" content=\"index, follow, max-snippet:-1, max-image-preview:large, max-video-preview:-1\" \/>\n<link rel=\"canonical\" href=\"https:\/\/sakumetall.rwd.ee\/allhanketehas\/et\/ettevottest\/ettevottest\/\" \/>\n<meta property=\"og:locale\" content=\"et_EE\" \/>\n<meta property=\"og:type\" content=\"article\" \/>\n<meta property=\"og:title\" content=\"Ettev\u00f5ttest | Saku Metall Allhanke Tehas\" \/>\n<meta property=\"og:description\" content=\"Saku Metall Allhanke Tehas AS osutab allhanketeenust ning on spetsialiseerunud lehtmetallist toodete, peamiselt koostude, valmistamisele vastavalt kliendi joonistele ja n\u00f5udmistele. Omades k\u00f5iki peamisi tootmisprotsesse ettev\u00f5ttesiseselt, aitame tootjatel tarneahela t\u00f5husust t\u00f5sta, v\u00e4hendades tarneaega ja kvaliteediriski.\" \/>\n<meta property=\"og:url\" content=\"https:\/\/sakumetall.rwd.ee\/allhanketehas\/et\/ettevottest\/ettevottest\/\" \/>\n<meta property=\"og:site_name\" content=\"Saku Metall Allhanke Tehas\" \/>\n<meta property=\"article:modified_time\" content=\"2026-01-20T12:45:30+00:00\" \/>\n<meta name=\"twitter:card\" content=\"summary_large_image\" \/>\n<meta name=\"twitter:label1\" content=\"Est. reading time\" \/>\n\t<meta name=\"twitter:data1\" content=\"1 minut\" \/>\n<script type=\"application\/ld+json\" class=\"yoast-schema-graph\">{\"@context\":\"https:\\\/\\\/schema.org\",\"@graph\":[{\"@type\":\"WebPage\",\"@id\":\"https:\\\/\\\/sakumetall.rwd.ee\\\/allhanketehas\\\/et\\\/ettevottest\\\/ettevottest\\\/\",\"url\":\"https:\\\/\\\/sakumetall.rwd.ee\\\/allhanketehas\\\/et\\\/ettevottest\\\/ettevottest\\\/\",\"name\":\"Ettev\u00f5ttest | Saku Metall Allhanke Tehas\",\"isPartOf\":{\"@id\":\"https:\\\/\\\/sakumetall.rwd.ee\\\/allhanketehas\\\/et\\\/#website\"},\"datePublished\":\"2015-06-23T09:13:06+00:00\",\"dateModified\":\"2026-01-20T12:45:30+00:00\",\"description\":\"Saku Metall Allhanke Tehas AS osutab allhanketeenust ning on spetsialiseerunud lehtmetallist toodete, peamiselt koostude, valmistamisele vastavalt kliendi joonistele ja n\u00f5udmistele. Omades k\u00f5iki peamisi tootmisprotsesse ettev\u00f5ttesiseselt, aitame tootjatel tarneahela t\u00f5husust t\u00f5sta, v\u00e4hendades tarneaega ja kvaliteediriski.\",\"breadcrumb\":{\"@id\":\"https:\\\/\\\/sakumetall.rwd.ee\\\/allhanketehas\\\/et\\\/ettevottest\\\/ettevottest\\\/#breadcrumb\"},\"inLanguage\":\"et\",\"potentialAction\":[{\"@type\":\"ReadAction\",\"target\":[\"https:\\\/\\\/sakumetall.rwd.ee\\\/allhanketehas\\\/et\\\/ettevottest\\\/ettevottest\\\/\"]}]},{\"@type\":\"BreadcrumbList\",\"@id\":\"https:\\\/\\\/sakumetall.rwd.ee\\\/allhanketehas\\\/et\\\/ettevottest\\\/ettevottest\\\/#breadcrumb\",\"itemListElement\":[{\"@type\":\"ListItem\",\"position\":1,\"name\":\"Home\",\"item\":\"https:\\\/\\\/sakumetall.rwd.ee\\\/allhanketehas\\\/et\\\/\"},{\"@type\":\"ListItem\",\"position\":2,\"name\":\"Ettev\u00f5ttest\",\"item\":\"https:\\\/\\\/sakumetall.rwd.ee\\\/allhanketehas\\\/et\\\/ettevottest\\\/\"},{\"@type\":\"ListItem\",\"position\":3,\"name\":\"Ettev\u00f5ttest\"}]},{\"@type\":\"WebSite\",\"@id\":\"https:\\\/\\\/sakumetall.rwd.ee\\\/allhanketehas\\\/et\\\/#website\",\"url\":\"https:\\\/\\\/sakumetall.rwd.ee\\\/allhanketehas\\\/et\\\/\",\"name\":\"Saku Metall Allhanke Tehas\",\"description\":\"Saku Metall AS tegeleb uksetootmise ja allhankega. Pakume tulet\u00f5kkeuksi, metalluksi, profiil- ja l\u00fckanduksi ning garaa\u017ei- ja t\u00f6\u00f6stuslikke t\u00f5stuksi ning lehtmetallist allhanket\u00f6id. V\u00f5ta \u00fchendust!\",\"potentialAction\":[{\"@type\":\"SearchAction\",\"target\":{\"@type\":\"EntryPoint\",\"urlTemplate\":\"https:\\\/\\\/sakumetall.rwd.ee\\\/allhanketehas\\\/et\\\/?s={search_term_string}\"},\"query-input\":{\"@type\":\"PropertyValueSpecification\",\"valueRequired\":true,\"valueName\":\"search_term_string\"}}],\"inLanguage\":\"et\"}]}<\/script>\n<!-- \/ Yoast SEO plugin. -->","yoast_head_json":{"title":"Ettev\u00f5ttest | Saku Metall Allhanke Tehas","description":"Saku Metall Allhanke Tehas AS osutab allhanketeenust ning on spetsialiseerunud lehtmetallist toodete, peamiselt koostude, valmistamisele vastavalt kliendi joonistele ja n\u00f5udmistele. Omades k\u00f5iki peamisi tootmisprotsesse ettev\u00f5ttesiseselt, aitame tootjatel tarneahela t\u00f5husust t\u00f5sta, v\u00e4hendades tarneaega ja kvaliteediriski.","robots":{"index":"index","follow":"follow","max-snippet":"max-snippet:-1","max-image-preview":"max-image-preview:large","max-video-preview":"max-video-preview:-1"},"canonical":"https:\/\/sakumetall.rwd.ee\/allhanketehas\/et\/ettevottest\/ettevottest\/","og_locale":"et_EE","og_type":"article","og_title":"Ettev\u00f5ttest | Saku Metall Allhanke Tehas","og_description":"Saku Metall Allhanke Tehas AS osutab allhanketeenust ning on spetsialiseerunud lehtmetallist toodete, peamiselt koostude, valmistamisele vastavalt kliendi joonistele ja n\u00f5udmistele. Omades k\u00f5iki peamisi tootmisprotsesse ettev\u00f5ttesiseselt, aitame tootjatel tarneahela t\u00f5husust t\u00f5sta, v\u00e4hendades tarneaega ja kvaliteediriski.","og_url":"https:\/\/sakumetall.rwd.ee\/allhanketehas\/et\/ettevottest\/ettevottest\/","og_site_name":"Saku Metall Allhanke Tehas","article_modified_time":"2026-01-20T12:45:30+00:00","twitter_card":"summary_large_image","twitter_misc":{"Est. reading time":"1 minut"},"schema":{"@context":"https:\/\/schema.org","@graph":[{"@type":"WebPage","@id":"https:\/\/sakumetall.rwd.ee\/allhanketehas\/et\/ettevottest\/ettevottest\/","url":"https:\/\/sakumetall.rwd.ee\/allhanketehas\/et\/ettevottest\/ettevottest\/","name":"Ettev\u00f5ttest | Saku Metall Allhanke Tehas","isPartOf":{"@id":"https:\/\/sakumetall.rwd.ee\/allhanketehas\/et\/#website"},"datePublished":"2015-06-23T09:13:06+00:00","dateModified":"2026-01-20T12:45:30+00:00","description":"Saku Metall Allhanke Tehas AS osutab allhanketeenust ning on spetsialiseerunud lehtmetallist toodete, peamiselt koostude, valmistamisele vastavalt kliendi joonistele ja n\u00f5udmistele. Omades k\u00f5iki peamisi tootmisprotsesse ettev\u00f5ttesiseselt, aitame tootjatel tarneahela t\u00f5husust t\u00f5sta, v\u00e4hendades tarneaega ja kvaliteediriski.","breadcrumb":{"@id":"https:\/\/sakumetall.rwd.ee\/allhanketehas\/et\/ettevottest\/ettevottest\/#breadcrumb"},"inLanguage":"et","potentialAction":[{"@type":"ReadAction","target":["https:\/\/sakumetall.rwd.ee\/allhanketehas\/et\/ettevottest\/ettevottest\/"]}]},{"@type":"BreadcrumbList","@id":"https:\/\/sakumetall.rwd.ee\/allhanketehas\/et\/ettevottest\/ettevottest\/#breadcrumb","itemListElement":[{"@type":"ListItem","position":1,"name":"Home","item":"https:\/\/sakumetall.rwd.ee\/allhanketehas\/et\/"},{"@type":"ListItem","position":2,"name":"Ettev\u00f5ttest","item":"https:\/\/sakumetall.rwd.ee\/allhanketehas\/et\/ettevottest\/"},{"@type":"ListItem","position":3,"name":"Ettev\u00f5ttest"}]},{"@type":"WebSite","@id":"https:\/\/sakumetall.rwd.ee\/allhanketehas\/et\/#website","url":"https:\/\/sakumetall.rwd.ee\/allhanketehas\/et\/","name":"Saku Metall Allhanke Tehas","description":"Saku Metall AS tegeleb uksetootmise ja allhankega. Pakume tulet\u00f5kkeuksi, metalluksi, profiil- ja l\u00fckanduksi ning garaa\u017ei- ja t\u00f6\u00f6stuslikke t\u00f5stuksi ning lehtmetallist allhanket\u00f6id. V\u00f5ta \u00fchendust!","potentialAction":[{"@type":"SearchAction","target":{"@type":"EntryPoint","urlTemplate":"https:\/\/sakumetall.rwd.ee\/allhanketehas\/et\/?s={search_term_string}"},"query-input":{"@type":"PropertyValueSpecification","valueRequired":true,"valueName":"search_term_string"}}],"inLanguage":"et"}]}},"_links":{"self":[{"href":"https:\/\/sakumetall.rwd.ee\/allhanketehas\/et\/wp-json\/wp\/v2\/pages\/129","targetHints":{"allow":["GET"]}}],"collection":[{"href":"https:\/\/sakumetall.rwd.ee\/allhanketehas\/et\/wp-json\/wp\/v2\/pages"}],"about":[{"href":"https:\/\/sakumetall.rwd.ee\/allhanketehas\/et\/wp-json\/wp\/v2\/types\/page"}],"author":[{"embeddable":true,"href":"https:\/\/sakumetall.rwd.ee\/allhanketehas\/et\/wp-json\/wp\/v2\/users\/1"}],"replies":[{"embeddable":true,"href":"https:\/\/sakumetall.rwd.ee\/allhanketehas\/et\/wp-json\/wp\/v2\/comments?post=129"}],"version-history":[{"count":50,"href":"https:\/\/sakumetall.rwd.ee\/allhanketehas\/et\/wp-json\/wp\/v2\/pages\/129\/revisions"}],"predecessor-version":[{"id":6036,"href":"https:\/\/sakumetall.rwd.ee\/allhanketehas\/et\/wp-json\/wp\/v2\/pages\/129\/revisions\/6036"}],"up":[{"embeddable":true,"href":"https:\/\/sakumetall.rwd.ee\/allhanketehas\/et\/wp-json\/wp\/v2\/pages\/91"}],"wp:attachment":[{"href":"https:\/\/sakumetall.rwd.ee\/allhanketehas\/et\/wp-json\/wp\/v2\/media?parent=129"}],"curies":[{"name":"wp","href":"https:\/\/api.w.org\/{rel}","templated":true}]}}