{"id":4320,"date":"2019-03-06T16:20:07","date_gmt":"2019-03-06T14:20:07","guid":{"rendered":"https:\/\/sakumetall.rwd.ee\/allhanketehas\/?page_id=4320"},"modified":"2022-07-18T13:30:11","modified_gmt":"2022-07-18T11:30:11","slug":"trubend-series-5000-trumpf","status":"publish","type":"page","link":"https:\/\/sakumetall.rwd.ee\/allhanketehas\/de\/technology\/trubend-series-5000-trumpf\/","title":{"rendered":"TruBend Series 5000 TRUMPF"},"content":{"rendered":"<h1>TruBend Series 5000 TRUMPF<\/h1>\n<ul style=\"list-style-type: square\">\n<li><span style=\"font-size: 12pt\">PRESSKRAFT 1300 kN<\/span><\/li>\n<li><span style=\"font-size: 12pt\">BIEGEL\u00c4NGE 3230 mm<\/span><\/li>\n<li><span style=\"font-size: 12pt\">BIEGEL\u00c4NGE F\u00dcR VERGR\u00d6SSERTE AUSF\u00dcHRUNG (OPTION) &#8211;<\/span><\/li>\n<li><span style=\"font-size: 12pt\">FREIER ST\u00c4NDERDURCHGANG 2690 mm<\/span><\/li>\n<li><span style=\"font-size: 12pt\">NUTZBARE EINBAUH\u00d6HE 385 mm<\/span><\/li>\n<li><span style=\"font-size: 12pt\">NUTZBARE EINBAUH\u00d6HE F\u00dcR VERGR\u00d6SSERTE AUSF\u00dcHRUNG (OPTION) 615 mm<\/span><\/li>\n<li><span style=\"font-size: 12pt\">AUSLADUNG 420 mm<\/span><\/li>\n<li><span style=\"font-size: 12pt\">BEDIENOBERFL\u00c4CHE Touchpoint TruBend<\/span><\/li>\n<li><span style=\"font-size: 12pt\">MAX. ARBEITSGESCHWINDIGKEIT 25 mm\/s<\/span><\/li>\n<li><span style=\"font-size: 12pt\">EILGESCHWINDIGKEIT 220 mm\/s<\/span><\/li>\n<li><span style=\"font-size: 12pt\">ABMESSUNGEN <\/span><\/li>\n<li><span style=\"font-size: 12pt\">L\u00c4NGE 3980 mm<\/span><\/li>\n<li><span style=\"font-size: 12pt\">BREITE 1800 mm<\/span><\/li>\n<li><span style=\"font-size: 12pt\">H\u00d6HE 2375 mm<\/span><\/li>\n<\/ul>\n<p><a href=\"https:\/\/sakumetall.rwd.ee\/allhanketehas\/wp-content\/uploads\/sites\/3\/2019\/03\/sakumetall_trubend_1_1200x900.jpg\"><img loading=\"lazy\" decoding=\"async\" class=\"alignleft wp-image-4321\" src=\"https:\/\/sakumetall.rwd.ee\/allhanketehas\/wp-content\/uploads\/sites\/3\/2019\/03\/sakumetall_trubend_1_1200x900-1024x768.jpg\" alt=\"trumpf_TruBend_5130\" width=\"715\" height=\"536\" srcset=\"https:\/\/sakumetall.rwd.ee\/allhanketehas\/wp-content\/uploads\/sites\/3\/2019\/03\/sakumetall_trubend_1_1200x900-1024x768.jpg 1024w, https:\/\/sakumetall.rwd.ee\/allhanketehas\/wp-content\/uploads\/sites\/3\/2019\/03\/sakumetall_trubend_1_1200x900-300x225.jpg 300w, https:\/\/sakumetall.rwd.ee\/allhanketehas\/wp-content\/uploads\/sites\/3\/2019\/03\/sakumetall_trubend_1_1200x900-180x135.jpg 180w, https:\/\/sakumetall.rwd.ee\/allhanketehas\/wp-content\/uploads\/sites\/3\/2019\/03\/sakumetall_trubend_1_1200x900.jpg 1200w\" sizes=\"auto, (max-width: 715px) 100vw, 715px\" \/><\/a><\/p>\n","protected":false},"excerpt":{"rendered":"<p>TruBend Series 5000 TRUMPF PRESSKRAFT 1300 kN BIEGEL\u00c4NGE 3230 mm BIEGEL\u00c4NGE F\u00dcR VERGR\u00d6SSERTE AUSF\u00dcHRUNG (OPTION) &#8211; FREIER ST\u00c4NDERDURCHGANG 2690 mm NUTZBARE EINBAUH\u00d6HE 385 mm NUTZBARE EINBAUH\u00d6HE F\u00dcR VERGR\u00d6SSERTE AUSF\u00dcHRUNG (OPTION) 615 mm AUSLADUNG 420 mm BEDIENOBERFL\u00c4CHE Touchpoint TruBend MAX. ARBEITSGESCHWINDIGKEIT 25 mm\/s EILGESCHWINDIGKEIT 220 mm\/s ABMESSUNGEN L\u00c4NGE 3980 mm BREITE 1800 mm H\u00d6HE 2375 mm<\/p>\n","protected":false},"author":13,"featured_media":0,"parent":2963,"menu_order":0,"comment_status":"closed","ping_status":"closed","template":"","meta":{"footnotes":""},"class_list":["post-4320","page","type-page","status-publish","hentry"],"yoast_head":"<!-- This site is optimized with the Yoast SEO plugin v27.3 - https:\/\/yoast.com\/product\/yoast-seo-wordpress\/ -->\n<title>TruBend Series 5000 TRUMPF - Saku Metall Allhanke Tehas<\/title>\n<meta name=\"robots\" content=\"index, follow, max-snippet:-1, max-image-preview:large, max-video-preview:-1\" \/>\n<link rel=\"canonical\" href=\"https:\/\/sakumetall.rwd.ee\/allhanketehas\/de\/technology\/trubend-series-5000-trumpf\/\" \/>\n<meta property=\"og:locale\" content=\"de_DE\" \/>\n<meta property=\"og:type\" content=\"article\" \/>\n<meta property=\"og:title\" content=\"TruBend Series 5000 TRUMPF - Saku Metall Allhanke Tehas\" \/>\n<meta property=\"og:description\" content=\"TruBend Series 5000 TRUMPF PRESSKRAFT 1300 kN BIEGEL\u00c4NGE 3230 mm BIEGEL\u00c4NGE F\u00dcR VERGR\u00d6SSERTE AUSF\u00dcHRUNG (OPTION) &#8211; FREIER ST\u00c4NDERDURCHGANG 2690 mm NUTZBARE EINBAUH\u00d6HE 385 mm NUTZBARE EINBAUH\u00d6HE F\u00dcR VERGR\u00d6SSERTE AUSF\u00dcHRUNG (OPTION) 615 mm AUSLADUNG 420 mm BEDIENOBERFL\u00c4CHE Touchpoint TruBend MAX. ARBEITSGESCHWINDIGKEIT 25 mm\/s EILGESCHWINDIGKEIT 220 mm\/s ABMESSUNGEN L\u00c4NGE 3980 mm BREITE 1800 mm H\u00d6HE 2375 mm\" \/>\n<meta property=\"og:url\" content=\"https:\/\/sakumetall.rwd.ee\/allhanketehas\/de\/technology\/trubend-series-5000-trumpf\/\" \/>\n<meta property=\"og:site_name\" content=\"Saku Metall Allhanke Tehas\" \/>\n<meta property=\"article:modified_time\" content=\"2022-07-18T11:30:11+00:00\" \/>\n<meta property=\"og:image\" content=\"https:\/\/sakumetall.rwd.ee\/allhanketehas\/wp-content\/uploads\/sites\/3\/2019\/03\/sakumetall_trubend_1_1200x900-1024x768.jpg\" \/>\n<meta name=\"twitter:card\" content=\"summary_large_image\" \/>\n<meta name=\"twitter:label1\" content=\"Gesch\u00e4tzte Lesezeit\" \/>\n\t<meta name=\"twitter:data1\" content=\"1\u00a0Minute\" \/>\n<script type=\"application\/ld+json\" class=\"yoast-schema-graph\">{\"@context\":\"https:\\\/\\\/schema.org\",\"@graph\":[{\"@type\":\"WebPage\",\"@id\":\"https:\\\/\\\/sakumetall.rwd.ee\\\/allhanketehas\\\/de\\\/technology\\\/trubend-series-5000-trumpf\\\/\",\"url\":\"https:\\\/\\\/sakumetall.rwd.ee\\\/allhanketehas\\\/de\\\/technology\\\/trubend-series-5000-trumpf\\\/\",\"name\":\"TruBend Series 5000 TRUMPF - Saku Metall Allhanke Tehas\",\"isPartOf\":{\"@id\":\"https:\\\/\\\/sakumetall.rwd.ee\\\/allhanketehas\\\/de\\\/#website\"},\"primaryImageOfPage\":{\"@id\":\"https:\\\/\\\/sakumetall.rwd.ee\\\/allhanketehas\\\/de\\\/technology\\\/trubend-series-5000-trumpf\\\/#primaryimage\"},\"image\":{\"@id\":\"https:\\\/\\\/sakumetall.rwd.ee\\\/allhanketehas\\\/de\\\/technology\\\/trubend-series-5000-trumpf\\\/#primaryimage\"},\"thumbnailUrl\":\"https:\\\/\\\/sakumetall.rwd.ee\\\/allhanketehas\\\/wp-content\\\/uploads\\\/sites\\\/3\\\/2019\\\/03\\\/sakumetall_trubend_1_1200x900-1024x768.jpg\",\"datePublished\":\"2019-03-06T14:20:07+00:00\",\"dateModified\":\"2022-07-18T11:30:11+00:00\",\"breadcrumb\":{\"@id\":\"https:\\\/\\\/sakumetall.rwd.ee\\\/allhanketehas\\\/de\\\/technology\\\/trubend-series-5000-trumpf\\\/#breadcrumb\"},\"inLanguage\":\"de\",\"potentialAction\":[{\"@type\":\"ReadAction\",\"target\":[\"https:\\\/\\\/sakumetall.rwd.ee\\\/allhanketehas\\\/de\\\/technology\\\/trubend-series-5000-trumpf\\\/\"]}]},{\"@type\":\"ImageObject\",\"inLanguage\":\"de\",\"@id\":\"https:\\\/\\\/sakumetall.rwd.ee\\\/allhanketehas\\\/de\\\/technology\\\/trubend-series-5000-trumpf\\\/#primaryimage\",\"url\":\"https:\\\/\\\/sakumetall.rwd.ee\\\/allhanketehas\\\/wp-content\\\/uploads\\\/sites\\\/3\\\/2019\\\/03\\\/sakumetall_trubend_1_1200x900-1024x768.jpg\",\"contentUrl\":\"https:\\\/\\\/sakumetall.rwd.ee\\\/allhanketehas\\\/wp-content\\\/uploads\\\/sites\\\/3\\\/2019\\\/03\\\/sakumetall_trubend_1_1200x900-1024x768.jpg\"},{\"@type\":\"BreadcrumbList\",\"@id\":\"https:\\\/\\\/sakumetall.rwd.ee\\\/allhanketehas\\\/de\\\/technology\\\/trubend-series-5000-trumpf\\\/#breadcrumb\",\"itemListElement\":[{\"@type\":\"ListItem\",\"position\":1,\"name\":\"Home\",\"item\":\"https:\\\/\\\/sakumetall.rwd.ee\\\/allhanketehas\\\/de\\\/\"},{\"@type\":\"ListItem\",\"position\":2,\"name\":\"Technologie\",\"item\":\"https:\\\/\\\/sakumetall.rwd.ee\\\/allhanketehas\\\/de\\\/technology\\\/\"},{\"@type\":\"ListItem\",\"position\":3,\"name\":\"TruBend Series 5000 TRUMPF\"}]},{\"@type\":\"WebSite\",\"@id\":\"https:\\\/\\\/sakumetall.rwd.ee\\\/allhanketehas\\\/de\\\/#website\",\"url\":\"https:\\\/\\\/sakumetall.rwd.ee\\\/allhanketehas\\\/de\\\/\",\"name\":\"Saku Metall Allhanke Tehas\",\"description\":\"Informationen \u00fcber das Unternehmen\",\"potentialAction\":[{\"@type\":\"SearchAction\",\"target\":{\"@type\":\"EntryPoint\",\"urlTemplate\":\"https:\\\/\\\/sakumetall.rwd.ee\\\/allhanketehas\\\/de\\\/?s={search_term_string}\"},\"query-input\":{\"@type\":\"PropertyValueSpecification\",\"valueRequired\":true,\"valueName\":\"search_term_string\"}}],\"inLanguage\":\"de\"}]}<\/script>\n<!-- \/ Yoast SEO plugin. -->","yoast_head_json":{"title":"TruBend Series 5000 TRUMPF - Saku Metall Allhanke Tehas","robots":{"index":"index","follow":"follow","max-snippet":"max-snippet:-1","max-image-preview":"max-image-preview:large","max-video-preview":"max-video-preview:-1"},"canonical":"https:\/\/sakumetall.rwd.ee\/allhanketehas\/de\/technology\/trubend-series-5000-trumpf\/","og_locale":"de_DE","og_type":"article","og_title":"TruBend Series 5000 TRUMPF - Saku Metall Allhanke Tehas","og_description":"TruBend Series 5000 TRUMPF PRESSKRAFT 1300 kN BIEGEL\u00c4NGE 3230 mm BIEGEL\u00c4NGE F\u00dcR VERGR\u00d6SSERTE AUSF\u00dcHRUNG (OPTION) &#8211; FREIER ST\u00c4NDERDURCHGANG 2690 mm NUTZBARE EINBAUH\u00d6HE 385 mm NUTZBARE EINBAUH\u00d6HE F\u00dcR VERGR\u00d6SSERTE AUSF\u00dcHRUNG (OPTION) 615 mm AUSLADUNG 420 mm BEDIENOBERFL\u00c4CHE Touchpoint TruBend MAX. ARBEITSGESCHWINDIGKEIT 25 mm\/s EILGESCHWINDIGKEIT 220 mm\/s ABMESSUNGEN L\u00c4NGE 3980 mm BREITE 1800 mm H\u00d6HE 2375 mm","og_url":"https:\/\/sakumetall.rwd.ee\/allhanketehas\/de\/technology\/trubend-series-5000-trumpf\/","og_site_name":"Saku Metall Allhanke Tehas","article_modified_time":"2022-07-18T11:30:11+00:00","og_image":[{"url":"https:\/\/sakumetall.rwd.ee\/allhanketehas\/wp-content\/uploads\/sites\/3\/2019\/03\/sakumetall_trubend_1_1200x900-1024x768.jpg","type":"","width":"","height":""}],"twitter_card":"summary_large_image","twitter_misc":{"Gesch\u00e4tzte Lesezeit":"1\u00a0Minute"},"schema":{"@context":"https:\/\/schema.org","@graph":[{"@type":"WebPage","@id":"https:\/\/sakumetall.rwd.ee\/allhanketehas\/de\/technology\/trubend-series-5000-trumpf\/","url":"https:\/\/sakumetall.rwd.ee\/allhanketehas\/de\/technology\/trubend-series-5000-trumpf\/","name":"TruBend Series 5000 TRUMPF - Saku Metall Allhanke Tehas","isPartOf":{"@id":"https:\/\/sakumetall.rwd.ee\/allhanketehas\/de\/#website"},"primaryImageOfPage":{"@id":"https:\/\/sakumetall.rwd.ee\/allhanketehas\/de\/technology\/trubend-series-5000-trumpf\/#primaryimage"},"image":{"@id":"https:\/\/sakumetall.rwd.ee\/allhanketehas\/de\/technology\/trubend-series-5000-trumpf\/#primaryimage"},"thumbnailUrl":"https:\/\/sakumetall.rwd.ee\/allhanketehas\/wp-content\/uploads\/sites\/3\/2019\/03\/sakumetall_trubend_1_1200x900-1024x768.jpg","datePublished":"2019-03-06T14:20:07+00:00","dateModified":"2022-07-18T11:30:11+00:00","breadcrumb":{"@id":"https:\/\/sakumetall.rwd.ee\/allhanketehas\/de\/technology\/trubend-series-5000-trumpf\/#breadcrumb"},"inLanguage":"de","potentialAction":[{"@type":"ReadAction","target":["https:\/\/sakumetall.rwd.ee\/allhanketehas\/de\/technology\/trubend-series-5000-trumpf\/"]}]},{"@type":"ImageObject","inLanguage":"de","@id":"https:\/\/sakumetall.rwd.ee\/allhanketehas\/de\/technology\/trubend-series-5000-trumpf\/#primaryimage","url":"https:\/\/sakumetall.rwd.ee\/allhanketehas\/wp-content\/uploads\/sites\/3\/2019\/03\/sakumetall_trubend_1_1200x900-1024x768.jpg","contentUrl":"https:\/\/sakumetall.rwd.ee\/allhanketehas\/wp-content\/uploads\/sites\/3\/2019\/03\/sakumetall_trubend_1_1200x900-1024x768.jpg"},{"@type":"BreadcrumbList","@id":"https:\/\/sakumetall.rwd.ee\/allhanketehas\/de\/technology\/trubend-series-5000-trumpf\/#breadcrumb","itemListElement":[{"@type":"ListItem","position":1,"name":"Home","item":"https:\/\/sakumetall.rwd.ee\/allhanketehas\/de\/"},{"@type":"ListItem","position":2,"name":"Technologie","item":"https:\/\/sakumetall.rwd.ee\/allhanketehas\/de\/technology\/"},{"@type":"ListItem","position":3,"name":"TruBend Series 5000 TRUMPF"}]},{"@type":"WebSite","@id":"https:\/\/sakumetall.rwd.ee\/allhanketehas\/de\/#website","url":"https:\/\/sakumetall.rwd.ee\/allhanketehas\/de\/","name":"Saku Metall Allhanke Tehas","description":"Informationen \u00fcber das Unternehmen","potentialAction":[{"@type":"SearchAction","target":{"@type":"EntryPoint","urlTemplate":"https:\/\/sakumetall.rwd.ee\/allhanketehas\/de\/?s={search_term_string}"},"query-input":{"@type":"PropertyValueSpecification","valueRequired":true,"valueName":"search_term_string"}}],"inLanguage":"de"}]}},"_links":{"self":[{"href":"https:\/\/sakumetall.rwd.ee\/allhanketehas\/de\/wp-json\/wp\/v2\/pages\/4320","targetHints":{"allow":["GET"]}}],"collection":[{"href":"https:\/\/sakumetall.rwd.ee\/allhanketehas\/de\/wp-json\/wp\/v2\/pages"}],"about":[{"href":"https:\/\/sakumetall.rwd.ee\/allhanketehas\/de\/wp-json\/wp\/v2\/types\/page"}],"author":[{"embeddable":true,"href":"https:\/\/sakumetall.rwd.ee\/allhanketehas\/de\/wp-json\/wp\/v2\/users\/13"}],"replies":[{"embeddable":true,"href":"https:\/\/sakumetall.rwd.ee\/allhanketehas\/de\/wp-json\/wp\/v2\/comments?post=4320"}],"version-history":[{"count":5,"href":"https:\/\/sakumetall.rwd.ee\/allhanketehas\/de\/wp-json\/wp\/v2\/pages\/4320\/revisions"}],"predecessor-version":[{"id":5148,"href":"https:\/\/sakumetall.rwd.ee\/allhanketehas\/de\/wp-json\/wp\/v2\/pages\/4320\/revisions\/5148"}],"up":[{"embeddable":true,"href":"https:\/\/sakumetall.rwd.ee\/allhanketehas\/de\/wp-json\/wp\/v2\/pages\/2963"}],"wp:attachment":[{"href":"https:\/\/sakumetall.rwd.ee\/allhanketehas\/de\/wp-json\/wp\/v2\/media?parent=4320"}],"curies":[{"name":"wp","href":"https:\/\/api.w.org\/{rel}","templated":true}]}}