{"id":3192,"date":"2016-09-25T18:40:16","date_gmt":"2016-09-25T16:40:16","guid":{"rendered":"https:\/\/sakumetall.rwd.ee\/allhanketehas\/de\/?page_id=3192"},"modified":"2022-07-18T13:16:38","modified_gmt":"2022-07-18T11:16:38","slug":"zertifikate","status":"publish","type":"page","link":"https:\/\/sakumetall.rwd.ee\/allhanketehas\/de\/company\/zertifikate\/","title":{"rendered":"Leitmotiv Qualit\u00e4t"},"content":{"rendered":"<h1>Leitmotiv Qualit\u00e4t<\/h1>\n<p><span style=\"font-family: verdana, geneva, sans-serif;font-size: 12pt\">Unser Qualit\u00e4ts-, Umwelt- und Arbeitsschutzmanagement richten wir nach den folgenden Grunds\u00e4tzen aus.<\/span><\/p>\n<p><span style=\"font-family: verdana, geneva, sans-serif;font-size: 12pt\">Wir halten es f\u00fcr wichtig, die Wirksamkeit der implementierten Managementsysteme st\u00e4ndig zu verbessern. Das Qualit\u00e4ts- und Umweltmanagementsystem von Saku Metall Allhanke Tehas entspricht den Anforderungen der internationalen Normen ISO 9001:2015, ISO 14001:2015 und ISO 45001:2018. Dar\u00fcber hinaus erf\u00fcllen wir die Anforderungen der Norm ISO 3834-2:2005 in der Qualit\u00e4tssicherung beim Schwei\u00dfen und der Norm EN 15085-2 in der Produktion von Schienenfahrzeugen und Komponenten.<\/span><\/p>\n<p><span style=\"font-family: verdana, geneva, sans-serif;font-size: 12pt\">Wir legen Wert auf die Zusammenarbeit mit unseren Stakeholdern, die Kunden, Lieferanten, Mitarbeiter, lokale Beh\u00f6rden und Eigent\u00fcmer sind. Unsere Verpflichtung besteht darin, die kontinuierliche Zufriedenheit aller Beteiligten sicherzustellen.<\/span><\/p>\n<p><span style=\"font-family: verdana, geneva, sans-serif;font-size: 12pt\">Unser Ziel ist es, ohne Arbeitsunf\u00e4lle und gesundheitliche Beeintr\u00e4chtigungen zu arbeiten. Um dies zu erreichen, haben wir ein sicheres und gesundheitsschonendes Arbeitsumfeld implementiert, das wir gemeinsam mit den Mitarbeitern t\u00e4glich auf dem neuesten Stand halten.<\/span><\/p>\n<p><span style=\"font-family: verdana, geneva, sans-serif;font-size: 12pt\">Bei der Herstellung von Produkten aus Feinblech erf\u00fcllen wir die Anforderungen unserer Kunden und der Gesetzgebung. Die Einhaltung der gleichen Anforderungen erwarten wir auch von unseren Lieferanten und Kooperationspartnern.<\/span><\/p>\n<p><span style=\"font-family: verdana, geneva, sans-serif;font-size: 12pt\">Um die Konformit\u00e4t der Produkte zu gew\u00e4hrleisten, halten wir es f\u00fcr wichtig, Mitarbeiter zu entwickeln und \u00fcber Kompetenzen in allen Unternehmensbereichen zu verf\u00fcgen.<\/span><\/p>\n<p><span style=\"font-family: verdana, geneva, sans-serif;font-size: 12pt\">Saku Metall Allhanke Tehas ist ein umweltfreundliches Unternehmen. Wir erwarten von unseren Mitarbeitern und Kooperationspartnern eine umweltbewusste Einstellung, die Vermeidung von Umweltbelastungen und den sinnvollen Umgang mit nat\u00fcrlichen Ressourcen.<\/span><\/p>\n<p><span style=\"font-family: verdana, geneva, sans-serif;font-size: 12pt\">Unser Ziel ist es, f\u00fcr unsere bestehenden und potenziellen Kunden ein zuverl\u00e4ssiger Partner zu sein, dessen St\u00e4rke technologische Leistungsf\u00e4higkeit, kompetente Mitarbeiter, effizient funktionierende Prozesse und Erfahrung sind.<\/span><\/p>\n","protected":false},"excerpt":{"rendered":"<p>Leitmotiv Qualit\u00e4t Unser Qualit\u00e4ts-, Umwelt- und Arbeitsschutzmanagement richten wir nach den folgenden Grunds\u00e4tzen aus. Wir halten es f\u00fcr wichtig, die Wirksamkeit der implementierten Managementsysteme st\u00e4ndig zu verbessern. Das Qualit\u00e4ts- und Umweltmanagementsystem von Saku Metall Allhanke Tehas entspricht den Anforderungen der internationalen Normen ISO 9001:2015, ISO 14001:2015 und ISO 45001:2018. Dar\u00fcber hinaus erf\u00fcllen wir die Anforderungen &#8230;<\/p>\n","protected":false},"author":6,"featured_media":0,"parent":2956,"menu_order":4,"comment_status":"closed","ping_status":"closed","template":"","meta":{"footnotes":""},"class_list":["post-3192","page","type-page","status-publish","hentry"],"yoast_head":"<!-- This site is optimized with the Yoast SEO plugin v27.3 - https:\/\/yoast.com\/product\/yoast-seo-wordpress\/ -->\n<title>Leitmotiv Qualit\u00e4t\u00a0| Saku Metall Allhanke Tehas<\/title>\n<meta name=\"description\" content=\"Unser Qualit\u00e4ts-, Umwelt- und Arbeitsschutzmanagement richten wir nach den folgenden Grunds\u00e4tzen aus.\" \/>\n<meta name=\"robots\" content=\"index, follow, max-snippet:-1, max-image-preview:large, max-video-preview:-1\" \/>\n<link rel=\"canonical\" href=\"https:\/\/sakumetall.rwd.ee\/allhanketehas\/de\/company\/zertifikate\/\" \/>\n<meta property=\"og:locale\" content=\"de_DE\" \/>\n<meta property=\"og:type\" content=\"article\" \/>\n<meta property=\"og:title\" content=\"Leitmotiv Qualit\u00e4t\u00a0| Saku Metall Allhanke Tehas\" \/>\n<meta property=\"og:description\" content=\"Unser Qualit\u00e4ts-, Umwelt- und Arbeitsschutzmanagement richten wir nach den folgenden Grunds\u00e4tzen aus.\" \/>\n<meta property=\"og:url\" content=\"https:\/\/sakumetall.rwd.ee\/allhanketehas\/de\/company\/zertifikate\/\" \/>\n<meta property=\"og:site_name\" content=\"Saku Metall Allhanke Tehas\" \/>\n<meta property=\"article:modified_time\" content=\"2022-07-18T11:16:38+00:00\" \/>\n<meta name=\"twitter:card\" content=\"summary_large_image\" \/>\n<meta name=\"twitter:label1\" content=\"Gesch\u00e4tzte Lesezeit\" \/>\n\t<meta name=\"twitter:data1\" content=\"2\u00a0Minuten\" \/>\n<script type=\"application\/ld+json\" class=\"yoast-schema-graph\">{\"@context\":\"https:\\\/\\\/schema.org\",\"@graph\":[{\"@type\":\"WebPage\",\"@id\":\"https:\\\/\\\/sakumetall.rwd.ee\\\/allhanketehas\\\/de\\\/company\\\/zertifikate\\\/\",\"url\":\"https:\\\/\\\/sakumetall.rwd.ee\\\/allhanketehas\\\/de\\\/company\\\/zertifikate\\\/\",\"name\":\"Leitmotiv Qualit\u00e4t\u00a0| Saku Metall Allhanke Tehas\",\"isPartOf\":{\"@id\":\"https:\\\/\\\/sakumetall.rwd.ee\\\/allhanketehas\\\/de\\\/#website\"},\"datePublished\":\"2016-09-25T16:40:16+00:00\",\"dateModified\":\"2022-07-18T11:16:38+00:00\",\"description\":\"Unser Qualit\u00e4ts-, Umwelt- und Arbeitsschutzmanagement richten wir nach den folgenden Grunds\u00e4tzen aus.\",\"breadcrumb\":{\"@id\":\"https:\\\/\\\/sakumetall.rwd.ee\\\/allhanketehas\\\/de\\\/company\\\/zertifikate\\\/#breadcrumb\"},\"inLanguage\":\"de\",\"potentialAction\":[{\"@type\":\"ReadAction\",\"target\":[\"https:\\\/\\\/sakumetall.rwd.ee\\\/allhanketehas\\\/de\\\/company\\\/zertifikate\\\/\"]}]},{\"@type\":\"BreadcrumbList\",\"@id\":\"https:\\\/\\\/sakumetall.rwd.ee\\\/allhanketehas\\\/de\\\/company\\\/zertifikate\\\/#breadcrumb\",\"itemListElement\":[{\"@type\":\"ListItem\",\"position\":1,\"name\":\"Home\",\"item\":\"https:\\\/\\\/sakumetall.rwd.ee\\\/allhanketehas\\\/de\\\/\"},{\"@type\":\"ListItem\",\"position\":2,\"name\":\"Unternehmen\",\"item\":\"https:\\\/\\\/sakumetall.rwd.ee\\\/allhanketehas\\\/de\\\/company\\\/\"},{\"@type\":\"ListItem\",\"position\":3,\"name\":\"Leitmotiv Qualit\u00e4t\"}]},{\"@type\":\"WebSite\",\"@id\":\"https:\\\/\\\/sakumetall.rwd.ee\\\/allhanketehas\\\/de\\\/#website\",\"url\":\"https:\\\/\\\/sakumetall.rwd.ee\\\/allhanketehas\\\/de\\\/\",\"name\":\"Saku Metall Allhanke Tehas\",\"description\":\"Informationen \u00fcber das Unternehmen\",\"potentialAction\":[{\"@type\":\"SearchAction\",\"target\":{\"@type\":\"EntryPoint\",\"urlTemplate\":\"https:\\\/\\\/sakumetall.rwd.ee\\\/allhanketehas\\\/de\\\/?s={search_term_string}\"},\"query-input\":{\"@type\":\"PropertyValueSpecification\",\"valueRequired\":true,\"valueName\":\"search_term_string\"}}],\"inLanguage\":\"de\"}]}<\/script>\n<!-- \/ Yoast SEO plugin. -->","yoast_head_json":{"title":"Leitmotiv Qualit\u00e4t\u00a0| Saku Metall Allhanke Tehas","description":"Unser Qualit\u00e4ts-, Umwelt- und Arbeitsschutzmanagement richten wir nach den folgenden Grunds\u00e4tzen aus.","robots":{"index":"index","follow":"follow","max-snippet":"max-snippet:-1","max-image-preview":"max-image-preview:large","max-video-preview":"max-video-preview:-1"},"canonical":"https:\/\/sakumetall.rwd.ee\/allhanketehas\/de\/company\/zertifikate\/","og_locale":"de_DE","og_type":"article","og_title":"Leitmotiv Qualit\u00e4t\u00a0| Saku Metall Allhanke Tehas","og_description":"Unser Qualit\u00e4ts-, Umwelt- und Arbeitsschutzmanagement richten wir nach den folgenden Grunds\u00e4tzen aus.","og_url":"https:\/\/sakumetall.rwd.ee\/allhanketehas\/de\/company\/zertifikate\/","og_site_name":"Saku Metall Allhanke Tehas","article_modified_time":"2022-07-18T11:16:38+00:00","twitter_card":"summary_large_image","twitter_misc":{"Gesch\u00e4tzte Lesezeit":"2\u00a0Minuten"},"schema":{"@context":"https:\/\/schema.org","@graph":[{"@type":"WebPage","@id":"https:\/\/sakumetall.rwd.ee\/allhanketehas\/de\/company\/zertifikate\/","url":"https:\/\/sakumetall.rwd.ee\/allhanketehas\/de\/company\/zertifikate\/","name":"Leitmotiv Qualit\u00e4t\u00a0| Saku Metall Allhanke Tehas","isPartOf":{"@id":"https:\/\/sakumetall.rwd.ee\/allhanketehas\/de\/#website"},"datePublished":"2016-09-25T16:40:16+00:00","dateModified":"2022-07-18T11:16:38+00:00","description":"Unser Qualit\u00e4ts-, Umwelt- und Arbeitsschutzmanagement richten wir nach den folgenden Grunds\u00e4tzen aus.","breadcrumb":{"@id":"https:\/\/sakumetall.rwd.ee\/allhanketehas\/de\/company\/zertifikate\/#breadcrumb"},"inLanguage":"de","potentialAction":[{"@type":"ReadAction","target":["https:\/\/sakumetall.rwd.ee\/allhanketehas\/de\/company\/zertifikate\/"]}]},{"@type":"BreadcrumbList","@id":"https:\/\/sakumetall.rwd.ee\/allhanketehas\/de\/company\/zertifikate\/#breadcrumb","itemListElement":[{"@type":"ListItem","position":1,"name":"Home","item":"https:\/\/sakumetall.rwd.ee\/allhanketehas\/de\/"},{"@type":"ListItem","position":2,"name":"Unternehmen","item":"https:\/\/sakumetall.rwd.ee\/allhanketehas\/de\/company\/"},{"@type":"ListItem","position":3,"name":"Leitmotiv Qualit\u00e4t"}]},{"@type":"WebSite","@id":"https:\/\/sakumetall.rwd.ee\/allhanketehas\/de\/#website","url":"https:\/\/sakumetall.rwd.ee\/allhanketehas\/de\/","name":"Saku Metall Allhanke Tehas","description":"Informationen \u00fcber das Unternehmen","potentialAction":[{"@type":"SearchAction","target":{"@type":"EntryPoint","urlTemplate":"https:\/\/sakumetall.rwd.ee\/allhanketehas\/de\/?s={search_term_string}"},"query-input":{"@type":"PropertyValueSpecification","valueRequired":true,"valueName":"search_term_string"}}],"inLanguage":"de"}]}},"_links":{"self":[{"href":"https:\/\/sakumetall.rwd.ee\/allhanketehas\/de\/wp-json\/wp\/v2\/pages\/3192","targetHints":{"allow":["GET"]}}],"collection":[{"href":"https:\/\/sakumetall.rwd.ee\/allhanketehas\/de\/wp-json\/wp\/v2\/pages"}],"about":[{"href":"https:\/\/sakumetall.rwd.ee\/allhanketehas\/de\/wp-json\/wp\/v2\/types\/page"}],"author":[{"embeddable":true,"href":"https:\/\/sakumetall.rwd.ee\/allhanketehas\/de\/wp-json\/wp\/v2\/users\/6"}],"replies":[{"embeddable":true,"href":"https:\/\/sakumetall.rwd.ee\/allhanketehas\/de\/wp-json\/wp\/v2\/comments?post=3192"}],"version-history":[{"count":5,"href":"https:\/\/sakumetall.rwd.ee\/allhanketehas\/de\/wp-json\/wp\/v2\/pages\/3192\/revisions"}],"predecessor-version":[{"id":5130,"href":"https:\/\/sakumetall.rwd.ee\/allhanketehas\/de\/wp-json\/wp\/v2\/pages\/3192\/revisions\/5130"}],"up":[{"embeddable":true,"href":"https:\/\/sakumetall.rwd.ee\/allhanketehas\/de\/wp-json\/wp\/v2\/pages\/2956"}],"wp:attachment":[{"href":"https:\/\/sakumetall.rwd.ee\/allhanketehas\/de\/wp-json\/wp\/v2\/media?parent=3192"}],"curies":[{"name":"wp","href":"https:\/\/api.w.org\/{rel}","templated":true}]}}