{"id":3025,"date":"2016-04-14T05:56:34","date_gmt":"2016-04-14T05:56:34","guid":{"rendered":"https:\/\/sakumetall.rwd.ee\/allhanketehas\/de\/technology\/painutusrobot-prima-power-express-bender-ebe5-3\/"},"modified":"2018-07-13T17:27:39","modified_gmt":"2018-07-13T15:27:39","slug":"painutusrobot-prima-power-express-bender-ebe5-3","status":"publish","type":"page","link":"https:\/\/sakumetall.rwd.ee\/allhanketehas\/de\/technology\/painutusrobot-prima-power-express-bender-ebe5-3\/","title":{"rendered":"Biegeroboter Prima Power Express Bender EBe5-3"},"content":{"rendered":"<h1>Biegeroboter Prima Power Express Bender EBe5-3<\/h1>\n<p><span style=\"font-size: 12pt;\">Biegekraft 41 Tonnen, max. Gewicht des Teils 101 kg; St\u00e4rke Material: Stahl = 0,5-2,5 mm und Aluminium 0,5-4,0 mm; Maximale Abmessung Rohling 1500 x 2850 mm und minimal 180 x 370 mm; maximale Biegeh\u00f6he 200 mm.<\/span><\/p>\n<ul style=\"list-style-type: square;\">\n<li><span style=\"font-size: 12pt;\">Max. Biegel\u00e4nge 2650 mm;<\/span><\/li>\n<li><span style=\"font-size: 12pt;\">Min L\u00e4nge zwischen Biegungen 350 mm;<\/span><\/li>\n<li><span style=\"font-size: 12pt;\">Min Tiefe zwischen Biegungen 160 mm;<\/span><\/li>\n<li><span style=\"font-size: 12pt;\">Teilel\u00e4nge (min.\u2026max.) 370\u20262850 mm;<\/span><\/li>\n<li><span style=\"font-size: 12pt;\">Teilebreite (min.\u2026max.) 180\u20261500 mm;<\/span><\/li>\n<li><span style=\"font-size: 12pt;\">Max. Diagonal Paneel 3000 mm;<\/span><\/li>\n<li><span style=\"font-size: 12pt;\">Max. Biegeh\u00f6he 200 mm;<\/span><\/li>\n<li><span style=\"font-size: 12pt;\">Biegekraft 410 kN;<\/span><\/li>\n<li><span style=\"font-size: 12pt;\">Max. Materialst\u00e4rke<\/span>\n<ul style=\"list-style-type: square;\">\n<li><span style=\"font-size: 12pt;\">Stahl 410 N\/mm<sup>2<\/sup>\u00a03,2 m;<\/span><\/li>\n<li><span style=\"font-size: 12pt;\">Edelstahl 680 N\/mm<sup>2<\/sup>\u00a02,2 m;<\/span><\/li>\n<li><span style=\"font-size: 12pt;\">Aluminium 265 N\/mm<sup>2<\/sup>\u00a04,0 mm;<\/span><\/li>\n<\/ul>\n<\/li>\n<li><span style=\"font-size: 12pt;\">Min. Materialst\u00e4rke 0,5 mm;<\/span><\/li>\n<li><span style=\"font-size: 12pt;\">Min. Au\u00dfenradius 1,5\u20262 x Plattenst\u00e4rke;<\/span><\/li>\n<li><span style=\"font-size: 12pt;\">Biegewinkel -130\u00b0\u2026+130\u00b0.<\/span><\/li>\n<\/ul>\n<div id='gallery-1' class='gallery galleryid-3025 gallery-columns-3 gallery-size-single-work-thumb'><figure class='gallery-item'>\n\t\t\t<div class='gallery-icon landscape'>\n\t\t\t\t<a href='https:\/\/sakumetall.rwd.ee\/allhanketehas\/wp-content\/uploads\/sites\/3\/2015\/06\/Bender-Prima-Power-EBe5-3-with-loading-robot.png'><img loading=\"lazy\" decoding=\"async\" width=\"150\" height=\"100\" src=\"https:\/\/sakumetall.rwd.ee\/allhanketehas\/wp-content\/uploads\/sites\/3\/2015\/06\/Bender-Prima-Power-EBe5-3-with-loading-robot-150x100.png\" class=\"attachment-single-work-thumb size-single-work-thumb\" alt=\"\" srcset=\"https:\/\/sakumetall.rwd.ee\/allhanketehas\/wp-content\/uploads\/sites\/3\/2015\/06\/Bender-Prima-Power-EBe5-3-with-loading-robot-150x100.png 150w, https:\/\/sakumetall.rwd.ee\/allhanketehas\/wp-content\/uploads\/sites\/3\/2015\/06\/Bender-Prima-Power-EBe5-3-with-loading-robot-300x200.png 300w, https:\/\/sakumetall.rwd.ee\/allhanketehas\/wp-content\/uploads\/sites\/3\/2015\/06\/Bender-Prima-Power-EBe5-3-with-loading-robot-285x190.png 285w, https:\/\/sakumetall.rwd.ee\/allhanketehas\/wp-content\/uploads\/sites\/3\/2015\/06\/Bender-Prima-Power-EBe5-3-with-loading-robot-180x120.png 180w, https:\/\/sakumetall.rwd.ee\/allhanketehas\/wp-content\/uploads\/sites\/3\/2015\/06\/Bender-Prima-Power-EBe5-3-with-loading-robot.png 932w\" sizes=\"auto, (max-width: 150px) 100vw, 150px\" \/><\/a>\n\t\t\t<\/div><\/figure><figure class='gallery-item'>\n\t\t\t<div class='gallery-icon landscape'>\n\t\t\t\t<a href='https:\/\/sakumetall.rwd.ee\/allhanketehas\/wp-content\/uploads\/sites\/3\/2016\/04\/pain3a-e1460707622693.jpg'><img loading=\"lazy\" decoding=\"async\" width=\"150\" height=\"100\" src=\"https:\/\/sakumetall.rwd.ee\/allhanketehas\/wp-content\/uploads\/sites\/3\/2016\/04\/pain3a-150x100.jpg\" class=\"attachment-single-work-thumb size-single-work-thumb\" alt=\"\" srcset=\"https:\/\/sakumetall.rwd.ee\/allhanketehas\/wp-content\/uploads\/sites\/3\/2016\/04\/pain3a-150x100.jpg 150w, https:\/\/sakumetall.rwd.ee\/allhanketehas\/wp-content\/uploads\/sites\/3\/2016\/04\/pain3a-285x190.jpg 285w\" sizes=\"auto, (max-width: 150px) 100vw, 150px\" \/><\/a>\n\t\t\t<\/div><\/figure>\n\t\t<\/div>\n\n","protected":false},"excerpt":{"rendered":"<p>Biegeroboter Prima Power Express Bender EBe5-3 Biegekraft 41 Tonnen, max. Gewicht des Teils 101 kg; St\u00e4rke Material: Stahl = 0,5-2,5 mm und Aluminium 0,5-4,0 mm; Maximale Abmessung Rohling 1500 x 2850 mm und minimal 180 x 370 mm; maximale Biegeh\u00f6he 200 mm. Max. Biegel\u00e4nge 2650 mm; Min L\u00e4nge zwischen Biegungen 350 mm; Min Tiefe zwischen &#8230;<\/p>\n","protected":false},"author":3,"featured_media":0,"parent":2963,"menu_order":5,"comment_status":"closed","ping_status":"closed","template":"","meta":{"footnotes":""},"class_list":["post-3025","page","type-page","status-publish","hentry"],"yoast_head":"<!-- This site is optimized with the Yoast SEO plugin v27.3 - https:\/\/yoast.com\/product\/yoast-seo-wordpress\/ -->\n<title>\u00a0Prima Power Express EBe5-3 | Saku Metall Allhanke Tehas<\/title>\n<meta name=\"robots\" content=\"index, follow, max-snippet:-1, max-image-preview:large, max-video-preview:-1\" \/>\n<link rel=\"canonical\" href=\"https:\/\/sakumetall.rwd.ee\/allhanketehas\/de\/technology\/painutusrobot-prima-power-express-bender-ebe5-3\/\" \/>\n<meta property=\"og:locale\" content=\"de_DE\" \/>\n<meta property=\"og:type\" content=\"article\" \/>\n<meta property=\"og:title\" content=\"\u00a0Prima Power Express EBe5-3 | Saku Metall Allhanke Tehas\" \/>\n<meta property=\"og:description\" content=\"Biegeroboter Prima Power Express Bender EBe5-3 Biegekraft 41 Tonnen, max. Gewicht des Teils 101 kg; St\u00e4rke Material: Stahl = 0,5-2,5 mm und Aluminium 0,5-4,0 mm; Maximale Abmessung Rohling 1500 x 2850 mm und minimal 180 x 370 mm; maximale Biegeh\u00f6he 200 mm. Max. Biegel\u00e4nge 2650 mm; Min L\u00e4nge zwischen Biegungen 350 mm; Min Tiefe zwischen ...\" \/>\n<meta property=\"og:url\" content=\"https:\/\/sakumetall.rwd.ee\/allhanketehas\/de\/technology\/painutusrobot-prima-power-express-bender-ebe5-3\/\" \/>\n<meta property=\"og:site_name\" content=\"Saku Metall Allhanke Tehas\" \/>\n<meta property=\"article:modified_time\" content=\"2018-07-13T15:27:39+00:00\" \/>\n<meta property=\"og:image\" content=\"https:\/\/sakumetall.rwd.ee\/allhanketehas\/wp-content\/uploads\/sites\/3\/2015\/06\/Bender-Prima-Power-EBe5-3-with-loading-robot-150x100.png\" \/>\n<meta name=\"twitter:card\" content=\"summary_large_image\" \/>\n<meta name=\"twitter:label1\" content=\"Gesch\u00e4tzte Lesezeit\" \/>\n\t<meta name=\"twitter:data1\" content=\"1\u00a0Minute\" \/>\n<script type=\"application\/ld+json\" class=\"yoast-schema-graph\">{\"@context\":\"https:\\\/\\\/schema.org\",\"@graph\":[{\"@type\":\"WebPage\",\"@id\":\"https:\\\/\\\/sakumetall.rwd.ee\\\/allhanketehas\\\/de\\\/technology\\\/painutusrobot-prima-power-express-bender-ebe5-3\\\/\",\"url\":\"https:\\\/\\\/sakumetall.rwd.ee\\\/allhanketehas\\\/de\\\/technology\\\/painutusrobot-prima-power-express-bender-ebe5-3\\\/\",\"name\":\"\u00a0Prima Power Express EBe5-3 | Saku Metall Allhanke Tehas\",\"isPartOf\":{\"@id\":\"https:\\\/\\\/sakumetall.rwd.ee\\\/allhanketehas\\\/de\\\/#website\"},\"datePublished\":\"2016-04-14T05:56:34+00:00\",\"dateModified\":\"2018-07-13T15:27:39+00:00\",\"breadcrumb\":{\"@id\":\"https:\\\/\\\/sakumetall.rwd.ee\\\/allhanketehas\\\/de\\\/technology\\\/painutusrobot-prima-power-express-bender-ebe5-3\\\/#breadcrumb\"},\"inLanguage\":\"de\",\"potentialAction\":[{\"@type\":\"ReadAction\",\"target\":[\"https:\\\/\\\/sakumetall.rwd.ee\\\/allhanketehas\\\/de\\\/technology\\\/painutusrobot-prima-power-express-bender-ebe5-3\\\/\"]}]},{\"@type\":\"BreadcrumbList\",\"@id\":\"https:\\\/\\\/sakumetall.rwd.ee\\\/allhanketehas\\\/de\\\/technology\\\/painutusrobot-prima-power-express-bender-ebe5-3\\\/#breadcrumb\",\"itemListElement\":[{\"@type\":\"ListItem\",\"position\":1,\"name\":\"Home\",\"item\":\"https:\\\/\\\/sakumetall.rwd.ee\\\/allhanketehas\\\/de\\\/\"},{\"@type\":\"ListItem\",\"position\":2,\"name\":\"Technologie\",\"item\":\"https:\\\/\\\/sakumetall.rwd.ee\\\/allhanketehas\\\/de\\\/technology\\\/\"},{\"@type\":\"ListItem\",\"position\":3,\"name\":\"Biegeroboter Prima Power Express Bender EBe5-3\"}]},{\"@type\":\"WebSite\",\"@id\":\"https:\\\/\\\/sakumetall.rwd.ee\\\/allhanketehas\\\/de\\\/#website\",\"url\":\"https:\\\/\\\/sakumetall.rwd.ee\\\/allhanketehas\\\/de\\\/\",\"name\":\"Saku Metall Allhanke Tehas\",\"description\":\"Informationen \u00fcber das Unternehmen\",\"potentialAction\":[{\"@type\":\"SearchAction\",\"target\":{\"@type\":\"EntryPoint\",\"urlTemplate\":\"https:\\\/\\\/sakumetall.rwd.ee\\\/allhanketehas\\\/de\\\/?s={search_term_string}\"},\"query-input\":{\"@type\":\"PropertyValueSpecification\",\"valueRequired\":true,\"valueName\":\"search_term_string\"}}],\"inLanguage\":\"de\"}]}<\/script>\n<!-- \/ Yoast SEO plugin. -->","yoast_head_json":{"title":"\u00a0Prima Power Express EBe5-3 | Saku Metall Allhanke Tehas","robots":{"index":"index","follow":"follow","max-snippet":"max-snippet:-1","max-image-preview":"max-image-preview:large","max-video-preview":"max-video-preview:-1"},"canonical":"https:\/\/sakumetall.rwd.ee\/allhanketehas\/de\/technology\/painutusrobot-prima-power-express-bender-ebe5-3\/","og_locale":"de_DE","og_type":"article","og_title":"\u00a0Prima Power Express EBe5-3 | Saku Metall Allhanke Tehas","og_description":"Biegeroboter Prima Power Express Bender EBe5-3 Biegekraft 41 Tonnen, max. Gewicht des Teils 101 kg; St\u00e4rke Material: Stahl = 0,5-2,5 mm und Aluminium 0,5-4,0 mm; Maximale Abmessung Rohling 1500 x 2850 mm und minimal 180 x 370 mm; maximale Biegeh\u00f6he 200 mm. Max. Biegel\u00e4nge 2650 mm; Min L\u00e4nge zwischen Biegungen 350 mm; Min Tiefe zwischen ...","og_url":"https:\/\/sakumetall.rwd.ee\/allhanketehas\/de\/technology\/painutusrobot-prima-power-express-bender-ebe5-3\/","og_site_name":"Saku Metall Allhanke Tehas","article_modified_time":"2018-07-13T15:27:39+00:00","og_image":[{"url":"https:\/\/sakumetall.rwd.ee\/allhanketehas\/wp-content\/uploads\/sites\/3\/2015\/06\/Bender-Prima-Power-EBe5-3-with-loading-robot-150x100.png","type":"","width":"","height":""}],"twitter_card":"summary_large_image","twitter_misc":{"Gesch\u00e4tzte Lesezeit":"1\u00a0Minute"},"schema":{"@context":"https:\/\/schema.org","@graph":[{"@type":"WebPage","@id":"https:\/\/sakumetall.rwd.ee\/allhanketehas\/de\/technology\/painutusrobot-prima-power-express-bender-ebe5-3\/","url":"https:\/\/sakumetall.rwd.ee\/allhanketehas\/de\/technology\/painutusrobot-prima-power-express-bender-ebe5-3\/","name":"\u00a0Prima Power Express EBe5-3 | Saku Metall Allhanke Tehas","isPartOf":{"@id":"https:\/\/sakumetall.rwd.ee\/allhanketehas\/de\/#website"},"datePublished":"2016-04-14T05:56:34+00:00","dateModified":"2018-07-13T15:27:39+00:00","breadcrumb":{"@id":"https:\/\/sakumetall.rwd.ee\/allhanketehas\/de\/technology\/painutusrobot-prima-power-express-bender-ebe5-3\/#breadcrumb"},"inLanguage":"de","potentialAction":[{"@type":"ReadAction","target":["https:\/\/sakumetall.rwd.ee\/allhanketehas\/de\/technology\/painutusrobot-prima-power-express-bender-ebe5-3\/"]}]},{"@type":"BreadcrumbList","@id":"https:\/\/sakumetall.rwd.ee\/allhanketehas\/de\/technology\/painutusrobot-prima-power-express-bender-ebe5-3\/#breadcrumb","itemListElement":[{"@type":"ListItem","position":1,"name":"Home","item":"https:\/\/sakumetall.rwd.ee\/allhanketehas\/de\/"},{"@type":"ListItem","position":2,"name":"Technologie","item":"https:\/\/sakumetall.rwd.ee\/allhanketehas\/de\/technology\/"},{"@type":"ListItem","position":3,"name":"Biegeroboter Prima Power Express Bender EBe5-3"}]},{"@type":"WebSite","@id":"https:\/\/sakumetall.rwd.ee\/allhanketehas\/de\/#website","url":"https:\/\/sakumetall.rwd.ee\/allhanketehas\/de\/","name":"Saku Metall Allhanke Tehas","description":"Informationen \u00fcber das Unternehmen","potentialAction":[{"@type":"SearchAction","target":{"@type":"EntryPoint","urlTemplate":"https:\/\/sakumetall.rwd.ee\/allhanketehas\/de\/?s={search_term_string}"},"query-input":{"@type":"PropertyValueSpecification","valueRequired":true,"valueName":"search_term_string"}}],"inLanguage":"de"}]}},"_links":{"self":[{"href":"https:\/\/sakumetall.rwd.ee\/allhanketehas\/de\/wp-json\/wp\/v2\/pages\/3025","targetHints":{"allow":["GET"]}}],"collection":[{"href":"https:\/\/sakumetall.rwd.ee\/allhanketehas\/de\/wp-json\/wp\/v2\/pages"}],"about":[{"href":"https:\/\/sakumetall.rwd.ee\/allhanketehas\/de\/wp-json\/wp\/v2\/types\/page"}],"author":[{"embeddable":true,"href":"https:\/\/sakumetall.rwd.ee\/allhanketehas\/de\/wp-json\/wp\/v2\/users\/3"}],"replies":[{"embeddable":true,"href":"https:\/\/sakumetall.rwd.ee\/allhanketehas\/de\/wp-json\/wp\/v2\/comments?post=3025"}],"version-history":[{"count":5,"href":"https:\/\/sakumetall.rwd.ee\/allhanketehas\/de\/wp-json\/wp\/v2\/pages\/3025\/revisions"}],"predecessor-version":[{"id":4083,"href":"https:\/\/sakumetall.rwd.ee\/allhanketehas\/de\/wp-json\/wp\/v2\/pages\/3025\/revisions\/4083"}],"up":[{"embeddable":true,"href":"https:\/\/sakumetall.rwd.ee\/allhanketehas\/de\/wp-json\/wp\/v2\/pages\/2963"}],"wp:attachment":[{"href":"https:\/\/sakumetall.rwd.ee\/allhanketehas\/de\/wp-json\/wp\/v2\/media?parent=3025"}],"curies":[{"name":"wp","href":"https:\/\/api.w.org\/{rel}","templated":true}]}}