{"id":3013,"date":"2016-04-26T00:00:33","date_gmt":"2016-04-25T22:00:33","guid":{"rendered":"https:\/\/sakumetall.rwd.ee\/allhanketehas\/de\/contact\/contact\/"},"modified":"2022-07-18T09:57:08","modified_gmt":"2022-07-18T07:57:08","slug":"contact","status":"publish","type":"page","link":"https:\/\/sakumetall.rwd.ee\/allhanketehas\/de\/company\/contact\/","title":{"rendered":"Kontakt"},"content":{"rendered":"<h1><span style=\"font-family: verdana, geneva, sans-serif\">Kontakt<\/span><\/h1>\n<p><img loading=\"lazy\" decoding=\"async\" class=\"alignnone wp-image-4902\" src=\"https:\/\/sakumetall.rwd.ee\/allhanketehas\/wp-content\/uploads\/sites\/3\/2021\/12\/Ilus-asfalt.jpg\" alt=\"\" width=\"1607\" height=\"904\" srcset=\"https:\/\/sakumetall.rwd.ee\/allhanketehas\/wp-content\/uploads\/sites\/3\/2021\/12\/Ilus-asfalt.jpg 1280w, https:\/\/sakumetall.rwd.ee\/allhanketehas\/wp-content\/uploads\/sites\/3\/2021\/12\/Ilus-asfalt-300x169.jpg 300w, https:\/\/sakumetall.rwd.ee\/allhanketehas\/wp-content\/uploads\/sites\/3\/2021\/12\/Ilus-asfalt-1024x576.jpg 1024w, https:\/\/sakumetall.rwd.ee\/allhanketehas\/wp-content\/uploads\/sites\/3\/2021\/12\/Ilus-asfalt-180x101.jpg 180w\" sizes=\"auto, (max-width: 1607px) 100vw, 1607px\" \/><\/p>\n<h2 style=\"text-align: center\"><span style=\"font-family: verdana, geneva, sans-serif\">AS Saku Metall Allhanke Tehas<\/span><\/h2>\n<p style=\"text-align: center\"><span style=\"font-size: 12pt;font-family: verdana, geneva, sans-serif\">HRN: 12318531<\/span><br \/>\n<span style=\"font-size: 12pt;font-family: verdana, geneva, sans-serif\"> UID-Nr.: EE101556123<\/span><\/p>\n<p style=\"text-align: center\"><span style=\"font-family: verdana, geneva, sans-serif;font-size: 12pt\">P\u00f5rguv\u00e4lja-Stra\u00dfe 25, Gemeinde Rae,<\/span><br \/>\n<span style=\"font-family: verdana, geneva, sans-serif;font-size: 12pt\">Kreis Harju 75306, Estland<\/span><br \/>\n<span style=\"font-size: 12pt;font-family: verdana, geneva, sans-serif\"><script type=\"text\/javascript\">document.write('<n uers=\"znvygb:nyyunatr@fnxhzrgnyy.rr\">nyyunatr@fnxhzrgnyy.rr<\/n>'.replace(\/[a-zA-Z]\/g, function(c){return String.fromCharCode((c<=\"Z\"?90:122)>=(c=c.charCodeAt(0)+13)?c:c-26);}));<\/script><\/span><\/p>\n<h2><\/h2>\n","protected":false},"excerpt":{"rendered":"<p>Kontakt AS Saku Metall Allhanke Tehas HRN: 12318531 UID-Nr.: EE101556123 P\u00f5rguv\u00e4lja-Stra\u00dfe 25, Gemeinde Rae, Kreis Harju 75306, Estland<\/p>\n","protected":false},"author":1,"featured_media":0,"parent":2956,"menu_order":6,"comment_status":"closed","ping_status":"closed","template":"","meta":{"footnotes":""},"class_list":["post-3013","page","type-page","status-publish","hentry"],"yoast_head":"<!-- This site is optimized with the Yoast SEO plugin v27.3 - https:\/\/yoast.com\/product\/yoast-seo-wordpress\/ -->\n<title>Contact\u00a0| Saku Metall Allhanke Tehas<\/title>\n<meta name=\"description\" content=\"Tel: +372 650 6500, e-mail: allhange@sakumetall.ee, Adresse: P\u00f5rguv\u00e4lja-Stra\u00dfe 25, Gemeinde Rae, Kreis Harju 75306, Estland\" \/>\n<meta name=\"robots\" content=\"index, follow, max-snippet:-1, max-image-preview:large, max-video-preview:-1\" \/>\n<link rel=\"canonical\" href=\"https:\/\/sakumetall.rwd.ee\/allhanketehas\/de\/company\/contact\/\" \/>\n<meta property=\"og:locale\" content=\"de_DE\" \/>\n<meta property=\"og:type\" content=\"article\" \/>\n<meta property=\"og:title\" content=\"Contact\u00a0| Saku Metall Allhanke Tehas\" \/>\n<meta property=\"og:description\" content=\"Tel: +372 650 6500, e-mail: allhange@sakumetall.ee, Adresse: P\u00f5rguv\u00e4lja-Stra\u00dfe 25, Gemeinde Rae, Kreis Harju 75306, Estland\" \/>\n<meta property=\"og:url\" content=\"https:\/\/sakumetall.rwd.ee\/allhanketehas\/de\/company\/contact\/\" \/>\n<meta property=\"og:site_name\" content=\"Saku Metall Allhanke Tehas\" \/>\n<meta property=\"article:modified_time\" content=\"2022-07-18T07:57:08+00:00\" \/>\n<meta property=\"og:image\" content=\"https:\/\/sakumetall.rwd.ee\/allhanketehas\/wp-content\/uploads\/sites\/3\/2021\/12\/Ilus-asfalt.jpg\" \/>\n<meta name=\"twitter:card\" content=\"summary_large_image\" \/>\n<meta name=\"twitter:label1\" content=\"Gesch\u00e4tzte Lesezeit\" \/>\n\t<meta name=\"twitter:data1\" content=\"1\u00a0Minute\" \/>\n<script type=\"application\/ld+json\" class=\"yoast-schema-graph\">{\"@context\":\"https:\\\/\\\/schema.org\",\"@graph\":[{\"@type\":\"WebPage\",\"@id\":\"https:\\\/\\\/sakumetall.rwd.ee\\\/allhanketehas\\\/de\\\/company\\\/contact\\\/\",\"url\":\"https:\\\/\\\/sakumetall.rwd.ee\\\/allhanketehas\\\/de\\\/company\\\/contact\\\/\",\"name\":\"Contact\u00a0| Saku Metall Allhanke Tehas\",\"isPartOf\":{\"@id\":\"https:\\\/\\\/sakumetall.rwd.ee\\\/allhanketehas\\\/de\\\/#website\"},\"primaryImageOfPage\":{\"@id\":\"https:\\\/\\\/sakumetall.rwd.ee\\\/allhanketehas\\\/de\\\/company\\\/contact\\\/#primaryimage\"},\"image\":{\"@id\":\"https:\\\/\\\/sakumetall.rwd.ee\\\/allhanketehas\\\/de\\\/company\\\/contact\\\/#primaryimage\"},\"thumbnailUrl\":\"https:\\\/\\\/sakumetall.rwd.ee\\\/allhanketehas\\\/wp-content\\\/uploads\\\/sites\\\/3\\\/2021\\\/12\\\/Ilus-asfalt.jpg\",\"datePublished\":\"2016-04-25T22:00:33+00:00\",\"dateModified\":\"2022-07-18T07:57:08+00:00\",\"description\":\"Tel: +372 650 6500, e-mail: allhange@sakumetall.ee, Adresse: P\u00f5rguv\u00e4lja-Stra\u00dfe 25, Gemeinde Rae, Kreis Harju 75306, Estland\",\"breadcrumb\":{\"@id\":\"https:\\\/\\\/sakumetall.rwd.ee\\\/allhanketehas\\\/de\\\/company\\\/contact\\\/#breadcrumb\"},\"inLanguage\":\"de\",\"potentialAction\":[{\"@type\":\"ReadAction\",\"target\":[\"https:\\\/\\\/sakumetall.rwd.ee\\\/allhanketehas\\\/de\\\/company\\\/contact\\\/\"]}]},{\"@type\":\"ImageObject\",\"inLanguage\":\"de\",\"@id\":\"https:\\\/\\\/sakumetall.rwd.ee\\\/allhanketehas\\\/de\\\/company\\\/contact\\\/#primaryimage\",\"url\":\"https:\\\/\\\/sakumetall.rwd.ee\\\/allhanketehas\\\/wp-content\\\/uploads\\\/sites\\\/3\\\/2021\\\/12\\\/Ilus-asfalt.jpg\",\"contentUrl\":\"https:\\\/\\\/sakumetall.rwd.ee\\\/allhanketehas\\\/wp-content\\\/uploads\\\/sites\\\/3\\\/2021\\\/12\\\/Ilus-asfalt.jpg\"},{\"@type\":\"BreadcrumbList\",\"@id\":\"https:\\\/\\\/sakumetall.rwd.ee\\\/allhanketehas\\\/de\\\/company\\\/contact\\\/#breadcrumb\",\"itemListElement\":[{\"@type\":\"ListItem\",\"position\":1,\"name\":\"Home\",\"item\":\"https:\\\/\\\/sakumetall.rwd.ee\\\/allhanketehas\\\/de\\\/\"},{\"@type\":\"ListItem\",\"position\":2,\"name\":\"Kontakt\",\"item\":\"https:\\\/\\\/sakumetall.rwd.ee\\\/allhanketehas\\\/de\\\/contact\\\/\"},{\"@type\":\"ListItem\",\"position\":3,\"name\":\"Kontakt\"}]},{\"@type\":\"WebSite\",\"@id\":\"https:\\\/\\\/sakumetall.rwd.ee\\\/allhanketehas\\\/de\\\/#website\",\"url\":\"https:\\\/\\\/sakumetall.rwd.ee\\\/allhanketehas\\\/de\\\/\",\"name\":\"Saku Metall Allhanke Tehas\",\"description\":\"Informationen \u00fcber das Unternehmen\",\"potentialAction\":[{\"@type\":\"SearchAction\",\"target\":{\"@type\":\"EntryPoint\",\"urlTemplate\":\"https:\\\/\\\/sakumetall.rwd.ee\\\/allhanketehas\\\/de\\\/?s={search_term_string}\"},\"query-input\":{\"@type\":\"PropertyValueSpecification\",\"valueRequired\":true,\"valueName\":\"search_term_string\"}}],\"inLanguage\":\"de\"}]}<\/script>\n<!-- \/ Yoast SEO plugin. -->","yoast_head_json":{"title":"Contact\u00a0| Saku Metall Allhanke Tehas","description":"Tel: +372 650 6500, e-mail: allhange@sakumetall.ee, Adresse: P\u00f5rguv\u00e4lja-Stra\u00dfe 25, Gemeinde Rae, Kreis Harju 75306, Estland","robots":{"index":"index","follow":"follow","max-snippet":"max-snippet:-1","max-image-preview":"max-image-preview:large","max-video-preview":"max-video-preview:-1"},"canonical":"https:\/\/sakumetall.rwd.ee\/allhanketehas\/de\/company\/contact\/","og_locale":"de_DE","og_type":"article","og_title":"Contact\u00a0| Saku Metall Allhanke Tehas","og_description":"Tel: +372 650 6500, e-mail: allhange@sakumetall.ee, Adresse: P\u00f5rguv\u00e4lja-Stra\u00dfe 25, Gemeinde Rae, Kreis Harju 75306, Estland","og_url":"https:\/\/sakumetall.rwd.ee\/allhanketehas\/de\/company\/contact\/","og_site_name":"Saku Metall Allhanke Tehas","article_modified_time":"2022-07-18T07:57:08+00:00","og_image":[{"url":"https:\/\/sakumetall.rwd.ee\/allhanketehas\/wp-content\/uploads\/sites\/3\/2021\/12\/Ilus-asfalt.jpg","type":"","width":"","height":""}],"twitter_card":"summary_large_image","twitter_misc":{"Gesch\u00e4tzte Lesezeit":"1\u00a0Minute"},"schema":{"@context":"https:\/\/schema.org","@graph":[{"@type":"WebPage","@id":"https:\/\/sakumetall.rwd.ee\/allhanketehas\/de\/company\/contact\/","url":"https:\/\/sakumetall.rwd.ee\/allhanketehas\/de\/company\/contact\/","name":"Contact\u00a0| Saku Metall Allhanke Tehas","isPartOf":{"@id":"https:\/\/sakumetall.rwd.ee\/allhanketehas\/de\/#website"},"primaryImageOfPage":{"@id":"https:\/\/sakumetall.rwd.ee\/allhanketehas\/de\/company\/contact\/#primaryimage"},"image":{"@id":"https:\/\/sakumetall.rwd.ee\/allhanketehas\/de\/company\/contact\/#primaryimage"},"thumbnailUrl":"https:\/\/sakumetall.rwd.ee\/allhanketehas\/wp-content\/uploads\/sites\/3\/2021\/12\/Ilus-asfalt.jpg","datePublished":"2016-04-25T22:00:33+00:00","dateModified":"2022-07-18T07:57:08+00:00","description":"Tel: +372 650 6500, e-mail: allhange@sakumetall.ee, Adresse: P\u00f5rguv\u00e4lja-Stra\u00dfe 25, Gemeinde Rae, Kreis Harju 75306, Estland","breadcrumb":{"@id":"https:\/\/sakumetall.rwd.ee\/allhanketehas\/de\/company\/contact\/#breadcrumb"},"inLanguage":"de","potentialAction":[{"@type":"ReadAction","target":["https:\/\/sakumetall.rwd.ee\/allhanketehas\/de\/company\/contact\/"]}]},{"@type":"ImageObject","inLanguage":"de","@id":"https:\/\/sakumetall.rwd.ee\/allhanketehas\/de\/company\/contact\/#primaryimage","url":"https:\/\/sakumetall.rwd.ee\/allhanketehas\/wp-content\/uploads\/sites\/3\/2021\/12\/Ilus-asfalt.jpg","contentUrl":"https:\/\/sakumetall.rwd.ee\/allhanketehas\/wp-content\/uploads\/sites\/3\/2021\/12\/Ilus-asfalt.jpg"},{"@type":"BreadcrumbList","@id":"https:\/\/sakumetall.rwd.ee\/allhanketehas\/de\/company\/contact\/#breadcrumb","itemListElement":[{"@type":"ListItem","position":1,"name":"Home","item":"https:\/\/sakumetall.rwd.ee\/allhanketehas\/de\/"},{"@type":"ListItem","position":2,"name":"Kontakt","item":"https:\/\/sakumetall.rwd.ee\/allhanketehas\/de\/contact\/"},{"@type":"ListItem","position":3,"name":"Kontakt"}]},{"@type":"WebSite","@id":"https:\/\/sakumetall.rwd.ee\/allhanketehas\/de\/#website","url":"https:\/\/sakumetall.rwd.ee\/allhanketehas\/de\/","name":"Saku Metall Allhanke Tehas","description":"Informationen \u00fcber das Unternehmen","potentialAction":[{"@type":"SearchAction","target":{"@type":"EntryPoint","urlTemplate":"https:\/\/sakumetall.rwd.ee\/allhanketehas\/de\/?s={search_term_string}"},"query-input":{"@type":"PropertyValueSpecification","valueRequired":true,"valueName":"search_term_string"}}],"inLanguage":"de"}]}},"_links":{"self":[{"href":"https:\/\/sakumetall.rwd.ee\/allhanketehas\/de\/wp-json\/wp\/v2\/pages\/3013","targetHints":{"allow":["GET"]}}],"collection":[{"href":"https:\/\/sakumetall.rwd.ee\/allhanketehas\/de\/wp-json\/wp\/v2\/pages"}],"about":[{"href":"https:\/\/sakumetall.rwd.ee\/allhanketehas\/de\/wp-json\/wp\/v2\/types\/page"}],"author":[{"embeddable":true,"href":"https:\/\/sakumetall.rwd.ee\/allhanketehas\/de\/wp-json\/wp\/v2\/users\/1"}],"replies":[{"embeddable":true,"href":"https:\/\/sakumetall.rwd.ee\/allhanketehas\/de\/wp-json\/wp\/v2\/comments?post=3013"}],"version-history":[{"count":12,"href":"https:\/\/sakumetall.rwd.ee\/allhanketehas\/de\/wp-json\/wp\/v2\/pages\/3013\/revisions"}],"predecessor-version":[{"id":5084,"href":"https:\/\/sakumetall.rwd.ee\/allhanketehas\/de\/wp-json\/wp\/v2\/pages\/3013\/revisions\/5084"}],"up":[{"embeddable":true,"href":"https:\/\/sakumetall.rwd.ee\/allhanketehas\/de\/wp-json\/wp\/v2\/pages\/2956"}],"wp:attachment":[{"href":"https:\/\/sakumetall.rwd.ee\/allhanketehas\/de\/wp-json\/wp\/v2\/media?parent=3013"}],"curies":[{"name":"wp","href":"https:\/\/api.w.org\/{rel}","templated":true}]}}