{"id":3011,"date":"2016-04-26T00:00:42","date_gmt":"2016-04-25T22:00:42","guid":{"rendered":"https:\/\/sakumetall.rwd.ee\/allhanketehas\/de\/services\/development\/"},"modified":"2018-07-12T14:58:29","modified_gmt":"2018-07-12T12:58:29","slug":"development","status":"publish","type":"page","link":"https:\/\/sakumetall.rwd.ee\/allhanketehas\/de\/services\/development\/","title":{"rendered":"Entwicklung"},"content":{"rendered":"<h1>Entwicklung<\/h1>\n<p><span style=\"font-size: 12pt;\">Die Herstellung eines durchdachten Prototyps sowie eine fr\u00fchzeitige Entdeckung von Problemen hilft es, sp\u00e4ter bei der Serienproduktion Millionen von Euros sparen. Wegen diesem Prinzip ist die Hauptt\u00e4tigkeit der Entwicklungsabteilung eine schnelle und reibungslose Umsetzung von \u00fcberpr\u00fcften neuen Projekten.<\/span><\/p>\n<ul style=\"list-style-type: square;\">\n<li><span style=\"font-size: 12pt;\">Die Techniker in der Entwicklungsabteilung der Saku Metall Allhanke Tehas AS haben langzeitige Erfahrungen. Als geschicktes Team unterst\u00fctzen wir unsere Kunden ingenieurtechnisch bei der Entwicklung von neuen Produkten ab der Planung \u00fcber den Bau von Prototypen bis hin zu Serienproduktion. In unserer Arbeit verwenden wir f\u00fchrende CAD- und CAM-Software.<\/span><\/li>\n<li><span style=\"font-size: 12pt;\">Den zweiten Teil unserer Arbeit bildet die Entwicklung und Verwaltung der Technologie, damit wir einen effizienten und reibungslos arbeitenden modernen Ger\u00e4tepark haben. Au\u00dferdem haben wir Wartungspl\u00e4ne f\u00fcr wichtigste Ger\u00e4te, aufgrund deren Wartungstechnicker vorgesehene Arbeiten durchf\u00fchren. Um die Wartung der Stanz- und Biegemaschinen k\u00fcmmern sich die lokalen Vertretungen der Ger\u00e4tehersteller.<\/span><\/li>\n<li><span style=\"font-size: 12pt;\">Unsere Lieferanten und Partner sind international renommierte Unternehmen:\u00a0<a target=\"_blank\" href=\"https:\/\/www.primapower.com\/us\/\" rel=\"noopener\">Prima Power<\/a>, <a target=\"_blank\" href=\"http:\/\/www.amada.co.uk\/\" rel=\"noopener\">Amada<\/a>, <a target=\"_blank\" href=\"https:\/\/www.fronius.com\/en\" rel=\"noopener\">Fronius<\/a>, <a target=\"_blank\" href=\"https:\/\/www.ewm-group.com\/en\/\" rel=\"noopener\">EWM<\/a>, <a target=\"_blank\" href=\"https:\/\/www.kemppi.com\/en-US\/\" rel=\"noopener\">Kemppi<\/a>, <a target=\"_blank\" href=\"http:\/\/www.coastone.fi\/\" rel=\"noopener\">CoastOne<\/a>, <a target=\"_blank\" href=\"https:\/\/www.gemapowdercoating.com\/en\/\" rel=\"noopener\">Gema<\/a>, <a target=\"_blank\" href=\"https:\/\/www.mate.com\/\" rel=\"noopener\">Mate<\/a>, <a target=\"_blank\" href=\"https:\/\/www.wilsontool.com\/en-US\" rel=\"noopener\">Wilson Tool<\/a>, <a target=\"_blank\" href=\"https:\/\/gb.wila.nl\/\" rel=\"noopener\">Wila<\/a>.<\/span><\/li>\n<\/ul>\n<p><img loading=\"lazy\" decoding=\"async\" width=\"300\" height=\"200\" class=\"alignnone size-medium wp-image-2731\" src=\"https:\/\/sakumetall.rwd.ee\/allhanketehas\/wp-content\/uploads\/sites\/3\/2016\/06\/IMG_2458_40-300x200.jpg\" alt=\"IMG_2458_40\" srcset=\"https:\/\/sakumetall.rwd.ee\/allhanketehas\/wp-content\/uploads\/sites\/3\/2016\/06\/IMG_2458_40-300x200.jpg 300w, https:\/\/sakumetall.rwd.ee\/allhanketehas\/wp-content\/uploads\/sites\/3\/2016\/06\/IMG_2458_40-1024x683.jpg 1024w, https:\/\/sakumetall.rwd.ee\/allhanketehas\/wp-content\/uploads\/sites\/3\/2016\/06\/IMG_2458_40-285x190.jpg 285w, https:\/\/sakumetall.rwd.ee\/allhanketehas\/wp-content\/uploads\/sites\/3\/2016\/06\/IMG_2458_40-150x100.jpg 150w, https:\/\/sakumetall.rwd.ee\/allhanketehas\/wp-content\/uploads\/sites\/3\/2016\/06\/IMG_2458_40-180x120.jpg 180w\" sizes=\"auto, (max-width: 300px) 100vw, 300px\" \/><\/p>\n","protected":false},"excerpt":{"rendered":"<p>Entwicklung Die Herstellung eines durchdachten Prototyps sowie eine fr\u00fchzeitige Entdeckung von Problemen hilft es, sp\u00e4ter bei der Serienproduktion Millionen von Euros sparen. Wegen diesem Prinzip ist die Hauptt\u00e4tigkeit der Entwicklungsabteilung eine schnelle und reibungslose Umsetzung von \u00fcberpr\u00fcften neuen Projekten. Die Techniker in der Entwicklungsabteilung der Saku Metall Allhanke Tehas AS haben langzeitige Erfahrungen. Als geschicktes &#8230;<\/p>\n","protected":false},"author":1,"featured_media":0,"parent":2961,"menu_order":1,"comment_status":"closed","ping_status":"closed","template":"","meta":{"footnotes":""},"class_list":["post-3011","page","type-page","status-publish","hentry"],"yoast_head":"<!-- This site is optimized with the Yoast SEO plugin v27.3 - https:\/\/yoast.com\/product\/yoast-seo-wordpress\/ -->\n<title>Entwicklung\u00a0| Saku Metall Allhanke Tehas<\/title>\n<meta name=\"robots\" content=\"index, follow, max-snippet:-1, max-image-preview:large, max-video-preview:-1\" \/>\n<link rel=\"canonical\" href=\"https:\/\/sakumetall.rwd.ee\/allhanketehas\/de\/services\/development\/\" \/>\n<meta property=\"og:locale\" content=\"de_DE\" \/>\n<meta property=\"og:type\" content=\"article\" \/>\n<meta property=\"og:title\" content=\"Entwicklung\u00a0| Saku Metall Allhanke Tehas\" \/>\n<meta property=\"og:description\" content=\"Entwicklung Die Herstellung eines durchdachten Prototyps sowie eine fr\u00fchzeitige Entdeckung von Problemen hilft es, sp\u00e4ter bei der Serienproduktion Millionen von Euros sparen. Wegen diesem Prinzip ist die Hauptt\u00e4tigkeit der Entwicklungsabteilung eine schnelle und reibungslose Umsetzung von \u00fcberpr\u00fcften neuen Projekten. Die Techniker in der Entwicklungsabteilung der Saku Metall Allhanke Tehas AS haben langzeitige Erfahrungen. Als geschicktes ...\" \/>\n<meta property=\"og:url\" content=\"https:\/\/sakumetall.rwd.ee\/allhanketehas\/de\/services\/development\/\" \/>\n<meta property=\"og:site_name\" content=\"Saku Metall Allhanke Tehas\" \/>\n<meta property=\"article:modified_time\" content=\"2018-07-12T12:58:29+00:00\" \/>\n<meta property=\"og:image\" content=\"https:\/\/sakumetall.rwd.ee\/allhanketehas\/wp-content\/uploads\/sites\/3\/2016\/06\/IMG_2458_40-300x200.jpg\" \/>\n<meta name=\"twitter:card\" content=\"summary_large_image\" \/>\n<meta name=\"twitter:label1\" content=\"Gesch\u00e4tzte Lesezeit\" \/>\n\t<meta name=\"twitter:data1\" content=\"1\u00a0Minute\" \/>\n<script type=\"application\/ld+json\" class=\"yoast-schema-graph\">{\"@context\":\"https:\\\/\\\/schema.org\",\"@graph\":[{\"@type\":\"WebPage\",\"@id\":\"https:\\\/\\\/sakumetall.rwd.ee\\\/allhanketehas\\\/de\\\/services\\\/development\\\/\",\"url\":\"https:\\\/\\\/sakumetall.rwd.ee\\\/allhanketehas\\\/de\\\/services\\\/development\\\/\",\"name\":\"Entwicklung\u00a0| Saku Metall Allhanke Tehas\",\"isPartOf\":{\"@id\":\"https:\\\/\\\/sakumetall.rwd.ee\\\/allhanketehas\\\/de\\\/#website\"},\"primaryImageOfPage\":{\"@id\":\"https:\\\/\\\/sakumetall.rwd.ee\\\/allhanketehas\\\/de\\\/services\\\/development\\\/#primaryimage\"},\"image\":{\"@id\":\"https:\\\/\\\/sakumetall.rwd.ee\\\/allhanketehas\\\/de\\\/services\\\/development\\\/#primaryimage\"},\"thumbnailUrl\":\"https:\\\/\\\/sakumetall.rwd.ee\\\/allhanketehas\\\/wp-content\\\/uploads\\\/sites\\\/3\\\/2016\\\/06\\\/IMG_2458_40-300x200.jpg\",\"datePublished\":\"2016-04-25T22:00:42+00:00\",\"dateModified\":\"2018-07-12T12:58:29+00:00\",\"breadcrumb\":{\"@id\":\"https:\\\/\\\/sakumetall.rwd.ee\\\/allhanketehas\\\/de\\\/services\\\/development\\\/#breadcrumb\"},\"inLanguage\":\"de\",\"potentialAction\":[{\"@type\":\"ReadAction\",\"target\":[\"https:\\\/\\\/sakumetall.rwd.ee\\\/allhanketehas\\\/de\\\/services\\\/development\\\/\"]}]},{\"@type\":\"ImageObject\",\"inLanguage\":\"de\",\"@id\":\"https:\\\/\\\/sakumetall.rwd.ee\\\/allhanketehas\\\/de\\\/services\\\/development\\\/#primaryimage\",\"url\":\"https:\\\/\\\/sakumetall.rwd.ee\\\/allhanketehas\\\/wp-content\\\/uploads\\\/sites\\\/3\\\/2016\\\/06\\\/IMG_2458_40-300x200.jpg\",\"contentUrl\":\"https:\\\/\\\/sakumetall.rwd.ee\\\/allhanketehas\\\/wp-content\\\/uploads\\\/sites\\\/3\\\/2016\\\/06\\\/IMG_2458_40-300x200.jpg\"},{\"@type\":\"BreadcrumbList\",\"@id\":\"https:\\\/\\\/sakumetall.rwd.ee\\\/allhanketehas\\\/de\\\/services\\\/development\\\/#breadcrumb\",\"itemListElement\":[{\"@type\":\"ListItem\",\"position\":1,\"name\":\"Home\",\"item\":\"https:\\\/\\\/sakumetall.rwd.ee\\\/allhanketehas\\\/de\\\/\"},{\"@type\":\"ListItem\",\"position\":2,\"name\":\"Leistungen\",\"item\":\"https:\\\/\\\/sakumetall.rwd.ee\\\/allhanketehas\\\/de\\\/services\\\/\"},{\"@type\":\"ListItem\",\"position\":3,\"name\":\"Entwicklung\"}]},{\"@type\":\"WebSite\",\"@id\":\"https:\\\/\\\/sakumetall.rwd.ee\\\/allhanketehas\\\/de\\\/#website\",\"url\":\"https:\\\/\\\/sakumetall.rwd.ee\\\/allhanketehas\\\/de\\\/\",\"name\":\"Saku Metall Allhanke Tehas\",\"description\":\"Informationen \u00fcber das Unternehmen\",\"potentialAction\":[{\"@type\":\"SearchAction\",\"target\":{\"@type\":\"EntryPoint\",\"urlTemplate\":\"https:\\\/\\\/sakumetall.rwd.ee\\\/allhanketehas\\\/de\\\/?s={search_term_string}\"},\"query-input\":{\"@type\":\"PropertyValueSpecification\",\"valueRequired\":true,\"valueName\":\"search_term_string\"}}],\"inLanguage\":\"de\"}]}<\/script>\n<!-- \/ Yoast SEO plugin. -->","yoast_head_json":{"title":"Entwicklung\u00a0| Saku Metall Allhanke Tehas","robots":{"index":"index","follow":"follow","max-snippet":"max-snippet:-1","max-image-preview":"max-image-preview:large","max-video-preview":"max-video-preview:-1"},"canonical":"https:\/\/sakumetall.rwd.ee\/allhanketehas\/de\/services\/development\/","og_locale":"de_DE","og_type":"article","og_title":"Entwicklung\u00a0| Saku Metall Allhanke Tehas","og_description":"Entwicklung Die Herstellung eines durchdachten Prototyps sowie eine fr\u00fchzeitige Entdeckung von Problemen hilft es, sp\u00e4ter bei der Serienproduktion Millionen von Euros sparen. Wegen diesem Prinzip ist die Hauptt\u00e4tigkeit der Entwicklungsabteilung eine schnelle und reibungslose Umsetzung von \u00fcberpr\u00fcften neuen Projekten. Die Techniker in der Entwicklungsabteilung der Saku Metall Allhanke Tehas AS haben langzeitige Erfahrungen. Als geschicktes ...","og_url":"https:\/\/sakumetall.rwd.ee\/allhanketehas\/de\/services\/development\/","og_site_name":"Saku Metall Allhanke Tehas","article_modified_time":"2018-07-12T12:58:29+00:00","og_image":[{"url":"https:\/\/sakumetall.rwd.ee\/allhanketehas\/wp-content\/uploads\/sites\/3\/2016\/06\/IMG_2458_40-300x200.jpg","type":"","width":"","height":""}],"twitter_card":"summary_large_image","twitter_misc":{"Gesch\u00e4tzte Lesezeit":"1\u00a0Minute"},"schema":{"@context":"https:\/\/schema.org","@graph":[{"@type":"WebPage","@id":"https:\/\/sakumetall.rwd.ee\/allhanketehas\/de\/services\/development\/","url":"https:\/\/sakumetall.rwd.ee\/allhanketehas\/de\/services\/development\/","name":"Entwicklung\u00a0| Saku Metall Allhanke Tehas","isPartOf":{"@id":"https:\/\/sakumetall.rwd.ee\/allhanketehas\/de\/#website"},"primaryImageOfPage":{"@id":"https:\/\/sakumetall.rwd.ee\/allhanketehas\/de\/services\/development\/#primaryimage"},"image":{"@id":"https:\/\/sakumetall.rwd.ee\/allhanketehas\/de\/services\/development\/#primaryimage"},"thumbnailUrl":"https:\/\/sakumetall.rwd.ee\/allhanketehas\/wp-content\/uploads\/sites\/3\/2016\/06\/IMG_2458_40-300x200.jpg","datePublished":"2016-04-25T22:00:42+00:00","dateModified":"2018-07-12T12:58:29+00:00","breadcrumb":{"@id":"https:\/\/sakumetall.rwd.ee\/allhanketehas\/de\/services\/development\/#breadcrumb"},"inLanguage":"de","potentialAction":[{"@type":"ReadAction","target":["https:\/\/sakumetall.rwd.ee\/allhanketehas\/de\/services\/development\/"]}]},{"@type":"ImageObject","inLanguage":"de","@id":"https:\/\/sakumetall.rwd.ee\/allhanketehas\/de\/services\/development\/#primaryimage","url":"https:\/\/sakumetall.rwd.ee\/allhanketehas\/wp-content\/uploads\/sites\/3\/2016\/06\/IMG_2458_40-300x200.jpg","contentUrl":"https:\/\/sakumetall.rwd.ee\/allhanketehas\/wp-content\/uploads\/sites\/3\/2016\/06\/IMG_2458_40-300x200.jpg"},{"@type":"BreadcrumbList","@id":"https:\/\/sakumetall.rwd.ee\/allhanketehas\/de\/services\/development\/#breadcrumb","itemListElement":[{"@type":"ListItem","position":1,"name":"Home","item":"https:\/\/sakumetall.rwd.ee\/allhanketehas\/de\/"},{"@type":"ListItem","position":2,"name":"Leistungen","item":"https:\/\/sakumetall.rwd.ee\/allhanketehas\/de\/services\/"},{"@type":"ListItem","position":3,"name":"Entwicklung"}]},{"@type":"WebSite","@id":"https:\/\/sakumetall.rwd.ee\/allhanketehas\/de\/#website","url":"https:\/\/sakumetall.rwd.ee\/allhanketehas\/de\/","name":"Saku Metall Allhanke Tehas","description":"Informationen \u00fcber das Unternehmen","potentialAction":[{"@type":"SearchAction","target":{"@type":"EntryPoint","urlTemplate":"https:\/\/sakumetall.rwd.ee\/allhanketehas\/de\/?s={search_term_string}"},"query-input":{"@type":"PropertyValueSpecification","valueRequired":true,"valueName":"search_term_string"}}],"inLanguage":"de"}]}},"_links":{"self":[{"href":"https:\/\/sakumetall.rwd.ee\/allhanketehas\/de\/wp-json\/wp\/v2\/pages\/3011","targetHints":{"allow":["GET"]}}],"collection":[{"href":"https:\/\/sakumetall.rwd.ee\/allhanketehas\/de\/wp-json\/wp\/v2\/pages"}],"about":[{"href":"https:\/\/sakumetall.rwd.ee\/allhanketehas\/de\/wp-json\/wp\/v2\/types\/page"}],"author":[{"embeddable":true,"href":"https:\/\/sakumetall.rwd.ee\/allhanketehas\/de\/wp-json\/wp\/v2\/users\/1"}],"replies":[{"embeddable":true,"href":"https:\/\/sakumetall.rwd.ee\/allhanketehas\/de\/wp-json\/wp\/v2\/comments?post=3011"}],"version-history":[{"count":5,"href":"https:\/\/sakumetall.rwd.ee\/allhanketehas\/de\/wp-json\/wp\/v2\/pages\/3011\/revisions"}],"predecessor-version":[{"id":3935,"href":"https:\/\/sakumetall.rwd.ee\/allhanketehas\/de\/wp-json\/wp\/v2\/pages\/3011\/revisions\/3935"}],"up":[{"embeddable":true,"href":"https:\/\/sakumetall.rwd.ee\/allhanketehas\/de\/wp-json\/wp\/v2\/pages\/2961"}],"wp:attachment":[{"href":"https:\/\/sakumetall.rwd.ee\/allhanketehas\/de\/wp-json\/wp\/v2\/media?parent=3011"}],"curies":[{"name":"wp","href":"https:\/\/api.w.org\/{rel}","templated":true}]}}