{"id":3007,"date":"2016-04-26T00:00:59","date_gmt":"2016-04-25T22:00:59","guid":{"rendered":"https:\/\/sakumetall.rwd.ee\/allhanketehas\/de\/company\/certificates\/"},"modified":"2022-07-18T13:22:43","modified_gmt":"2022-07-18T11:22:43","slug":"certificates","status":"publish","type":"page","link":"https:\/\/sakumetall.rwd.ee\/allhanketehas\/de\/company\/certificates\/","title":{"rendered":"Zertifikate"},"content":{"rendered":"<h1>Zertifikate<\/h1>\n<p>&nbsp;<\/p>\n<ul style=\"list-style-type: square\">\n<li><span style=\"font-family: verdana, geneva, sans-serif;font-size: 12pt\">Seit 2004 hat AS Saku Metall ein Qualit\u00e4tsmanagementsystem implementiert, das den Anforderungen von ISO 9001 entspricht.<\/span><\/li>\n<li><span style=\"font-family: verdana, geneva, sans-serif;font-size: 12pt\">Seit 2016 ist das Qualit\u00e4tsmanagementsystem von AS Saku Metall in ein Umweltmanagementsystem integriert, das die Anforderungen der Normen ISO 9001:2015 und ISO 14001:2015 erf\u00fcllt.<\/span><\/li>\n<li><span style=\"font-family: verdana, geneva, sans-serif;font-size: 12pt\">Seit 2021 ist das Qualit\u00e4tsmanagementsystem von AS Saku Metall in das Umweltmanagementsystem und die Arbeitsschutzmanagementsysteme integriert, die die Anforderungen der Normen ISO 9001:2015, ISO 14001:2015 und ISO 45001:2018 erf\u00fcllen.<\/span><\/li>\n<li><span style=\"font-family: verdana, geneva, sans-serif;font-size: 12pt\">Das Schwei\u00dfqualit\u00e4tssystem von Saku Metall Allhanke Tehas best\u00e4tigt die Anforderungen von EN ISO 3834-2:2005 und EN 15085-2 Level CL1.<\/span><\/li>\n<li><span style=\"font-family: verdana, geneva, sans-serif;font-size: 12pt\">F\u00fcr alle unsere Rohstoffe sind wir bereit, das Herstellerzertifikat entsprechend EN ISO 10204 Stufe 3.1 anzubieten.<\/span><\/li>\n<\/ul>\n<p>&nbsp;<\/p>\n<p><span style=\"font-family: verdana, geneva, sans-serif;font-size: 12pt\">Zertifikate hier \u00f6ffnen:<\/span><\/p>\n<ul>\n<li><span style=\"font-family: verdana, geneva, sans-serif;font-size: 12pt\"><a target=\"_blank\" href=\"https:\/\/sakumetall.rwd.ee\/allhanketehas\/wp-content\/uploads\/sites\/3\/2021\/06\/9001-ENG-v2.pdf\" rel=\"noopener\">ISO 9001 ENG<\/a><\/span><\/li>\n<li><span style=\"font-family: verdana, geneva, sans-serif;font-size: 12pt\"><a target=\"_blank\" href=\"https:\/\/sakumetall.rwd.ee\/allhanketehas\/wp-content\/uploads\/sites\/3\/2021\/06\/14001-ENG-V2.pdf\" rel=\"noopener\">ISO 14001 ENG<\/a><\/span><\/li>\n<li><span style=\"font-family: verdana, geneva, sans-serif;font-size: 12pt\"><a href=\"https:\/\/sakumetall.rwd.ee\/allhanketehas\/wp-content\/uploads\/sites\/3\/2021\/06\/45001-ENG-Saku-Metall-Allhanke-Tehas.pdf\">ISO 45001 ENG<\/a><\/span><\/li>\n<li><span style=\"font-family: verdana, geneva, sans-serif;font-size: 12pt\"><a href=\"https:\/\/sakumetall.rwd.ee\/allhanketehas\/wp-content\/uploads\/sites\/3\/2021\/06\/SKM_C250i210311100600.pdf\">EN ISO 3834-2<\/a><\/span><\/li>\n<li><span style=\"font-family: verdana, geneva, sans-serif;font-size: 12pt\"><a href=\"https:\/\/sakumetall.rwd.ee\/allhanketehas\/wp-content\/uploads\/sites\/3\/2021\/06\/Saku-Metall-Allhanke-Tehas-en15085-CL1.pdf\">EN 15085 level CL1<\/a><\/span><\/li>\n<\/ul>\n<div><\/div>\n","protected":false},"excerpt":{"rendered":"<p>Zertifikate &nbsp; Seit 2004 hat AS Saku Metall ein Qualit\u00e4tsmanagementsystem implementiert, das den Anforderungen von ISO 9001 entspricht. Seit 2016 ist das Qualit\u00e4tsmanagementsystem von AS Saku Metall in ein Umweltmanagementsystem integriert, das die Anforderungen der Normen ISO 9001:2015 und ISO 14001:2015 erf\u00fcllt. Seit 2021 ist das Qualit\u00e4tsmanagementsystem von AS Saku Metall in das Umweltmanagementsystem und &#8230;<\/p>\n","protected":false},"author":1,"featured_media":0,"parent":2956,"menu_order":4,"comment_status":"closed","ping_status":"closed","template":"","meta":{"footnotes":""},"class_list":["post-3007","page","type-page","status-publish","hentry"],"yoast_head":"<!-- This site is optimized with the Yoast SEO plugin v27.3 - https:\/\/yoast.com\/product\/yoast-seo-wordpress\/ -->\n<title>Zertifikate\u00a0| Saku Metall Allhanke Tehas<\/title>\n<meta name=\"description\" content=\"Das Qualit\u00e4tsmanagementsystem von AS Saku Metall wurde 2010 mit dem Umweltmanagementsystem integriert und entspricht den Anforderungen der Standards ISO 9001:2015 und ISO 14001:2015\" \/>\n<meta name=\"robots\" content=\"index, follow, max-snippet:-1, max-image-preview:large, max-video-preview:-1\" \/>\n<link rel=\"canonical\" href=\"https:\/\/sakumetall.rwd.ee\/allhanketehas\/de\/company\/certificates\/\" \/>\n<meta property=\"og:locale\" content=\"de_DE\" \/>\n<meta property=\"og:type\" content=\"article\" \/>\n<meta property=\"og:title\" content=\"Zertifikate\u00a0| Saku Metall Allhanke Tehas\" \/>\n<meta property=\"og:description\" content=\"Das Qualit\u00e4tsmanagementsystem von AS Saku Metall wurde 2010 mit dem Umweltmanagementsystem integriert und entspricht den Anforderungen der Standards ISO 9001:2015 und ISO 14001:2015\" \/>\n<meta property=\"og:url\" content=\"https:\/\/sakumetall.rwd.ee\/allhanketehas\/de\/company\/certificates\/\" \/>\n<meta property=\"og:site_name\" content=\"Saku Metall Allhanke Tehas\" \/>\n<meta property=\"article:modified_time\" content=\"2022-07-18T11:22:43+00:00\" \/>\n<meta name=\"twitter:card\" content=\"summary_large_image\" \/>\n<meta name=\"twitter:label1\" content=\"Gesch\u00e4tzte Lesezeit\" \/>\n\t<meta name=\"twitter:data1\" content=\"1\u00a0Minute\" \/>\n<script type=\"application\/ld+json\" class=\"yoast-schema-graph\">{\"@context\":\"https:\\\/\\\/schema.org\",\"@graph\":[{\"@type\":\"WebPage\",\"@id\":\"https:\\\/\\\/sakumetall.rwd.ee\\\/allhanketehas\\\/de\\\/company\\\/certificates\\\/\",\"url\":\"https:\\\/\\\/sakumetall.rwd.ee\\\/allhanketehas\\\/de\\\/company\\\/certificates\\\/\",\"name\":\"Zertifikate\u00a0| Saku Metall Allhanke Tehas\",\"isPartOf\":{\"@id\":\"https:\\\/\\\/sakumetall.rwd.ee\\\/allhanketehas\\\/de\\\/#website\"},\"datePublished\":\"2016-04-25T22:00:59+00:00\",\"dateModified\":\"2022-07-18T11:22:43+00:00\",\"description\":\"Das Qualit\u00e4tsmanagementsystem von AS Saku Metall wurde 2010 mit dem Umweltmanagementsystem integriert und entspricht den Anforderungen der Standards ISO 9001:2015 und ISO 14001:2015\",\"breadcrumb\":{\"@id\":\"https:\\\/\\\/sakumetall.rwd.ee\\\/allhanketehas\\\/de\\\/company\\\/certificates\\\/#breadcrumb\"},\"inLanguage\":\"de\",\"potentialAction\":[{\"@type\":\"ReadAction\",\"target\":[\"https:\\\/\\\/sakumetall.rwd.ee\\\/allhanketehas\\\/de\\\/company\\\/certificates\\\/\"]}]},{\"@type\":\"BreadcrumbList\",\"@id\":\"https:\\\/\\\/sakumetall.rwd.ee\\\/allhanketehas\\\/de\\\/company\\\/certificates\\\/#breadcrumb\",\"itemListElement\":[{\"@type\":\"ListItem\",\"position\":1,\"name\":\"Home\",\"item\":\"https:\\\/\\\/sakumetall.rwd.ee\\\/allhanketehas\\\/de\\\/\"},{\"@type\":\"ListItem\",\"position\":2,\"name\":\"Unternehmen\",\"item\":\"https:\\\/\\\/sakumetall.rwd.ee\\\/allhanketehas\\\/de\\\/company\\\/\"},{\"@type\":\"ListItem\",\"position\":3,\"name\":\"Zertifikate\"}]},{\"@type\":\"WebSite\",\"@id\":\"https:\\\/\\\/sakumetall.rwd.ee\\\/allhanketehas\\\/de\\\/#website\",\"url\":\"https:\\\/\\\/sakumetall.rwd.ee\\\/allhanketehas\\\/de\\\/\",\"name\":\"Saku Metall Allhanke Tehas\",\"description\":\"Informationen \u00fcber das Unternehmen\",\"potentialAction\":[{\"@type\":\"SearchAction\",\"target\":{\"@type\":\"EntryPoint\",\"urlTemplate\":\"https:\\\/\\\/sakumetall.rwd.ee\\\/allhanketehas\\\/de\\\/?s={search_term_string}\"},\"query-input\":{\"@type\":\"PropertyValueSpecification\",\"valueRequired\":true,\"valueName\":\"search_term_string\"}}],\"inLanguage\":\"de\"}]}<\/script>\n<!-- \/ Yoast SEO plugin. -->","yoast_head_json":{"title":"Zertifikate\u00a0| Saku Metall Allhanke Tehas","description":"Das Qualit\u00e4tsmanagementsystem von AS Saku Metall wurde 2010 mit dem Umweltmanagementsystem integriert und entspricht den Anforderungen der Standards ISO 9001:2015 und ISO 14001:2015","robots":{"index":"index","follow":"follow","max-snippet":"max-snippet:-1","max-image-preview":"max-image-preview:large","max-video-preview":"max-video-preview:-1"},"canonical":"https:\/\/sakumetall.rwd.ee\/allhanketehas\/de\/company\/certificates\/","og_locale":"de_DE","og_type":"article","og_title":"Zertifikate\u00a0| Saku Metall Allhanke Tehas","og_description":"Das Qualit\u00e4tsmanagementsystem von AS Saku Metall wurde 2010 mit dem Umweltmanagementsystem integriert und entspricht den Anforderungen der Standards ISO 9001:2015 und ISO 14001:2015","og_url":"https:\/\/sakumetall.rwd.ee\/allhanketehas\/de\/company\/certificates\/","og_site_name":"Saku Metall Allhanke Tehas","article_modified_time":"2022-07-18T11:22:43+00:00","twitter_card":"summary_large_image","twitter_misc":{"Gesch\u00e4tzte Lesezeit":"1\u00a0Minute"},"schema":{"@context":"https:\/\/schema.org","@graph":[{"@type":"WebPage","@id":"https:\/\/sakumetall.rwd.ee\/allhanketehas\/de\/company\/certificates\/","url":"https:\/\/sakumetall.rwd.ee\/allhanketehas\/de\/company\/certificates\/","name":"Zertifikate\u00a0| Saku Metall Allhanke Tehas","isPartOf":{"@id":"https:\/\/sakumetall.rwd.ee\/allhanketehas\/de\/#website"},"datePublished":"2016-04-25T22:00:59+00:00","dateModified":"2022-07-18T11:22:43+00:00","description":"Das Qualit\u00e4tsmanagementsystem von AS Saku Metall wurde 2010 mit dem Umweltmanagementsystem integriert und entspricht den Anforderungen der Standards ISO 9001:2015 und ISO 14001:2015","breadcrumb":{"@id":"https:\/\/sakumetall.rwd.ee\/allhanketehas\/de\/company\/certificates\/#breadcrumb"},"inLanguage":"de","potentialAction":[{"@type":"ReadAction","target":["https:\/\/sakumetall.rwd.ee\/allhanketehas\/de\/company\/certificates\/"]}]},{"@type":"BreadcrumbList","@id":"https:\/\/sakumetall.rwd.ee\/allhanketehas\/de\/company\/certificates\/#breadcrumb","itemListElement":[{"@type":"ListItem","position":1,"name":"Home","item":"https:\/\/sakumetall.rwd.ee\/allhanketehas\/de\/"},{"@type":"ListItem","position":2,"name":"Unternehmen","item":"https:\/\/sakumetall.rwd.ee\/allhanketehas\/de\/company\/"},{"@type":"ListItem","position":3,"name":"Zertifikate"}]},{"@type":"WebSite","@id":"https:\/\/sakumetall.rwd.ee\/allhanketehas\/de\/#website","url":"https:\/\/sakumetall.rwd.ee\/allhanketehas\/de\/","name":"Saku Metall Allhanke Tehas","description":"Informationen \u00fcber das Unternehmen","potentialAction":[{"@type":"SearchAction","target":{"@type":"EntryPoint","urlTemplate":"https:\/\/sakumetall.rwd.ee\/allhanketehas\/de\/?s={search_term_string}"},"query-input":{"@type":"PropertyValueSpecification","valueRequired":true,"valueName":"search_term_string"}}],"inLanguage":"de"}]}},"_links":{"self":[{"href":"https:\/\/sakumetall.rwd.ee\/allhanketehas\/de\/wp-json\/wp\/v2\/pages\/3007","targetHints":{"allow":["GET"]}}],"collection":[{"href":"https:\/\/sakumetall.rwd.ee\/allhanketehas\/de\/wp-json\/wp\/v2\/pages"}],"about":[{"href":"https:\/\/sakumetall.rwd.ee\/allhanketehas\/de\/wp-json\/wp\/v2\/types\/page"}],"author":[{"embeddable":true,"href":"https:\/\/sakumetall.rwd.ee\/allhanketehas\/de\/wp-json\/wp\/v2\/users\/1"}],"replies":[{"embeddable":true,"href":"https:\/\/sakumetall.rwd.ee\/allhanketehas\/de\/wp-json\/wp\/v2\/comments?post=3007"}],"version-history":[{"count":7,"href":"https:\/\/sakumetall.rwd.ee\/allhanketehas\/de\/wp-json\/wp\/v2\/pages\/3007\/revisions"}],"predecessor-version":[{"id":5146,"href":"https:\/\/sakumetall.rwd.ee\/allhanketehas\/de\/wp-json\/wp\/v2\/pages\/3007\/revisions\/5146"}],"up":[{"embeddable":true,"href":"https:\/\/sakumetall.rwd.ee\/allhanketehas\/de\/wp-json\/wp\/v2\/pages\/2956"}],"wp:attachment":[{"href":"https:\/\/sakumetall.rwd.ee\/allhanketehas\/de\/wp-json\/wp\/v2\/media?parent=3007"}],"curies":[{"name":"wp","href":"https:\/\/api.w.org\/{rel}","templated":true}]}}