{"id":2963,"date":"2016-04-26T00:00:10","date_gmt":"2016-04-25T22:00:10","guid":{"rendered":"https:\/\/sakumetall.rwd.ee\/allhanketehas\/de\/technology\/"},"modified":"2019-10-01T14:25:50","modified_gmt":"2019-10-01T12:25:50","slug":"technology","status":"publish","type":"page","link":"https:\/\/sakumetall.rwd.ee\/allhanketehas\/de\/technology\/","title":{"rendered":"Technologie"},"content":{"rendered":"<h1>Technologie<\/h1>\n<p><span style=\"font-size: 12pt;\">Saku Metall ist immer durch moderne Technologie hervorgetreten. Dasselbe gilt f\u00fcr Allhanke Tehas \u2013 in den letzten Jahren wurde die Produktion durch mehrere neue Ger\u00e4te effizienter gemacht und die Qualit\u00e4t erh\u00f6ht.<\/span><\/p>\n<div id='gallery-1' class='gallery galleryid-2963 gallery-columns-3 gallery-size-single-work-thumb'><figure class='gallery-item'>\n\t\t\t<div class='gallery-icon landscape'>\n\t\t\t\t<a href='https:\/\/sakumetall.rwd.ee\/allhanketehas\/wp-content\/uploads\/sites\/3\/2016\/06\/IMG_2537.jpg'><img loading=\"lazy\" decoding=\"async\" width=\"150\" height=\"100\" src=\"https:\/\/sakumetall.rwd.ee\/allhanketehas\/wp-content\/uploads\/sites\/3\/2016\/06\/IMG_2537-150x100.jpg\" class=\"attachment-single-work-thumb size-single-work-thumb\" alt=\"\" srcset=\"https:\/\/sakumetall.rwd.ee\/allhanketehas\/wp-content\/uploads\/sites\/3\/2016\/06\/IMG_2537-150x100.jpg 150w, https:\/\/sakumetall.rwd.ee\/allhanketehas\/wp-content\/uploads\/sites\/3\/2016\/06\/IMG_2537-300x200.jpg 300w, https:\/\/sakumetall.rwd.ee\/allhanketehas\/wp-content\/uploads\/sites\/3\/2016\/06\/IMG_2537-1024x683.jpg 1024w, https:\/\/sakumetall.rwd.ee\/allhanketehas\/wp-content\/uploads\/sites\/3\/2016\/06\/IMG_2537-285x190.jpg 285w, https:\/\/sakumetall.rwd.ee\/allhanketehas\/wp-content\/uploads\/sites\/3\/2016\/06\/IMG_2537-180x120.jpg 180w\" sizes=\"auto, (max-width: 150px) 100vw, 150px\" \/><\/a>\n\t\t\t<\/div><\/figure><figure class='gallery-item'>\n\t\t\t<div class='gallery-icon landscape'>\n\t\t\t\t<a href='https:\/\/sakumetall.rwd.ee\/allhanketehas\/wp-content\/uploads\/sites\/3\/2016\/06\/IMG_2495.jpg'><img loading=\"lazy\" decoding=\"async\" width=\"150\" height=\"100\" src=\"https:\/\/sakumetall.rwd.ee\/allhanketehas\/wp-content\/uploads\/sites\/3\/2016\/06\/IMG_2495-150x100.jpg\" class=\"attachment-single-work-thumb size-single-work-thumb\" alt=\"\" srcset=\"https:\/\/sakumetall.rwd.ee\/allhanketehas\/wp-content\/uploads\/sites\/3\/2016\/06\/IMG_2495-150x100.jpg 150w, https:\/\/sakumetall.rwd.ee\/allhanketehas\/wp-content\/uploads\/sites\/3\/2016\/06\/IMG_2495-300x200.jpg 300w, https:\/\/sakumetall.rwd.ee\/allhanketehas\/wp-content\/uploads\/sites\/3\/2016\/06\/IMG_2495-1024x683.jpg 1024w, https:\/\/sakumetall.rwd.ee\/allhanketehas\/wp-content\/uploads\/sites\/3\/2016\/06\/IMG_2495-285x190.jpg 285w, https:\/\/sakumetall.rwd.ee\/allhanketehas\/wp-content\/uploads\/sites\/3\/2016\/06\/IMG_2495-180x120.jpg 180w, https:\/\/sakumetall.rwd.ee\/allhanketehas\/wp-content\/uploads\/sites\/3\/2016\/06\/IMG_2495.jpg 1966w\" sizes=\"auto, (max-width: 150px) 100vw, 150px\" \/><\/a>\n\t\t\t<\/div><\/figure><figure class='gallery-item'>\n\t\t\t<div class='gallery-icon landscape'>\n\t\t\t\t<a href='https:\/\/sakumetall.rwd.ee\/allhanketehas\/wp-content\/uploads\/sites\/3\/2016\/06\/IMG_2481-Pano.jpg'><img loading=\"lazy\" decoding=\"async\" width=\"150\" height=\"100\" src=\"https:\/\/sakumetall.rwd.ee\/allhanketehas\/wp-content\/uploads\/sites\/3\/2016\/06\/IMG_2481-Pano-150x100.jpg\" class=\"attachment-single-work-thumb size-single-work-thumb\" alt=\"\" srcset=\"https:\/\/sakumetall.rwd.ee\/allhanketehas\/wp-content\/uploads\/sites\/3\/2016\/06\/IMG_2481-Pano-150x100.jpg 150w, https:\/\/sakumetall.rwd.ee\/allhanketehas\/wp-content\/uploads\/sites\/3\/2016\/06\/IMG_2481-Pano-285x190.jpg 285w\" sizes=\"auto, (max-width: 150px) 100vw, 150px\" \/><\/a>\n\t\t\t<\/div><\/figure><figure class='gallery-item'>\n\t\t\t<div class='gallery-icon landscape'>\n\t\t\t\t<a href='https:\/\/sakumetall.rwd.ee\/allhanketehas\/wp-content\/uploads\/sites\/3\/2016\/04\/varv3-e1460706873526.jpg'><img loading=\"lazy\" decoding=\"async\" width=\"150\" height=\"100\" src=\"https:\/\/sakumetall.rwd.ee\/allhanketehas\/wp-content\/uploads\/sites\/3\/2016\/04\/varv3-150x100.jpg\" class=\"attachment-single-work-thumb size-single-work-thumb\" alt=\"\" srcset=\"https:\/\/sakumetall.rwd.ee\/allhanketehas\/wp-content\/uploads\/sites\/3\/2016\/04\/varv3-150x100.jpg 150w, https:\/\/sakumetall.rwd.ee\/allhanketehas\/wp-content\/uploads\/sites\/3\/2016\/04\/varv3-285x190.jpg 285w\" sizes=\"auto, (max-width: 150px) 100vw, 150px\" \/><\/a>\n\t\t\t<\/div><\/figure>\n\t\t<\/div>\n\n","protected":false},"excerpt":{"rendered":"<p>Technologie Saku Metall ist immer durch moderne Technologie hervorgetreten. Dasselbe gilt f\u00fcr Allhanke Tehas \u2013 in den letzten Jahren wurde die Produktion durch mehrere neue Ger\u00e4te effizienter gemacht und die Qualit\u00e4t erh\u00f6ht.<\/p>\n","protected":false},"author":1,"featured_media":0,"parent":0,"menu_order":13,"comment_status":"closed","ping_status":"closed","template":"services-template.php","meta":{"footnotes":""},"class_list":["post-2963","page","type-page","status-publish","hentry"],"yoast_head":"<!-- This site is optimized with the Yoast SEO plugin v27.3 - https:\/\/yoast.com\/product\/yoast-seo-wordpress\/ -->\n<title>Technologie | Saku Metall Allhanke Tehas<\/title>\n<meta name=\"description\" content=\"Saku Metall ist immer durch moderne Technologie hervorgetreten. Dasselbe gilt f\u00fcr Allhanke Tehas \u2013 in den letzten Jahren wurde die Produktion durch mehrere neue Ger\u00e4te effizienter gemacht und die Qualit\u00e4t erh\u00f6ht.\" \/>\n<meta name=\"robots\" content=\"index, follow, max-snippet:-1, max-image-preview:large, max-video-preview:-1\" \/>\n<link rel=\"canonical\" href=\"https:\/\/sakumetall.rwd.ee\/allhanketehas\/de\/technology\/\" \/>\n<meta property=\"og:locale\" content=\"de_DE\" \/>\n<meta property=\"og:type\" content=\"article\" \/>\n<meta property=\"og:title\" content=\"Technologie | Saku Metall Allhanke Tehas\" \/>\n<meta property=\"og:description\" content=\"Saku Metall ist immer durch moderne Technologie hervorgetreten. Dasselbe gilt f\u00fcr Allhanke Tehas \u2013 in den letzten Jahren wurde die Produktion durch mehrere neue Ger\u00e4te effizienter gemacht und die Qualit\u00e4t erh\u00f6ht.\" \/>\n<meta property=\"og:url\" content=\"https:\/\/sakumetall.rwd.ee\/allhanketehas\/de\/technology\/\" \/>\n<meta property=\"og:site_name\" content=\"Saku Metall Allhanke Tehas\" \/>\n<meta property=\"article:modified_time\" content=\"2019-10-01T12:25:50+00:00\" \/>\n<meta property=\"og:image\" content=\"https:\/\/sakumetall.rwd.ee\/allhanketehas\/wp-content\/uploads\/sites\/3\/2016\/06\/IMG_2537-150x100.jpg\" \/>\n<meta name=\"twitter:card\" content=\"summary_large_image\" \/>\n<script type=\"application\/ld+json\" class=\"yoast-schema-graph\">{\"@context\":\"https:\\\/\\\/schema.org\",\"@graph\":[{\"@type\":\"WebPage\",\"@id\":\"https:\\\/\\\/sakumetall.rwd.ee\\\/allhanketehas\\\/de\\\/technology\\\/\",\"url\":\"https:\\\/\\\/sakumetall.rwd.ee\\\/allhanketehas\\\/de\\\/technology\\\/\",\"name\":\"Technologie | Saku Metall Allhanke Tehas\",\"isPartOf\":{\"@id\":\"https:\\\/\\\/sakumetall.rwd.ee\\\/allhanketehas\\\/de\\\/#website\"},\"datePublished\":\"2016-04-25T22:00:10+00:00\",\"dateModified\":\"2019-10-01T12:25:50+00:00\",\"description\":\"Saku Metall ist immer durch moderne Technologie hervorgetreten. Dasselbe gilt f\u00fcr Allhanke Tehas \u2013 in den letzten Jahren wurde die Produktion durch mehrere neue Ger\u00e4te effizienter gemacht und die Qualit\u00e4t erh\u00f6ht.\",\"breadcrumb\":{\"@id\":\"https:\\\/\\\/sakumetall.rwd.ee\\\/allhanketehas\\\/de\\\/technology\\\/#breadcrumb\"},\"inLanguage\":\"de\",\"potentialAction\":[{\"@type\":\"ReadAction\",\"target\":[\"https:\\\/\\\/sakumetall.rwd.ee\\\/allhanketehas\\\/de\\\/technology\\\/\"]}]},{\"@type\":\"BreadcrumbList\",\"@id\":\"https:\\\/\\\/sakumetall.rwd.ee\\\/allhanketehas\\\/de\\\/technology\\\/#breadcrumb\",\"itemListElement\":[{\"@type\":\"ListItem\",\"position\":1,\"name\":\"Home\",\"item\":\"https:\\\/\\\/sakumetall.rwd.ee\\\/allhanketehas\\\/de\\\/\"},{\"@type\":\"ListItem\",\"position\":2,\"name\":\"Technologie\"}]},{\"@type\":\"WebSite\",\"@id\":\"https:\\\/\\\/sakumetall.rwd.ee\\\/allhanketehas\\\/de\\\/#website\",\"url\":\"https:\\\/\\\/sakumetall.rwd.ee\\\/allhanketehas\\\/de\\\/\",\"name\":\"Saku Metall Allhanke Tehas\",\"description\":\"Informationen \u00fcber das Unternehmen\",\"potentialAction\":[{\"@type\":\"SearchAction\",\"target\":{\"@type\":\"EntryPoint\",\"urlTemplate\":\"https:\\\/\\\/sakumetall.rwd.ee\\\/allhanketehas\\\/de\\\/?s={search_term_string}\"},\"query-input\":{\"@type\":\"PropertyValueSpecification\",\"valueRequired\":true,\"valueName\":\"search_term_string\"}}],\"inLanguage\":\"de\"}]}<\/script>\n<!-- \/ Yoast SEO plugin. -->","yoast_head_json":{"title":"Technologie | Saku Metall Allhanke Tehas","description":"Saku Metall ist immer durch moderne Technologie hervorgetreten. Dasselbe gilt f\u00fcr Allhanke Tehas \u2013 in den letzten Jahren wurde die Produktion durch mehrere neue Ger\u00e4te effizienter gemacht und die Qualit\u00e4t erh\u00f6ht.","robots":{"index":"index","follow":"follow","max-snippet":"max-snippet:-1","max-image-preview":"max-image-preview:large","max-video-preview":"max-video-preview:-1"},"canonical":"https:\/\/sakumetall.rwd.ee\/allhanketehas\/de\/technology\/","og_locale":"de_DE","og_type":"article","og_title":"Technologie | Saku Metall Allhanke Tehas","og_description":"Saku Metall ist immer durch moderne Technologie hervorgetreten. Dasselbe gilt f\u00fcr Allhanke Tehas \u2013 in den letzten Jahren wurde die Produktion durch mehrere neue Ger\u00e4te effizienter gemacht und die Qualit\u00e4t erh\u00f6ht.","og_url":"https:\/\/sakumetall.rwd.ee\/allhanketehas\/de\/technology\/","og_site_name":"Saku Metall Allhanke Tehas","article_modified_time":"2019-10-01T12:25:50+00:00","og_image":[{"url":"https:\/\/sakumetall.rwd.ee\/allhanketehas\/wp-content\/uploads\/sites\/3\/2016\/06\/IMG_2537-150x100.jpg","type":"","width":"","height":""}],"twitter_card":"summary_large_image","schema":{"@context":"https:\/\/schema.org","@graph":[{"@type":"WebPage","@id":"https:\/\/sakumetall.rwd.ee\/allhanketehas\/de\/technology\/","url":"https:\/\/sakumetall.rwd.ee\/allhanketehas\/de\/technology\/","name":"Technologie | Saku Metall Allhanke Tehas","isPartOf":{"@id":"https:\/\/sakumetall.rwd.ee\/allhanketehas\/de\/#website"},"datePublished":"2016-04-25T22:00:10+00:00","dateModified":"2019-10-01T12:25:50+00:00","description":"Saku Metall ist immer durch moderne Technologie hervorgetreten. Dasselbe gilt f\u00fcr Allhanke Tehas \u2013 in den letzten Jahren wurde die Produktion durch mehrere neue Ger\u00e4te effizienter gemacht und die Qualit\u00e4t erh\u00f6ht.","breadcrumb":{"@id":"https:\/\/sakumetall.rwd.ee\/allhanketehas\/de\/technology\/#breadcrumb"},"inLanguage":"de","potentialAction":[{"@type":"ReadAction","target":["https:\/\/sakumetall.rwd.ee\/allhanketehas\/de\/technology\/"]}]},{"@type":"BreadcrumbList","@id":"https:\/\/sakumetall.rwd.ee\/allhanketehas\/de\/technology\/#breadcrumb","itemListElement":[{"@type":"ListItem","position":1,"name":"Home","item":"https:\/\/sakumetall.rwd.ee\/allhanketehas\/de\/"},{"@type":"ListItem","position":2,"name":"Technologie"}]},{"@type":"WebSite","@id":"https:\/\/sakumetall.rwd.ee\/allhanketehas\/de\/#website","url":"https:\/\/sakumetall.rwd.ee\/allhanketehas\/de\/","name":"Saku Metall Allhanke Tehas","description":"Informationen \u00fcber das Unternehmen","potentialAction":[{"@type":"SearchAction","target":{"@type":"EntryPoint","urlTemplate":"https:\/\/sakumetall.rwd.ee\/allhanketehas\/de\/?s={search_term_string}"},"query-input":{"@type":"PropertyValueSpecification","valueRequired":true,"valueName":"search_term_string"}}],"inLanguage":"de"}]}},"_links":{"self":[{"href":"https:\/\/sakumetall.rwd.ee\/allhanketehas\/de\/wp-json\/wp\/v2\/pages\/2963","targetHints":{"allow":["GET"]}}],"collection":[{"href":"https:\/\/sakumetall.rwd.ee\/allhanketehas\/de\/wp-json\/wp\/v2\/pages"}],"about":[{"href":"https:\/\/sakumetall.rwd.ee\/allhanketehas\/de\/wp-json\/wp\/v2\/types\/page"}],"author":[{"embeddable":true,"href":"https:\/\/sakumetall.rwd.ee\/allhanketehas\/de\/wp-json\/wp\/v2\/users\/1"}],"replies":[{"embeddable":true,"href":"https:\/\/sakumetall.rwd.ee\/allhanketehas\/de\/wp-json\/wp\/v2\/comments?post=2963"}],"version-history":[{"count":12,"href":"https:\/\/sakumetall.rwd.ee\/allhanketehas\/de\/wp-json\/wp\/v2\/pages\/2963\/revisions"}],"predecessor-version":[{"id":4512,"href":"https:\/\/sakumetall.rwd.ee\/allhanketehas\/de\/wp-json\/wp\/v2\/pages\/2963\/revisions\/4512"}],"wp:attachment":[{"href":"https:\/\/sakumetall.rwd.ee\/allhanketehas\/de\/wp-json\/wp\/v2\/media?parent=2963"}],"curies":[{"name":"wp","href":"https:\/\/api.w.org\/{rel}","templated":true}]}}