{"id":2961,"date":"0206-04-26T00:00:49","date_gmt":"0206-04-25T22:00:49","guid":{"rendered":"https:\/\/sakumetall.rwd.ee\/allhanketehas\/de\/services\/"},"modified":"2018-07-12T14:40:07","modified_gmt":"2018-07-12T12:40:07","slug":"services","status":"publish","type":"page","link":"https:\/\/sakumetall.rwd.ee\/allhanketehas\/de\/services\/","title":{"rendered":"Leistungen"},"content":{"rendered":"<h1>Leistungen<\/h1>\n<p><span style=\"font-size: 12pt;\">Die Zielkunden der AS Saku Metall Allhanke Tehas sind vor allem internationale (Gro\u00df)unternehmen. Wir m\u00f6chten unseren Kunden pers\u00f6nliche Herangehensweise sichern und ein Teil ihres Gesch\u00e4ftsprozesses werden.<\/span><\/p>\n<p><span style=\"font-size: 12pt;\">Wir bieten unseren Kunden Produkte, die durch Schneiden, Biegen, Stanzen, Schwei\u00dfen, Oberfl\u00e4chenbearbeitung und Zusammenstellen von kaltgewalzten, verzinkten und rostfreiem St\u00e4hlen mit einer St\u00e4rke von bis zu 8 mm hergestellt werden k\u00f6nnen.<\/span><\/p>\n<p><span style=\"font-size: 12pt;\">Wir m\u00f6chten die von Kunden entwickelten Produkte bis zu einer Fertigkeitsstufe herstellen, die der Kunde weiter liefern oder in seinen Produkten ohne zus\u00e4tzliche Bearbeitung einsetzen kann.<\/span><\/p>\n<p><span style=\"font-size: 12pt;\">Dank unseren modernen programmgesteuerten Blechbearbeitungszentren und Biegemaschinen k\u00f6nnen wir komplizierte und genaue Blechteile herstellen. Im Rahmen unserer Zulieferprojekten verarbeiten wir heute monatlich \u00fcber 300 Tonnen Blech.<\/span><\/p>\n","protected":false},"excerpt":{"rendered":"<p>Leistungen Die Zielkunden der AS Saku Metall Allhanke Tehas sind vor allem internationale (Gro\u00df)unternehmen. Wir m\u00f6chten unseren Kunden pers\u00f6nliche Herangehensweise sichern und ein Teil ihres Gesch\u00e4ftsprozesses werden. Wir bieten unseren Kunden Produkte, die durch Schneiden, Biegen, Stanzen, Schwei\u00dfen, Oberfl\u00e4chenbearbeitung und Zusammenstellen von kaltgewalzten, verzinkten und rostfreiem St\u00e4hlen mit einer St\u00e4rke von bis zu 8 mm &#8230;<\/p>\n","protected":false},"author":1,"featured_media":0,"parent":0,"menu_order":0,"comment_status":"closed","ping_status":"closed","template":"services-template.php","meta":{"footnotes":""},"class_list":["post-2961","page","type-page","status-publish","hentry"],"yoast_head":"<!-- This site is optimized with the Yoast SEO plugin v27.3 - https:\/\/yoast.com\/product\/yoast-seo-wordpress\/ -->\n<title>Leistungen | Saku Metall Allhanke Tehas<\/title>\n<meta name=\"description\" content=\"Wir bieten unseren Kunden Produkte, die durch Schneiden, Biegen, Stanzen, Schwei\u00dfen, Oberfl\u00e4chenbearbeitung und Zusammenstellen von kaltgewalzten, verzinkten und rostfreiem St\u00e4hlen mit einer St\u00e4rke von bis zu 8 mm hergestellt werden k\u00f6nnen.\" \/>\n<meta name=\"robots\" content=\"index, follow, max-snippet:-1, max-image-preview:large, max-video-preview:-1\" \/>\n<link rel=\"canonical\" href=\"https:\/\/sakumetall.rwd.ee\/allhanketehas\/de\/services\/\" \/>\n<meta property=\"og:locale\" content=\"de_DE\" \/>\n<meta property=\"og:type\" content=\"article\" \/>\n<meta property=\"og:title\" content=\"Leistungen | Saku Metall Allhanke Tehas\" \/>\n<meta property=\"og:description\" content=\"Wir bieten unseren Kunden Produkte, die durch Schneiden, Biegen, Stanzen, Schwei\u00dfen, Oberfl\u00e4chenbearbeitung und Zusammenstellen von kaltgewalzten, verzinkten und rostfreiem St\u00e4hlen mit einer St\u00e4rke von bis zu 8 mm hergestellt werden k\u00f6nnen.\" \/>\n<meta property=\"og:url\" content=\"https:\/\/sakumetall.rwd.ee\/allhanketehas\/de\/services\/\" \/>\n<meta property=\"og:site_name\" content=\"Saku Metall Allhanke Tehas\" \/>\n<meta property=\"article:modified_time\" content=\"2018-07-12T12:40:07+00:00\" \/>\n<meta name=\"twitter:card\" content=\"summary_large_image\" \/>\n<meta name=\"twitter:label1\" content=\"Gesch\u00e4tzte Lesezeit\" \/>\n\t<meta name=\"twitter:data1\" content=\"1\u00a0Minute\" \/>\n<script type=\"application\/ld+json\" class=\"yoast-schema-graph\">{\"@context\":\"https:\\\/\\\/schema.org\",\"@graph\":[{\"@type\":\"WebPage\",\"@id\":\"https:\\\/\\\/sakumetall.rwd.ee\\\/allhanketehas\\\/de\\\/services\\\/\",\"url\":\"https:\\\/\\\/sakumetall.rwd.ee\\\/allhanketehas\\\/de\\\/services\\\/\",\"name\":\"Leistungen | Saku Metall Allhanke Tehas\",\"isPartOf\":{\"@id\":\"https:\\\/\\\/sakumetall.rwd.ee\\\/allhanketehas\\\/de\\\/#website\"},\"datePublished\":\"0206-04-25T22:00:49+00:00\",\"dateModified\":\"2018-07-12T12:40:07+00:00\",\"description\":\"Wir bieten unseren Kunden Produkte, die durch Schneiden, Biegen, Stanzen, Schwei\u00dfen, Oberfl\u00e4chenbearbeitung und Zusammenstellen von kaltgewalzten, verzinkten und rostfreiem St\u00e4hlen mit einer St\u00e4rke von bis zu 8 mm hergestellt werden k\u00f6nnen.\",\"breadcrumb\":{\"@id\":\"https:\\\/\\\/sakumetall.rwd.ee\\\/allhanketehas\\\/de\\\/services\\\/#breadcrumb\"},\"inLanguage\":\"de\",\"potentialAction\":[{\"@type\":\"ReadAction\",\"target\":[\"https:\\\/\\\/sakumetall.rwd.ee\\\/allhanketehas\\\/de\\\/services\\\/\"]}]},{\"@type\":\"BreadcrumbList\",\"@id\":\"https:\\\/\\\/sakumetall.rwd.ee\\\/allhanketehas\\\/de\\\/services\\\/#breadcrumb\",\"itemListElement\":[{\"@type\":\"ListItem\",\"position\":1,\"name\":\"Home\",\"item\":\"https:\\\/\\\/sakumetall.rwd.ee\\\/allhanketehas\\\/de\\\/\"},{\"@type\":\"ListItem\",\"position\":2,\"name\":\"Leistungen\"}]},{\"@type\":\"WebSite\",\"@id\":\"https:\\\/\\\/sakumetall.rwd.ee\\\/allhanketehas\\\/de\\\/#website\",\"url\":\"https:\\\/\\\/sakumetall.rwd.ee\\\/allhanketehas\\\/de\\\/\",\"name\":\"Saku Metall Allhanke Tehas\",\"description\":\"Informationen \u00fcber das Unternehmen\",\"potentialAction\":[{\"@type\":\"SearchAction\",\"target\":{\"@type\":\"EntryPoint\",\"urlTemplate\":\"https:\\\/\\\/sakumetall.rwd.ee\\\/allhanketehas\\\/de\\\/?s={search_term_string}\"},\"query-input\":{\"@type\":\"PropertyValueSpecification\",\"valueRequired\":true,\"valueName\":\"search_term_string\"}}],\"inLanguage\":\"de\"}]}<\/script>\n<!-- \/ Yoast SEO plugin. -->","yoast_head_json":{"title":"Leistungen | Saku Metall Allhanke Tehas","description":"Wir bieten unseren Kunden Produkte, die durch Schneiden, Biegen, Stanzen, Schwei\u00dfen, Oberfl\u00e4chenbearbeitung und Zusammenstellen von kaltgewalzten, verzinkten und rostfreiem St\u00e4hlen mit einer St\u00e4rke von bis zu 8 mm hergestellt werden k\u00f6nnen.","robots":{"index":"index","follow":"follow","max-snippet":"max-snippet:-1","max-image-preview":"max-image-preview:large","max-video-preview":"max-video-preview:-1"},"canonical":"https:\/\/sakumetall.rwd.ee\/allhanketehas\/de\/services\/","og_locale":"de_DE","og_type":"article","og_title":"Leistungen | Saku Metall Allhanke Tehas","og_description":"Wir bieten unseren Kunden Produkte, die durch Schneiden, Biegen, Stanzen, Schwei\u00dfen, Oberfl\u00e4chenbearbeitung und Zusammenstellen von kaltgewalzten, verzinkten und rostfreiem St\u00e4hlen mit einer St\u00e4rke von bis zu 8 mm hergestellt werden k\u00f6nnen.","og_url":"https:\/\/sakumetall.rwd.ee\/allhanketehas\/de\/services\/","og_site_name":"Saku Metall Allhanke Tehas","article_modified_time":"2018-07-12T12:40:07+00:00","twitter_card":"summary_large_image","twitter_misc":{"Gesch\u00e4tzte Lesezeit":"1\u00a0Minute"},"schema":{"@context":"https:\/\/schema.org","@graph":[{"@type":"WebPage","@id":"https:\/\/sakumetall.rwd.ee\/allhanketehas\/de\/services\/","url":"https:\/\/sakumetall.rwd.ee\/allhanketehas\/de\/services\/","name":"Leistungen | Saku Metall Allhanke Tehas","isPartOf":{"@id":"https:\/\/sakumetall.rwd.ee\/allhanketehas\/de\/#website"},"datePublished":"0206-04-25T22:00:49+00:00","dateModified":"2018-07-12T12:40:07+00:00","description":"Wir bieten unseren Kunden Produkte, die durch Schneiden, Biegen, Stanzen, Schwei\u00dfen, Oberfl\u00e4chenbearbeitung und Zusammenstellen von kaltgewalzten, verzinkten und rostfreiem St\u00e4hlen mit einer St\u00e4rke von bis zu 8 mm hergestellt werden k\u00f6nnen.","breadcrumb":{"@id":"https:\/\/sakumetall.rwd.ee\/allhanketehas\/de\/services\/#breadcrumb"},"inLanguage":"de","potentialAction":[{"@type":"ReadAction","target":["https:\/\/sakumetall.rwd.ee\/allhanketehas\/de\/services\/"]}]},{"@type":"BreadcrumbList","@id":"https:\/\/sakumetall.rwd.ee\/allhanketehas\/de\/services\/#breadcrumb","itemListElement":[{"@type":"ListItem","position":1,"name":"Home","item":"https:\/\/sakumetall.rwd.ee\/allhanketehas\/de\/"},{"@type":"ListItem","position":2,"name":"Leistungen"}]},{"@type":"WebSite","@id":"https:\/\/sakumetall.rwd.ee\/allhanketehas\/de\/#website","url":"https:\/\/sakumetall.rwd.ee\/allhanketehas\/de\/","name":"Saku Metall Allhanke Tehas","description":"Informationen \u00fcber das Unternehmen","potentialAction":[{"@type":"SearchAction","target":{"@type":"EntryPoint","urlTemplate":"https:\/\/sakumetall.rwd.ee\/allhanketehas\/de\/?s={search_term_string}"},"query-input":{"@type":"PropertyValueSpecification","valueRequired":true,"valueName":"search_term_string"}}],"inLanguage":"de"}]}},"_links":{"self":[{"href":"https:\/\/sakumetall.rwd.ee\/allhanketehas\/de\/wp-json\/wp\/v2\/pages\/2961","targetHints":{"allow":["GET"]}}],"collection":[{"href":"https:\/\/sakumetall.rwd.ee\/allhanketehas\/de\/wp-json\/wp\/v2\/pages"}],"about":[{"href":"https:\/\/sakumetall.rwd.ee\/allhanketehas\/de\/wp-json\/wp\/v2\/types\/page"}],"author":[{"embeddable":true,"href":"https:\/\/sakumetall.rwd.ee\/allhanketehas\/de\/wp-json\/wp\/v2\/users\/1"}],"replies":[{"embeddable":true,"href":"https:\/\/sakumetall.rwd.ee\/allhanketehas\/de\/wp-json\/wp\/v2\/comments?post=2961"}],"version-history":[{"count":7,"href":"https:\/\/sakumetall.rwd.ee\/allhanketehas\/de\/wp-json\/wp\/v2\/pages\/2961\/revisions"}],"predecessor-version":[{"id":3933,"href":"https:\/\/sakumetall.rwd.ee\/allhanketehas\/de\/wp-json\/wp\/v2\/pages\/2961\/revisions\/3933"}],"wp:attachment":[{"href":"https:\/\/sakumetall.rwd.ee\/allhanketehas\/de\/wp-json\/wp\/v2\/media?parent=2961"}],"curies":[{"name":"wp","href":"https:\/\/api.w.org\/{rel}","templated":true}]}}