{"id":2956,"date":"2016-04-26T00:00:36","date_gmt":"2016-04-25T22:00:36","guid":{"rendered":"https:\/\/sakumetall.rwd.ee\/allhanketehas\/de\/company\/"},"modified":"2026-01-20T14:46:41","modified_gmt":"2026-01-20T12:46:41","slug":"company","status":"publish","type":"page","link":"https:\/\/sakumetall.rwd.ee\/allhanketehas\/de\/company\/","title":{"rendered":"Unternehmen"},"content":{"rendered":"<h1>Unternehmen<\/h1>\n<p>&nbsp;<\/p>\n<p><span style=\"font-family: verdana, geneva, sans-serif;font-size: 12pt\">Saku Metall verf\u00fcgt \u00fcber 30 Jahre Erfahrung in der Metallverarbeitung. AS Saku Metall wurde 1991 gegr\u00fcndet, basiert zu 100 % auf estnischem Kapital und hat zwei Haupttochtergesellschaften \u2013 AS Saku Metall Uksetehas und AS Saku Metall Allhanke Tehas. Seitdem sind wir auch in Sachen Kompetenz gewachsen. 2012 wurde Saku Metall AS in zwei Tochtergesellschaften aufgeteilt \u2013 AS Saku Metall Allhanke Tehas und AS Saku Metall Uksetehas.<\/span><\/p>\n<p><span style=\"font-family: verdana, geneva, sans-serif;font-size: 12pt\">Saku Metall Allhanke Tehas AS bietet Zulieferungsdienstleistungen an und ist auf die Herstellung von Blechprodukten, haupts\u00e4chlich Baugruppen, nach Kundenzeichnung und -anforderungen spezialisiert. Da wir alle wichtigen Produktionsprozesse im eigenen Haus haben, helfen wir Herstellern, die Effizienz der Lieferkette zu steigern, indem wir Lieferzeiten und Qualit\u00e4tsrisiken reduzieren.<\/span><\/p>\n<p><span style=\"font-family: verdana, geneva, sans-serif;font-size: 12pt\">Wir sind mehr als nur ein Zulieferbetrieb f\u00fcr Blechprodukte. Unsere Produktionsprozesse umfassen Entwicklung, Schneiden, Biegen, Schwei\u00dfen, Lackieren und Montieren. Dank des Wissens und der Erfahrung unserer Ingenieure k\u00f6nnen wir sehr schnell neue Konfigurationen analysieren, \u00e4ndern und herstellen. Saku Metall Allhanke Tehas kann Blechprodukte gem\u00e4\u00df den Kundenanforderungen entwickeln, produzieren und montieren und wir sind nach den h\u00f6chsten Standards zertifiziert. Wir sind spezialisiert auf Bleche bis 8 mm, einschlie\u00dflich kaltgewalzter, verzinkter (elektro-, hei\u00dfgeschmolzener), Edelstahl- und Aluminiumverarbeitung. Wir verarbeiten jeden Monat mehr als 300 Tonnen unterschiedlicher Bleche.<\/span><\/p>\n<p><span style=\"font-family: verdana, geneva, sans-serif;font-size: 12pt\">Neben den Zertifikaten ISO 9001, ISO 14001 und ISO 45001 haben wir auch Zertifikate f\u00fcr das Schwei\u00dfen f\u00fcr die Bahnindustrie, die sehr hohe Qualit\u00e4tsanforderungen enthalten \u2013 EVS-EN ISO 3834:2006-2 und EN 15085-2 CL1.<\/span><\/p>\n<p><span style=\"font-family: verdana, geneva, sans-serif;font-size: 12pt\">Wir haben Erfahrung in der HLK-, Bahn-, Aufzugs-, Energie-, Medizin- und Verteidigungsindustrie, sind aber nicht auf die Branche beschr\u00e4nkt, wir k\u00f6nnen fast jedes Blechprodukt herstellen. Etwa 95 % unserer Produktion gehen in den Export. Unser Ziel ist es, langfristige Partnerschaften mit unseren Kunden aufzubauen. Wir bem\u00fchen uns, unseren Kunden das Gef\u00fchl zu geben, dass wir ihre eigene Fabrik au\u00dferhalb ihres eigenen Standorts sind. Ein pers\u00f6nlicher Ansatz hat es uns erm\u00f6glicht, ein wichtiger Bestandteil der Lieferkette unserer Kunden und im t\u00e4glichen Gesch\u00e4ft zu werden.<\/span><\/p>\n<p><span style=\"font-family: verdana, geneva, sans-serif;font-size: 12pt\">Uns vertrauen zum Beispiel Branchenf\u00fchrer \u2013 KONE, General Electric, Knorr-Bremse, Sanmina, Tavrida Electric, Airmaster, PTC Rail und andere.<\/span><\/p>\n<p><span style=\"font-family: verdana, geneva, sans-serif;font-size: 12pt\">Die Produktionseinheit und das B\u00fcro von Saku Metall Allhanke Tehas befinden sich in der N\u00e4he von Tallinn, der Hauptstadt Estlands. An der Stra\u00dfe P\u00f5rguv\u00e4lja, Gemeinde Rae, Karjavere.<\/span><\/p>\n<p>&nbsp;<\/p>\n<pre id=\"tw-target-text\" class=\"tw-data-text tw-text-large tw-ta\" data-placeholder=\"Translation\"><span class=\"Y2IQFc\" lang=\"de\" style=\"font-family: verdana, geneva, sans-serif;font-size: 12pt\">Siehe Firmenpr\u00e4sentation f\u00fcr mehr Details:<\/span><\/pre>\n<p><a href=\"https:\/\/sakumetall.rwd.ee\/allhanketehas\/wp-content\/uploads\/sites\/3\/2026\/01\/260120-SMAHT-Presentatsioon-.pdf\" class=\"button secondary\">Firmenpr\u00e4sentation | Saku metall allhanke tehas<\/a><\/p>\n","protected":false},"excerpt":{"rendered":"<p>Unternehmen &nbsp; Saku Metall verf\u00fcgt \u00fcber 30 Jahre Erfahrung in der Metallverarbeitung. AS Saku Metall wurde 1991 gegr\u00fcndet, basiert zu 100 % auf estnischem Kapital und hat zwei Haupttochtergesellschaften \u2013 AS Saku Metall Uksetehas und AS Saku Metall Allhanke Tehas. Seitdem sind wir auch in Sachen Kompetenz gewachsen. 2012 wurde Saku Metall AS in zwei &#8230;<\/p>\n","protected":false},"author":2,"featured_media":0,"parent":0,"menu_order":0,"comment_status":"closed","ping_status":"closed","template":"","meta":{"footnotes":""},"class_list":["post-2956","page","type-page","status-publish","hentry"],"yoast_head":"<!-- This site is optimized with the Yoast SEO plugin v27.3 - https:\/\/yoast.com\/product\/yoast-seo-wordpress\/ -->\n<title>Unternehmen\u00a0| Saku Metall Allhanke Tehas<\/title>\n<meta name=\"description\" content=\"Saku Metall Allhanke Tehas AS bietet Zulieferungsdienstleistungen an und ist auf die Herstellung von Blechprodukten, haupts\u00e4chlich Baugruppen, nach Kundenzeichnung und -anforderungen spezialisiert. Da wir alle wichtigen Produktionsprozesse im eigenen Haus haben, helfen wir Herstellern, die Effizienz der Lieferkette zu steigern, indem wir Lieferzeiten und Qualit\u00e4tsrisiken reduzieren.\" \/>\n<meta name=\"robots\" content=\"index, follow, max-snippet:-1, max-image-preview:large, max-video-preview:-1\" \/>\n<link rel=\"canonical\" href=\"https:\/\/sakumetall.rwd.ee\/allhanketehas\/de\/company\/\" \/>\n<meta property=\"og:locale\" content=\"de_DE\" \/>\n<meta property=\"og:type\" content=\"article\" \/>\n<meta property=\"og:title\" content=\"Unternehmen\u00a0| Saku Metall Allhanke Tehas\" \/>\n<meta property=\"og:description\" content=\"Saku Metall Allhanke Tehas AS bietet Zulieferungsdienstleistungen an und ist auf die Herstellung von Blechprodukten, haupts\u00e4chlich Baugruppen, nach Kundenzeichnung und -anforderungen spezialisiert. Da wir alle wichtigen Produktionsprozesse im eigenen Haus haben, helfen wir Herstellern, die Effizienz der Lieferkette zu steigern, indem wir Lieferzeiten und Qualit\u00e4tsrisiken reduzieren.\" \/>\n<meta property=\"og:url\" content=\"https:\/\/sakumetall.rwd.ee\/allhanketehas\/de\/company\/\" \/>\n<meta property=\"og:site_name\" content=\"Saku Metall Allhanke Tehas\" \/>\n<meta property=\"article:modified_time\" content=\"2026-01-20T12:46:41+00:00\" \/>\n<meta name=\"twitter:card\" content=\"summary_large_image\" \/>\n<meta name=\"twitter:label1\" content=\"Gesch\u00e4tzte Lesezeit\" \/>\n\t<meta name=\"twitter:data1\" content=\"2\u00a0Minuten\" \/>\n<script type=\"application\/ld+json\" class=\"yoast-schema-graph\">{\"@context\":\"https:\\\/\\\/schema.org\",\"@graph\":[{\"@type\":\"WebPage\",\"@id\":\"https:\\\/\\\/sakumetall.rwd.ee\\\/allhanketehas\\\/de\\\/company\\\/\",\"url\":\"https:\\\/\\\/sakumetall.rwd.ee\\\/allhanketehas\\\/de\\\/company\\\/\",\"name\":\"Unternehmen\u00a0| Saku Metall Allhanke Tehas\",\"isPartOf\":{\"@id\":\"https:\\\/\\\/sakumetall.rwd.ee\\\/allhanketehas\\\/de\\\/#website\"},\"datePublished\":\"2016-04-25T22:00:36+00:00\",\"dateModified\":\"2026-01-20T12:46:41+00:00\",\"description\":\"Saku Metall Allhanke Tehas AS bietet Zulieferungsdienstleistungen an und ist auf die Herstellung von Blechprodukten, haupts\u00e4chlich Baugruppen, nach Kundenzeichnung und -anforderungen spezialisiert. Da wir alle wichtigen Produktionsprozesse im eigenen Haus haben, helfen wir Herstellern, die Effizienz der Lieferkette zu steigern, indem wir Lieferzeiten und Qualit\u00e4tsrisiken reduzieren.\",\"breadcrumb\":{\"@id\":\"https:\\\/\\\/sakumetall.rwd.ee\\\/allhanketehas\\\/de\\\/company\\\/#breadcrumb\"},\"inLanguage\":\"de\",\"potentialAction\":[{\"@type\":\"ReadAction\",\"target\":[\"https:\\\/\\\/sakumetall.rwd.ee\\\/allhanketehas\\\/de\\\/company\\\/\"]}]},{\"@type\":\"BreadcrumbList\",\"@id\":\"https:\\\/\\\/sakumetall.rwd.ee\\\/allhanketehas\\\/de\\\/company\\\/#breadcrumb\",\"itemListElement\":[{\"@type\":\"ListItem\",\"position\":1,\"name\":\"Home\",\"item\":\"https:\\\/\\\/sakumetall.rwd.ee\\\/allhanketehas\\\/de\\\/\"},{\"@type\":\"ListItem\",\"position\":2,\"name\":\"Unternehmen\"}]},{\"@type\":\"WebSite\",\"@id\":\"https:\\\/\\\/sakumetall.rwd.ee\\\/allhanketehas\\\/de\\\/#website\",\"url\":\"https:\\\/\\\/sakumetall.rwd.ee\\\/allhanketehas\\\/de\\\/\",\"name\":\"Saku Metall Allhanke Tehas\",\"description\":\"Informationen \u00fcber das Unternehmen\",\"potentialAction\":[{\"@type\":\"SearchAction\",\"target\":{\"@type\":\"EntryPoint\",\"urlTemplate\":\"https:\\\/\\\/sakumetall.rwd.ee\\\/allhanketehas\\\/de\\\/?s={search_term_string}\"},\"query-input\":{\"@type\":\"PropertyValueSpecification\",\"valueRequired\":true,\"valueName\":\"search_term_string\"}}],\"inLanguage\":\"de\"}]}<\/script>\n<!-- \/ Yoast SEO plugin. -->","yoast_head_json":{"title":"Unternehmen\u00a0| Saku Metall Allhanke Tehas","description":"Saku Metall Allhanke Tehas AS bietet Zulieferungsdienstleistungen an und ist auf die Herstellung von Blechprodukten, haupts\u00e4chlich Baugruppen, nach Kundenzeichnung und -anforderungen spezialisiert. Da wir alle wichtigen Produktionsprozesse im eigenen Haus haben, helfen wir Herstellern, die Effizienz der Lieferkette zu steigern, indem wir Lieferzeiten und Qualit\u00e4tsrisiken reduzieren.","robots":{"index":"index","follow":"follow","max-snippet":"max-snippet:-1","max-image-preview":"max-image-preview:large","max-video-preview":"max-video-preview:-1"},"canonical":"https:\/\/sakumetall.rwd.ee\/allhanketehas\/de\/company\/","og_locale":"de_DE","og_type":"article","og_title":"Unternehmen\u00a0| Saku Metall Allhanke Tehas","og_description":"Saku Metall Allhanke Tehas AS bietet Zulieferungsdienstleistungen an und ist auf die Herstellung von Blechprodukten, haupts\u00e4chlich Baugruppen, nach Kundenzeichnung und -anforderungen spezialisiert. Da wir alle wichtigen Produktionsprozesse im eigenen Haus haben, helfen wir Herstellern, die Effizienz der Lieferkette zu steigern, indem wir Lieferzeiten und Qualit\u00e4tsrisiken reduzieren.","og_url":"https:\/\/sakumetall.rwd.ee\/allhanketehas\/de\/company\/","og_site_name":"Saku Metall Allhanke Tehas","article_modified_time":"2026-01-20T12:46:41+00:00","twitter_card":"summary_large_image","twitter_misc":{"Gesch\u00e4tzte Lesezeit":"2\u00a0Minuten"},"schema":{"@context":"https:\/\/schema.org","@graph":[{"@type":"WebPage","@id":"https:\/\/sakumetall.rwd.ee\/allhanketehas\/de\/company\/","url":"https:\/\/sakumetall.rwd.ee\/allhanketehas\/de\/company\/","name":"Unternehmen\u00a0| Saku Metall Allhanke Tehas","isPartOf":{"@id":"https:\/\/sakumetall.rwd.ee\/allhanketehas\/de\/#website"},"datePublished":"2016-04-25T22:00:36+00:00","dateModified":"2026-01-20T12:46:41+00:00","description":"Saku Metall Allhanke Tehas AS bietet Zulieferungsdienstleistungen an und ist auf die Herstellung von Blechprodukten, haupts\u00e4chlich Baugruppen, nach Kundenzeichnung und -anforderungen spezialisiert. Da wir alle wichtigen Produktionsprozesse im eigenen Haus haben, helfen wir Herstellern, die Effizienz der Lieferkette zu steigern, indem wir Lieferzeiten und Qualit\u00e4tsrisiken reduzieren.","breadcrumb":{"@id":"https:\/\/sakumetall.rwd.ee\/allhanketehas\/de\/company\/#breadcrumb"},"inLanguage":"de","potentialAction":[{"@type":"ReadAction","target":["https:\/\/sakumetall.rwd.ee\/allhanketehas\/de\/company\/"]}]},{"@type":"BreadcrumbList","@id":"https:\/\/sakumetall.rwd.ee\/allhanketehas\/de\/company\/#breadcrumb","itemListElement":[{"@type":"ListItem","position":1,"name":"Home","item":"https:\/\/sakumetall.rwd.ee\/allhanketehas\/de\/"},{"@type":"ListItem","position":2,"name":"Unternehmen"}]},{"@type":"WebSite","@id":"https:\/\/sakumetall.rwd.ee\/allhanketehas\/de\/#website","url":"https:\/\/sakumetall.rwd.ee\/allhanketehas\/de\/","name":"Saku Metall Allhanke Tehas","description":"Informationen \u00fcber das Unternehmen","potentialAction":[{"@type":"SearchAction","target":{"@type":"EntryPoint","urlTemplate":"https:\/\/sakumetall.rwd.ee\/allhanketehas\/de\/?s={search_term_string}"},"query-input":{"@type":"PropertyValueSpecification","valueRequired":true,"valueName":"search_term_string"}}],"inLanguage":"de"}]}},"_links":{"self":[{"href":"https:\/\/sakumetall.rwd.ee\/allhanketehas\/de\/wp-json\/wp\/v2\/pages\/2956","targetHints":{"allow":["GET"]}}],"collection":[{"href":"https:\/\/sakumetall.rwd.ee\/allhanketehas\/de\/wp-json\/wp\/v2\/pages"}],"about":[{"href":"https:\/\/sakumetall.rwd.ee\/allhanketehas\/de\/wp-json\/wp\/v2\/types\/page"}],"author":[{"embeddable":true,"href":"https:\/\/sakumetall.rwd.ee\/allhanketehas\/de\/wp-json\/wp\/v2\/users\/2"}],"replies":[{"embeddable":true,"href":"https:\/\/sakumetall.rwd.ee\/allhanketehas\/de\/wp-json\/wp\/v2\/comments?post=2956"}],"version-history":[{"count":14,"href":"https:\/\/sakumetall.rwd.ee\/allhanketehas\/de\/wp-json\/wp\/v2\/pages\/2956\/revisions"}],"predecessor-version":[{"id":6038,"href":"https:\/\/sakumetall.rwd.ee\/allhanketehas\/de\/wp-json\/wp\/v2\/pages\/2956\/revisions\/6038"}],"wp:attachment":[{"href":"https:\/\/sakumetall.rwd.ee\/allhanketehas\/de\/wp-json\/wp\/v2\/media?parent=2956"}],"curies":[{"name":"wp","href":"https:\/\/api.w.org\/{rel}","templated":true}]}}